{"id":3516,"date":"2023-10-01T17:06:13","date_gmt":"2023-10-01T15:06:13","guid":{"rendered":"https:\/\/veganova.eu\/?post_type=product&#038;p=3516"},"modified":"2026-04-21T07:24:10","modified_gmt":"2026-04-21T05:24:10","slug":"now-foods-kelp-150mcg-200-tab","status":"publish","type":"product","link":"https:\/\/veganova.eu\/ro\/shop\/now-foods-kelp-150mcg-200-tab\/","title":{"rendered":"NOW Foods Kelp, 150mcg (200 tab)"},"content":{"rendered":"<h3>NOW Foods Kelp<\/h3>\n<ul>\n<li>Sus\u021bine func\u021bia tiroidian\u0103 s\u0103n\u0103toas\u0103<\/li>\n<li>Kelp este o alg\u0103 mare cu frunze apar\u021bin\u00e2nd familiei algelor brune, care cre\u0219te \u00een p\u0103duri \u00een apele mai reci ale oceanelor lumii.<\/li>\n<li>Kelp a fost folosit timp de secole ca aliment de baz\u0103 \u00een buc\u0103t\u0103ria chinez\u0103, japonez\u0103 \u0219i coreean\u0103.<\/li>\n<li>Este, de asemenea, o surs\u0103 excelent\u0103 de iod, care s-a dovedit a fi esen\u021bial pentru o func\u021bie tiroidian\u0103 s\u0103n\u0103toas\u0103. glande.<\/li>\n<\/ul>","protected":false},"excerpt":{"rendered":"<p>NOW Foods Kelp Vegan nutrition Supplement, 150mcg, is suitable for thyroid health. The package contains: 200 tablets. Gluten-free, GMO-free.<\/p>","protected":false},"featured_media":51760,"comment_status":"closed","ping_status":"closed","template":"","meta":{"advanced_seo_description":"","jetpack_seo_html_title":"","jetpack_seo_noindex":false},"pwb-brand":[173],"product_brand":[4580],"product_cat":[149,2594],"product_tag":[1056,1117,1057],"class_list":{"0":"post-3516","1":"product","2":"type-product","3":"status-publish","4":"has-post-thumbnail","6":"pwb-brand-now-foods","7":"product_brand-now-foods","8":"product_cat-superfoods","9":"product_cat-thyroid","10":"product_tag-hormonal-system","11":"product_tag-immunity","12":"product_tag-thyroid-gland","13":"brand_woo-now-foods","15":"first","16":"instock","17":"taxable","18":"shipping-taxable","19":"purchasable","20":"product-type-simple"},"jetpack_sharing_enabled":true,"brands":[{"id":173,"name":"NOW Foods","slug":"now-foods"}],"_links":{"self":[{"href":"https:\/\/veganova.eu\/ro\/wp-json\/wp\/v2\/product\/3516","targetHints":{"allow":["GET"]}}],"collection":[{"href":"https:\/\/veganova.eu\/ro\/wp-json\/wp\/v2\/product"}],"about":[{"href":"https:\/\/veganova.eu\/ro\/wp-json\/wp\/v2\/types\/product"}],"replies":[{"embeddable":true,"href":"https:\/\/veganova.eu\/ro\/wp-json\/wp\/v2\/comments?post=3516"}],"version-history":[{"count":1,"href":"https:\/\/veganova.eu\/ro\/wp-json\/wp\/v2\/product\/3516\/revisions"}],"predecessor-version":[{"id":57933,"href":"https:\/\/veganova.eu\/ro\/wp-json\/wp\/v2\/product\/3516\/revisions\/57933"}],"wp:featuredmedia":[{"embeddable":true,"href":"https:\/\/veganova.eu\/ro\/wp-json\/wp\/v2\/media\/51760"}],"wp:attachment":[{"href":"https:\/\/veganova.eu\/ro\/wp-json\/wp\/v2\/media?parent=3516"}],"wp:term":[{"taxonomy":"pwb-brand","embeddable":true,"href":"https:\/\/veganova.eu\/ro\/wp-json\/wp\/v2\/pwb-brand?post=3516"},{"taxonomy":"product_brand","embeddable":true,"href":"https:\/\/veganova.eu\/ro\/wp-json\/wp\/v2\/product_brand?post=3516"},{"taxonomy":"product_cat","embeddable":true,"href":"https:\/\/veganova.eu\/ro\/wp-json\/wp\/v2\/product_cat?post=3516"},{"taxonomy":"product_tag","embeddable":true,"href":"https:\/\/veganova.eu\/ro\/wp-json\/wp\/v2\/product_tag?post=3516"}],"curies":[{"name":"wp","href":"https:\/\/api.w.org\/{rel}","templated":true}]}}