{"id":3547,"date":"2023-10-01T17:06:28","date_gmt":"2023-10-01T15:06:28","guid":{"rendered":"https:\/\/veganova.eu\/?post_type=product&#038;p=3547"},"modified":"2026-04-21T07:24:12","modified_gmt":"2026-04-21T05:24:12","slug":"now-foods-l-theanine-with-inositol-200mg-120-kaps","status":"publish","type":"product","link":"https:\/\/veganova.eu\/ro\/shop\/now-foods-l-theanine-with-inositol-200mg-120-kaps\/","title":{"rendered":"NOW Foods L-teanin\u0103 cu inozitol, 200mg (120 caps)"},"content":{"rendered":"<h3>NOW Foods L-teanin\u0103 cu inozitol<\/h3>\n<ul>\n<li>Putere dubl\u0103<\/li>\n<li>Sus\u021bine func\u021bia cardiovascular\u0103<\/li>\n<li>Promoveaz\u0103 relaxarea<\/li>\n<li>L-teanina este un aminoacid care se g\u0103se\u0219te \u00een mod natural \u00een ceaiul verde.<\/li>\n<li>L-teanina promoveaz\u0103 relaxarea f\u0103r\u0103 somnolen\u021b\u0103 sau efecte secundare negative asociate cu alte sedative.<\/li>\n<li>L-teanina sus\u021bine, de asemenea, o func\u021bie cardiovascular\u0103 s\u0103n\u0103toas\u0103 prin acest efect relaxant.<\/li>\n<li>Aceast\u0103 formul\u0103 con\u021bine, de asemenea, inozitol, un membru al grupului de vitamine B, care este esen\u021bial pentru s\u0103n\u0103tatea creierului \u0219i a sistemului nervos.<\/li>\n<\/ul>","protected":false},"excerpt":{"rendered":"<p>Vegan nutritional supplement NOW Foods L-Theanine with Inositol, 200mg, is ideal for supporting vascular health. The package contains: 120 capsules. Gluten-free, GMO-free.<\/p>","protected":false},"featured_media":51584,"comment_status":"closed","ping_status":"closed","template":"","meta":{"advanced_seo_description":"","jetpack_seo_html_title":"","jetpack_seo_noindex":false},"pwb-brand":[173],"product_brand":[4580],"product_cat":[174,132],"product_tag":[1042,1079],"class_list":{"0":"post-3547","1":"product","2":"type-product","3":"status-publish","4":"has-post-thumbnail","6":"pwb-brand-now-foods","7":"product_brand-now-foods","8":"product_cat-amino-acids","9":"product_cat-sports-nutrition","10":"product_tag-healthy-blood-vessels","11":"product_tag-relaxation","12":"brand_woo-now-foods","14":"first","15":"instock","16":"taxable","17":"shipping-taxable","18":"purchasable","19":"product-type-simple"},"jetpack_sharing_enabled":true,"brands":[{"id":173,"name":"NOW Foods","slug":"now-foods"}],"_links":{"self":[{"href":"https:\/\/veganova.eu\/ro\/wp-json\/wp\/v2\/product\/3547","targetHints":{"allow":["GET"]}}],"collection":[{"href":"https:\/\/veganova.eu\/ro\/wp-json\/wp\/v2\/product"}],"about":[{"href":"https:\/\/veganova.eu\/ro\/wp-json\/wp\/v2\/types\/product"}],"replies":[{"embeddable":true,"href":"https:\/\/veganova.eu\/ro\/wp-json\/wp\/v2\/comments?post=3547"}],"version-history":[{"count":1,"href":"https:\/\/veganova.eu\/ro\/wp-json\/wp\/v2\/product\/3547\/revisions"}],"predecessor-version":[{"id":57964,"href":"https:\/\/veganova.eu\/ro\/wp-json\/wp\/v2\/product\/3547\/revisions\/57964"}],"wp:featuredmedia":[{"embeddable":true,"href":"https:\/\/veganova.eu\/ro\/wp-json\/wp\/v2\/media\/51584"}],"wp:attachment":[{"href":"https:\/\/veganova.eu\/ro\/wp-json\/wp\/v2\/media?parent=3547"}],"wp:term":[{"taxonomy":"pwb-brand","embeddable":true,"href":"https:\/\/veganova.eu\/ro\/wp-json\/wp\/v2\/pwb-brand?post=3547"},{"taxonomy":"product_brand","embeddable":true,"href":"https:\/\/veganova.eu\/ro\/wp-json\/wp\/v2\/product_brand?post=3547"},{"taxonomy":"product_cat","embeddable":true,"href":"https:\/\/veganova.eu\/ro\/wp-json\/wp\/v2\/product_cat?post=3547"},{"taxonomy":"product_tag","embeddable":true,"href":"https:\/\/veganova.eu\/ro\/wp-json\/wp\/v2\/product_tag?post=3547"}],"curies":[{"name":"wp","href":"https:\/\/api.w.org\/{rel}","templated":true}]}}