{"id":3765,"date":"2023-10-01T17:08:03","date_gmt":"2023-10-01T15:08:03","guid":{"rendered":"https:\/\/veganova.eu\/?post_type=product&#038;p=3765"},"modified":"2026-04-21T07:24:27","modified_gmt":"2026-04-21T05:24:27","slug":"osavi-methylfolate-methyl-b12-60-vegan-kaps","status":"publish","type":"product","link":"https:\/\/veganova.eu\/ro\/shop\/osavi-methylfolate-methyl-b12-60-vegan-kaps\/","title":{"rendered":"Osavi MethylFolate &amp; Methyl-B12 (60 capsule vegane)"},"content":{"rendered":"<h3>Osavi MethylFolate &amp; Methyl-B12<\/h3>\n<ul>\n<li>Con\u021bine forme active (metilate) de acid folic \u0219i vitamina B12.<\/li>\n<li>Form\u0103 de acid folic patentat\u0103, de a patra genera\u021bie, foarte absorbabil\u0103.<\/li>\n<li>Quatrefolic.<\/li>\n<li>Cu vitamina B6 \u00een forma activ\u0103 a coenzimei P-5-P pentru un efect optim.<\/li>\n<li>\u00cen special pentru persoanele cu muta\u021bia genetic\u0103 MTHFR, care determin\u0103 un nivel sc\u0103zut de acid folic \u0219i un nivel ridicat de homocistein\u0103.<\/li>\n<li>Etichet\u0103 curat\u0103.<\/li>\n<li>F\u0103r\u0103 ingrediente inutile.<\/li>\n<li>Potrivit pentru vegetarieni \u0219i vegani.<\/li>\n<li>V capsule mici care sunt u\u0219or de \u00eenghi\u021bit.<\/li>\n<li>Ambalaje fabricate din BioPET (30% din plastic provine din trestie de zah\u0103r).<\/li>\n<\/ul>","protected":false},"excerpt":{"rendered":"<p>Vegan nutritional supplement containing vitamin B12 in its purest form Osavi MethylFolate &amp; Methyl-B12. Clean label: gluten-free, sugar-free, soy-free, GMO-free. The package contains: 60 vegan capsules.<\/p>","protected":false},"featured_media":53455,"comment_status":"closed","ping_status":"closed","template":"","meta":{"advanced_seo_description":"","jetpack_seo_html_title":"","jetpack_seo_noindex":false},"pwb-brand":[379],"product_brand":[4700],"product_cat":[153,152],"product_tag":[860,1155,1094],"class_list":{"0":"post-3765","1":"product","2":"type-product","3":"status-publish","4":"has-post-thumbnail","6":"pwb-brand-osavi","7":"product_brand-osavi","8":"product_cat-vitamins","9":"product_cat-vitamins-and-minerals","10":"product_tag-energy","11":"product_tag-inflammation","12":"product_tag-metabolism","13":"brand_woo-osavi","15":"first","16":"instock","17":"taxable","18":"shipping-taxable","19":"purchasable","20":"product-type-simple"},"jetpack_sharing_enabled":true,"brands":[{"id":379,"name":"Osavi","slug":"osavi"}],"_links":{"self":[{"href":"https:\/\/veganova.eu\/ro\/wp-json\/wp\/v2\/product\/3765","targetHints":{"allow":["GET"]}}],"collection":[{"href":"https:\/\/veganova.eu\/ro\/wp-json\/wp\/v2\/product"}],"about":[{"href":"https:\/\/veganova.eu\/ro\/wp-json\/wp\/v2\/types\/product"}],"replies":[{"embeddable":true,"href":"https:\/\/veganova.eu\/ro\/wp-json\/wp\/v2\/comments?post=3765"}],"version-history":[{"count":1,"href":"https:\/\/veganova.eu\/ro\/wp-json\/wp\/v2\/product\/3765\/revisions"}],"predecessor-version":[{"id":58151,"href":"https:\/\/veganova.eu\/ro\/wp-json\/wp\/v2\/product\/3765\/revisions\/58151"}],"wp:featuredmedia":[{"embeddable":true,"href":"https:\/\/veganova.eu\/ro\/wp-json\/wp\/v2\/media\/53455"}],"wp:attachment":[{"href":"https:\/\/veganova.eu\/ro\/wp-json\/wp\/v2\/media?parent=3765"}],"wp:term":[{"taxonomy":"pwb-brand","embeddable":true,"href":"https:\/\/veganova.eu\/ro\/wp-json\/wp\/v2\/pwb-brand?post=3765"},{"taxonomy":"product_brand","embeddable":true,"href":"https:\/\/veganova.eu\/ro\/wp-json\/wp\/v2\/product_brand?post=3765"},{"taxonomy":"product_cat","embeddable":true,"href":"https:\/\/veganova.eu\/ro\/wp-json\/wp\/v2\/product_cat?post=3765"},{"taxonomy":"product_tag","embeddable":true,"href":"https:\/\/veganova.eu\/ro\/wp-json\/wp\/v2\/product_tag?post=3765"}],"curies":[{"name":"wp","href":"https:\/\/api.w.org\/{rel}","templated":true}]}}