{"id":3812,"date":"2023-10-01T17:08:25","date_gmt":"2023-10-01T15:08:25","guid":{"rendered":"https:\/\/veganova.eu\/?post_type=product&#038;p=3812"},"modified":"2026-04-21T07:24:30","modified_gmt":"2026-04-21T05:24:30","slug":"revive-daily-greens-180-kaps","status":"publish","type":"product","link":"https:\/\/veganova.eu\/ro\/shop\/revive-daily-greens-180-kaps\/","title":{"rendered":"Revive Daily Greens (180 capsule)"},"content":{"rendered":"<h3>Revive Daily Greens<\/h3>\n<ul>\n<li>Formula Daily Greens ofer\u0103 o gam\u0103 larg\u0103 de nutrien\u021bi benefici din fructe de p\u0103dure, fructe \u0219i legume pentru a sus\u021bine o diet\u0103 s\u0103n\u0103toas\u0103 \u0219i echilibrat\u0103.<\/li>\n<li>Fiecare capsul\u0103 con\u021bine un amestec de \"superalimente\" bogate \u00een antioxidan\u021bi \u0219i nutrien\u021bi puternici din plante care ajut\u0103 la reducerea inflama\u021biei \u0219i la cre\u0219terea nivelului de energie.<\/li>\n<li>Aceast\u0103 formul\u0103 complet\u0103 ajut\u0103 la sus\u021binerea activit\u0103\u021bii antioxidante \u0219i poate ajuta la protejarea organismului de stresul celular.<\/li>\n<li>Daily Greens a fost creat pentru persoanele cu o diet\u0103 s\u0103rac\u0103 \u00een fructe \u0219i legume. Cu alte cuvinte, dac\u0103 aportul dvs. zilnic de fructe \u0219i legume este mai mic dec\u00e2t cantitatea recomandat\u0103, atunci acest supliment este pentru dvs.<\/li>\n<li>Utilizarea zilnic\u0103 a acestei compozi\u021bii naturale poate ajuta la \u00eembun\u0103t\u0103\u021birea activit\u0103\u021bii antioxidante, sus\u021bine procesele naturale de detoxifiere \u0219i serve\u0219te, de asemenea, ca un amestec ORAC ridicat (capacitatea de absorb\u021bie a radicalilor de oxigen).<\/li>\n<li>Capsulele Daily Greens sunt f\u0103r\u0103 gluten \u0219i f\u0103r\u0103 lactate.<\/li>\n<\/ul>","protected":false},"excerpt":{"rendered":"<p>Suplimentul nutritiv vegan Revive Daily Greens este potrivit pentru utilizarea \u0219i absorb\u021bia maxim\u0103 a substan\u021belor s\u0103n\u0103toase din fructe \u0219i legume. Are efecte antioxidante \u0219i antiinflamatorii. Pachetul con\u021bine: 180 de capsule. F\u0103r\u0103 gluten.<\/p>","protected":false},"featured_media":53419,"comment_status":"closed","ping_status":"closed","template":"","meta":{"advanced_seo_description":"","jetpack_seo_html_title":"","jetpack_seo_noindex":false},"pwb-brand":[406],"product_brand":[4719],"product_cat":[149],"product_tag":[1414,1037,1067,1117,1380,1153],"class_list":{"0":"post-3812","1":"product","2":"type-product","3":"status-publish","4":"has-post-thumbnail","6":"pwb-brand-revive","7":"product_brand-revive","8":"product_cat-superfoods","9":"product_tag-antioxidants","10":"product_tag-detox","11":"product_tag-digestion","12":"product_tag-immunity","13":"product_tag-oxidative-stress","14":"product_tag-vessels","15":"brand_woo-revive","17":"first","18":"instock","19":"sale","20":"taxable","21":"shipping-taxable","22":"purchasable","23":"product-type-simple"},"jetpack_sharing_enabled":true,"brands":[{"id":406,"name":"Rena\u0219tere","slug":"revive"}],"_links":{"self":[{"href":"https:\/\/veganova.eu\/ro\/wp-json\/wp\/v2\/product\/3812","targetHints":{"allow":["GET"]}}],"collection":[{"href":"https:\/\/veganova.eu\/ro\/wp-json\/wp\/v2\/product"}],"about":[{"href":"https:\/\/veganova.eu\/ro\/wp-json\/wp\/v2\/types\/product"}],"replies":[{"embeddable":true,"href":"https:\/\/veganova.eu\/ro\/wp-json\/wp\/v2\/comments?post=3812"}],"version-history":[{"count":1,"href":"https:\/\/veganova.eu\/ro\/wp-json\/wp\/v2\/product\/3812\/revisions"}],"predecessor-version":[{"id":58185,"href":"https:\/\/veganova.eu\/ro\/wp-json\/wp\/v2\/product\/3812\/revisions\/58185"}],"wp:featuredmedia":[{"embeddable":true,"href":"https:\/\/veganova.eu\/ro\/wp-json\/wp\/v2\/media\/53419"}],"wp:attachment":[{"href":"https:\/\/veganova.eu\/ro\/wp-json\/wp\/v2\/media?parent=3812"}],"wp:term":[{"taxonomy":"pwb-brand","embeddable":true,"href":"https:\/\/veganova.eu\/ro\/wp-json\/wp\/v2\/pwb-brand?post=3812"},{"taxonomy":"product_brand","embeddable":true,"href":"https:\/\/veganova.eu\/ro\/wp-json\/wp\/v2\/product_brand?post=3812"},{"taxonomy":"product_cat","embeddable":true,"href":"https:\/\/veganova.eu\/ro\/wp-json\/wp\/v2\/product_cat?post=3812"},{"taxonomy":"product_tag","embeddable":true,"href":"https:\/\/veganova.eu\/ro\/wp-json\/wp\/v2\/product_tag?post=3812"}],"curies":[{"name":"wp","href":"https:\/\/api.w.org\/{rel}","templated":true}]}}