{"id":3817,"date":"2023-10-01T17:08:26","date_gmt":"2023-10-01T15:08:26","guid":{"rendered":"https:\/\/veganova.eu\/?post_type=product&#038;p=3817"},"modified":"2026-04-21T07:24:31","modified_gmt":"2026-04-21T05:24:31","slug":"revive-glucose-180-kaps","status":"publish","type":"product","link":"https:\/\/veganova.eu\/ro\/shop\/revive-glucose-180-kaps\/","title":{"rendered":"Revive Glucose (180 caps)"},"content":{"rendered":"<h3>Revigora\u021bi glucoza<\/h3>\n<ul>\n<li>Revive MD's Glucose este o formul\u0103 de eliminare a glucozei dozat\u0103 eficient, realizat\u0103 cu Berberine ca ingredient principal al produsului nostru.<\/li>\n<li>Agen\u021bii de eliminare a glucozei (GDA) sunt o tendin\u021b\u0103 popular\u0103 \u00een fitness \u0219i wellness.<\/li>\n<li>Berberina, principalul ingredient activ din aceast\u0103 formul\u0103, a fost testat\u0103 \u00een multe studii clinice \u0219i este baza medicinei tradi\u021bionale chineze.<\/li>\n<li>Utilizarea zilnic\u0103 ajut\u0103 la men\u021binerea unor niveluri s\u0103n\u0103toase de glucoz\u0103 , \u00een special dup\u0103 mese, c\u00e2nd pot ap\u0103rea fluctua\u021bii ale glucozei.<\/li>\n<li>Este deosebit de benefic pentru sportivii de agrement sau de nivel \u00eenalt care urmeaz\u0103 o diet\u0103 bogat\u0103 \u00een carbohidra\u021bi sau pentru cei care doresc s\u0103 \u00eembun\u0103t\u0103\u021beasc\u0103 nivelurile de performan\u021b\u0103 prin sus\u021binerea absorb\u021biei glucozei \u00een mu\u0219chii scheletici.<\/li>\n<li>GDA corect dozat \u0219i formulat este excelent pentru sus\u021binerea metabolismului s\u0103n\u0103tos al glucozei.<\/li>\n<\/ul>","protected":false},"excerpt":{"rendered":"<p>Supliment alimentar vegan Revive Glucose potrivit pentru un nivel s\u0103n\u0103tos al glucozei. Pachetul con\u021bine: 180 de capsule. F\u0103r\u0103 gluten.<\/p>","protected":false},"featured_media":53412,"comment_status":"closed","ping_status":"closed","template":"","meta":{"advanced_seo_description":"","jetpack_seo_html_title":"","jetpack_seo_noindex":false},"pwb-brand":[406],"product_brand":[4719],"product_cat":[225,132],"product_tag":[1171,1204,1059],"class_list":{"0":"post-3817","1":"product","2":"type-product","3":"status-publish","4":"has-post-thumbnail","6":"pwb-brand-revive","7":"product_brand-revive","8":"product_cat-carbohydrates","9":"product_cat-sports-nutrition","10":"product_tag-carbs-metabolism","11":"product_tag-healthy-blood-sugar","12":"product_tag-healthy-metabolism","13":"brand_woo-revive","15":"first","16":"instock","17":"sale","18":"taxable","19":"shipping-taxable","20":"purchasable","21":"product-type-simple"},"jetpack_sharing_enabled":true,"brands":[{"id":406,"name":"Rena\u0219tere","slug":"revive"}],"_links":{"self":[{"href":"https:\/\/veganova.eu\/ro\/wp-json\/wp\/v2\/product\/3817","targetHints":{"allow":["GET"]}}],"collection":[{"href":"https:\/\/veganova.eu\/ro\/wp-json\/wp\/v2\/product"}],"about":[{"href":"https:\/\/veganova.eu\/ro\/wp-json\/wp\/v2\/types\/product"}],"replies":[{"embeddable":true,"href":"https:\/\/veganova.eu\/ro\/wp-json\/wp\/v2\/comments?post=3817"}],"version-history":[{"count":1,"href":"https:\/\/veganova.eu\/ro\/wp-json\/wp\/v2\/product\/3817\/revisions"}],"predecessor-version":[{"id":58190,"href":"https:\/\/veganova.eu\/ro\/wp-json\/wp\/v2\/product\/3817\/revisions\/58190"}],"wp:featuredmedia":[{"embeddable":true,"href":"https:\/\/veganova.eu\/ro\/wp-json\/wp\/v2\/media\/53412"}],"wp:attachment":[{"href":"https:\/\/veganova.eu\/ro\/wp-json\/wp\/v2\/media?parent=3817"}],"wp:term":[{"taxonomy":"pwb-brand","embeddable":true,"href":"https:\/\/veganova.eu\/ro\/wp-json\/wp\/v2\/pwb-brand?post=3817"},{"taxonomy":"product_brand","embeddable":true,"href":"https:\/\/veganova.eu\/ro\/wp-json\/wp\/v2\/product_brand?post=3817"},{"taxonomy":"product_cat","embeddable":true,"href":"https:\/\/veganova.eu\/ro\/wp-json\/wp\/v2\/product_cat?post=3817"},{"taxonomy":"product_tag","embeddable":true,"href":"https:\/\/veganova.eu\/ro\/wp-json\/wp\/v2\/product_tag?post=3817"}],"curies":[{"name":"wp","href":"https:\/\/api.w.org\/{rel}","templated":true}]}}