{"id":47779,"date":"2024-09-15T12:28:50","date_gmt":"2024-09-15T10:28:50","guid":{"rendered":"https:\/\/veganova.eu\/?post_type=product&#038;p=47779"},"modified":"2026-04-21T07:25:55","modified_gmt":"2026-04-21T05:25:55","slug":"trained-by-jp-cream-of-rice-chocolate-hazelnut-spread-2000g","status":"publish","type":"product","link":"https:\/\/veganova.eu\/ro\/shop\/trained-by-jp-cream-of-rice-chocolate-hazelnut-spread-2000g\/","title":{"rendered":"Trained by JP Crem\u0103 de orez, crem\u0103 de ciocolat\u0103 cu alune - 2000g"},"content":{"rendered":"<h3>Trained by JP Crem\u0103 de orez, crem\u0103 de ciocolat\u0103 cu alune - 2000g<\/h3>\n<p>De ce crem\u0103 de orez?<\/p>\n<p>\u00cen timpul preg\u0103tirii, \u00een afara sezonului sau \u00een orice faz\u0103 de antrenament, consumul de produse cu arome gustoase, \u00een loc de orez mai plictisitor, v\u0103 poate ajuta s\u0103 v\u0103 men\u021bine\u021bi pe drumul cel bun \u00een ceea ce prive\u0219te dieta, deoarece se va sim\u021bi adesea ca un r\u0103sf\u0103\u021b, dar este perfect u\u0219or s\u0103 v\u0103 \u00eencadra\u021bi \u00een necesarul de carbohidra\u021bi pentru acea zi.<\/p>\n<p>\u00cen timpul unui offseason, c\u00e2nd alimentele pot fi mai mari, digestia poate deveni adesea pu\u021bin mai dificil\u0103, iar \u00een aceast\u0103 faz\u0103, av\u00e2nd o varietate de arome care se diger\u0103 \u00eentotdeauna perfect , v\u0103 va permite s\u0103 v\u0103 p\u0103stra\u021bi apetitul \u0219i progresul \u00een continuare<\/p>\n<p>JP se concentreaz\u0103 foarte mult pe digestie, ating\u00e2nd greut\u0103\u021bi corporale \u0219i aporturi calorice uria\u0219e, prin urmare, orice facem, este \u00eencercat \u0219i testat de el, pentru a se asigura c\u0103 nu exist\u0103 prea mult \u00eendulcitor, c\u0103 aromele nu sunt prea puternice - toate lucrurile care sunt importante atunci c\u00e2nd tr\u0103ie\u0219ti \u0219i respiri culturism.<\/p>\n<p>2kg COR este disponibil \u00een 13 arome delicioase pentru a v\u0103 men\u021bine papilele gustative fericite!<\/p>\n<ul>\n<li>Carbohidra\u021bi cu ac\u021biune rapid\u0103<\/li>\n<li>Gust incredibil<\/li>\n<li>U\u0219or de amestecat<\/li>\n<li>Perfect digerat<\/li>\n<li>2KG este 80x por\u021bii de 25g<\/li>\n<\/ul>","protected":false},"excerpt":{"rendered":"<p>Power fitness breakfast Trained by JP Cream of Rice, flavor: Chocolate Hazelnut Spread. Content: 2000g. Certification: vegan, vegetarian, gluten free.<\/p>","protected":false},"featured_media":47529,"comment_status":"closed","ping_status":"closed","template":"","meta":{"advanced_seo_description":"","jetpack_seo_html_title":"","jetpack_seo_noindex":false},"pwb-brand":[2217],"product_brand":[4954],"product_cat":[225,132],"product_tag":[],"class_list":{"0":"post-47779","1":"product","2":"type-product","3":"status-publish","4":"has-post-thumbnail","6":"pwb-brand-trained-by-jp","7":"product_brand-trained-by-jp","8":"product_cat-carbohydrates","9":"product_cat-sports-nutrition","10":"brand_woo-trained-by-jp","12":"first","13":"instock","14":"taxable","15":"shipping-taxable","16":"purchasable","17":"product-type-simple"},"jetpack_sharing_enabled":true,"brands":[{"id":2217,"name":"Antrenat de JP","slug":"trained-by-jp"}],"_links":{"self":[{"href":"https:\/\/veganova.eu\/ro\/wp-json\/wp\/v2\/product\/47779","targetHints":{"allow":["GET"]}}],"collection":[{"href":"https:\/\/veganova.eu\/ro\/wp-json\/wp\/v2\/product"}],"about":[{"href":"https:\/\/veganova.eu\/ro\/wp-json\/wp\/v2\/types\/product"}],"replies":[{"embeddable":true,"href":"https:\/\/veganova.eu\/ro\/wp-json\/wp\/v2\/comments?post=47779"}],"version-history":[{"count":2,"href":"https:\/\/veganova.eu\/ro\/wp-json\/wp\/v2\/product\/47779\/revisions"}],"predecessor-version":[{"id":60041,"href":"https:\/\/veganova.eu\/ro\/wp-json\/wp\/v2\/product\/47779\/revisions\/60041"}],"wp:featuredmedia":[{"embeddable":true,"href":"https:\/\/veganova.eu\/ro\/wp-json\/wp\/v2\/media\/47529"}],"wp:attachment":[{"href":"https:\/\/veganova.eu\/ro\/wp-json\/wp\/v2\/media?parent=47779"}],"wp:term":[{"taxonomy":"pwb-brand","embeddable":true,"href":"https:\/\/veganova.eu\/ro\/wp-json\/wp\/v2\/pwb-brand?post=47779"},{"taxonomy":"product_brand","embeddable":true,"href":"https:\/\/veganova.eu\/ro\/wp-json\/wp\/v2\/product_brand?post=47779"},{"taxonomy":"product_cat","embeddable":true,"href":"https:\/\/veganova.eu\/ro\/wp-json\/wp\/v2\/product_cat?post=47779"},{"taxonomy":"product_tag","embeddable":true,"href":"https:\/\/veganova.eu\/ro\/wp-json\/wp\/v2\/product_tag?post=47779"}],"curies":[{"name":"wp","href":"https:\/\/api.w.org\/{rel}","templated":true}]}}