{"id":47827,"date":"2024-09-15T12:29:34","date_gmt":"2024-09-15T10:29:34","guid":{"rendered":"https:\/\/veganova.eu\/?post_type=product&#038;p=47827"},"modified":"2026-04-21T07:25:56","modified_gmt":"2026-04-21T05:25:56","slug":"applied-nutrition-critical-plant-protein-vanilla-1800g","status":"publish","type":"product","link":"https:\/\/veganova.eu\/ro\/shop\/applied-nutrition-critical-plant-protein-vanilla-1800g\/","title":{"rendered":"Applied Nutrition Critical Plant Protein, Vanilie - 1800g"},"content":{"rendered":"<h3>Applied Nutrition Critical Plant Protein, Vanilie - 1800g<\/h3>\n<p>Pudr\u0103 proteic\u0103 vegetal\u0103<br \/>\nProtein\u0103 de soia - Protein\u0103 de maz\u0103re - Protein\u0103 de orez brun<\/p>\n<p>Critical Plant Protein este amestecul perfect de proteine vegetale care combin\u0103 izolatul proteic din soia, izolatul proteic din maz\u0103re \u0219i proteina din orez brun pentru a oferi o pulbere proteic\u0103 vegetal\u0103 de calitate superioar\u0103 cu o gam\u0103 complet\u0103 de aminoacizi esen\u021biali \u0219i peste 24 g de proteine per por\u021bie.<\/p>\n<p>Critical Plant Protein este o alegere bun\u0103 pentru oricine dore\u0219te s\u0103 \u00ee\u0219i creasc\u0103 aportul de proteine. Cu un profil ridicat de aminoacizi cu lan\u021b ramificat (BCAA) leucin\u0103, izoleucin\u0103 \u0219i valin\u0103, Critical Plant Protein poate contribui, de asemenea, la cre\u0219terea \u0219i men\u021binerea masei musculare.<\/p>","protected":false},"excerpt":{"rendered":"<p>Pudr\u0103 proteic\u0103 vegan\u0103 Applied Nutrition Critical Plant Protein, cu arom\u0103: Vanilie. Con\u021binut: 1: 1800g. Certificare: Vegan, Vegetarian, Halal.<\/p>","protected":false},"featured_media":52245,"comment_status":"closed","ping_status":"closed","template":"","meta":{"advanced_seo_description":"","jetpack_seo_html_title":"","jetpack_seo_noindex":false},"pwb-brand":[202],"product_brand":[4592],"product_cat":[132,133],"product_tag":[],"class_list":{"0":"post-47827","1":"product","2":"type-product","3":"status-publish","4":"has-post-thumbnail","6":"pwb-brand-applied-nutrition","7":"product_brand-applied-nutrition","8":"product_cat-sports-nutrition","9":"product_cat-vegan-proteins","10":"brand_woo-applied-nutrition","12":"first","13":"instock","14":"taxable","15":"shipping-taxable","16":"purchasable","17":"product-type-simple"},"jetpack_sharing_enabled":true,"brands":[{"id":202,"name":"Nutri\u021bie aplicat\u0103","slug":"applied-nutrition"}],"_links":{"self":[{"href":"https:\/\/veganova.eu\/ro\/wp-json\/wp\/v2\/product\/47827","targetHints":{"allow":["GET"]}}],"collection":[{"href":"https:\/\/veganova.eu\/ro\/wp-json\/wp\/v2\/product"}],"about":[{"href":"https:\/\/veganova.eu\/ro\/wp-json\/wp\/v2\/types\/product"}],"replies":[{"embeddable":true,"href":"https:\/\/veganova.eu\/ro\/wp-json\/wp\/v2\/comments?post=47827"}],"version-history":[{"count":1,"href":"https:\/\/veganova.eu\/ro\/wp-json\/wp\/v2\/product\/47827\/revisions"}],"predecessor-version":[{"id":59248,"href":"https:\/\/veganova.eu\/ro\/wp-json\/wp\/v2\/product\/47827\/revisions\/59248"}],"wp:featuredmedia":[{"embeddable":true,"href":"https:\/\/veganova.eu\/ro\/wp-json\/wp\/v2\/media\/52245"}],"wp:attachment":[{"href":"https:\/\/veganova.eu\/ro\/wp-json\/wp\/v2\/media?parent=47827"}],"wp:term":[{"taxonomy":"pwb-brand","embeddable":true,"href":"https:\/\/veganova.eu\/ro\/wp-json\/wp\/v2\/pwb-brand?post=47827"},{"taxonomy":"product_brand","embeddable":true,"href":"https:\/\/veganova.eu\/ro\/wp-json\/wp\/v2\/product_brand?post=47827"},{"taxonomy":"product_cat","embeddable":true,"href":"https:\/\/veganova.eu\/ro\/wp-json\/wp\/v2\/product_cat?post=47827"},{"taxonomy":"product_tag","embeddable":true,"href":"https:\/\/veganova.eu\/ro\/wp-json\/wp\/v2\/product_tag?post=47827"}],"curies":[{"name":"wp","href":"https:\/\/api.w.org\/{rel}","templated":true}]}}