{"id":48059,"date":"2024-09-15T12:33:59","date_gmt":"2024-09-15T10:33:59","guid":{"rendered":"https:\/\/veganova.eu\/?post_type=product&#038;p=48059"},"modified":"2026-04-21T07:26:06","modified_gmt":"2026-04-21T05:26:06","slug":"kaged-muscle-outlive-100-berry-510g","status":"publish","type":"product","link":"https:\/\/veganova.eu\/ro\/shop\/kaged-muscle-outlive-100-berry-510g\/","title":{"rendered":"Kaged Muscle Outlive 100, Berry - 510g"},"content":{"rendered":"<h3>Kaged Muscle Outlive 100, Berry - 510g<\/h3>\n<p>Outlive 100 este o b\u0103utur\u0103 superalimentar\u0103 care chiar are gust bun. Este f\u0103cut\u0103 din 26 de fructe, legume \u0219i plante pentru a v\u0103 sus\u021bine sistemul imunitar \u0219i digestia \u0219i pentru a v\u0103 ajuta s\u0103 gestiona\u021bi stresul. V\u0103 va ajuta s\u0103 v\u0103 sim\u021bi\u021bi mai bine, s\u0103 tr\u0103i\u021bi mai s\u0103n\u0103tos \u0219i s\u0103 v\u0103 acoperi\u021bi baza nutri\u021bional\u0103.<\/p>","protected":false},"excerpt":{"rendered":"<p>Kaged Muscle Outlive 100 is made from 26 fruits, vegetables, and herbals to support your immune system and digestion. Content: 501g. Flavor: Berry.<\/p>","protected":false},"featured_media":51948,"comment_status":"closed","ping_status":"closed","template":"","meta":{"advanced_seo_description":"","jetpack_seo_html_title":"","jetpack_seo_noindex":false},"pwb-brand":[331],"product_brand":[4658],"product_cat":[149],"product_tag":[],"class_list":{"0":"post-48059","1":"product","2":"type-product","3":"status-publish","4":"has-post-thumbnail","6":"pwb-brand-kaged-muscle","7":"product_brand-kaged-muscle","8":"product_cat-superfoods","9":"brand_woo-kaged-muscle","11":"first","12":"instock","13":"sale","14":"taxable","15":"shipping-taxable","16":"purchasable","17":"product-type-simple"},"jetpack_sharing_enabled":true,"brands":[{"id":331,"name":"Kaged Muscle","slug":"kaged-muscle"}],"_links":{"self":[{"href":"https:\/\/veganova.eu\/ro\/wp-json\/wp\/v2\/product\/48059","targetHints":{"allow":["GET"]}}],"collection":[{"href":"https:\/\/veganova.eu\/ro\/wp-json\/wp\/v2\/product"}],"about":[{"href":"https:\/\/veganova.eu\/ro\/wp-json\/wp\/v2\/types\/product"}],"replies":[{"embeddable":true,"href":"https:\/\/veganova.eu\/ro\/wp-json\/wp\/v2\/comments?post=48059"}],"version-history":[{"count":1,"href":"https:\/\/veganova.eu\/ro\/wp-json\/wp\/v2\/product\/48059\/revisions"}],"predecessor-version":[{"id":59336,"href":"https:\/\/veganova.eu\/ro\/wp-json\/wp\/v2\/product\/48059\/revisions\/59336"}],"wp:featuredmedia":[{"embeddable":true,"href":"https:\/\/veganova.eu\/ro\/wp-json\/wp\/v2\/media\/51948"}],"wp:attachment":[{"href":"https:\/\/veganova.eu\/ro\/wp-json\/wp\/v2\/media?parent=48059"}],"wp:term":[{"taxonomy":"pwb-brand","embeddable":true,"href":"https:\/\/veganova.eu\/ro\/wp-json\/wp\/v2\/pwb-brand?post=48059"},{"taxonomy":"product_brand","embeddable":true,"href":"https:\/\/veganova.eu\/ro\/wp-json\/wp\/v2\/product_brand?post=48059"},{"taxonomy":"product_cat","embeddable":true,"href":"https:\/\/veganova.eu\/ro\/wp-json\/wp\/v2\/product_cat?post=48059"},{"taxonomy":"product_tag","embeddable":true,"href":"https:\/\/veganova.eu\/ro\/wp-json\/wp\/v2\/product_tag?post=48059"}],"curies":[{"name":"wp","href":"https:\/\/api.w.org\/{rel}","templated":true}]}}