{"id":48101,"date":"2024-09-15T12:34:43","date_gmt":"2024-09-15T10:34:43","guid":{"rendered":"https:\/\/veganova.eu\/?post_type=product&#038;p=48101"},"modified":"2026-04-26T02:21:36","modified_gmt":"2026-04-26T00:21:36","slug":"garden-of-life-raw-organic-protein-vanilla-620g","status":"publish","type":"product","link":"https:\/\/veganova.eu\/ro\/shop\/garden-of-life-raw-organic-protein-vanilla-620g\/","title":{"rendered":"Garden of Life Protein\u0103 organic\u0103 brut\u0103, vanilie - 620g"},"content":{"rendered":"<h3>Garden of Life Protein\u0103 organic\u0103 brut\u0103, vanilie - 620g<\/h3>\n<p>Pulbere de proteine organice crude<\/p>\n<p>Raw Organic Protein este o pulbere de protein\u0103 vegan\u0103 certificat\u0103 organic, verificat\u0103 prin proiectul Non-GMO, realizat\u0103 cu 13 proteine crude germinate care ofer\u0103 22 de grame de proteine f\u0103r\u0103 lapte, cu un profil complet al tuturor aminoacizilor esen\u021biali, \u00eempreun\u0103 cu vitamine solubile \u00een gr\u0103simi, probiotice \u0219i enzime ad\u0103ugate.<\/p>\n<p>Dezl\u0103n\u021bui\u021bi puterea nutritiv\u0103 a cerealelor \u0219i semin\u021belor vii cu Garden of Life Raw Organic Protein - o pudr\u0103 proteic\u0103 certificat\u0103 organic\u0103, crud\u0103, vegan\u0103, cu un gust delicios. Cu 13 germeni cruzi \u0219i organici, Raw Organic Protein este o surs\u0103 excelent\u0103 de proteine complete - furniz\u00e2nd 22 de grame \u0219i 29% din valoarea zilnic\u0103 - inclusiv to\u021bi aminoacizii esen\u021biali. Raw Organic Protein con\u021bine vitamine liposolubile A, D, E \u0219i K \u0219i sus\u021bine s\u0103n\u0103tatea \u0219i func\u021bia digestiv\u0103 cu probiotice vii \u0219i enzime de digestie a proteinelor. Raw conteaz\u0103 deoarece c\u0103ldura poate denatura proteinele, reduc\u00e2nd disponibilitatea lor pentru corpul dumneavoastr\u0103. Dar proteinele vegetale certificate organic de la Garden of Life sunt diferite - \u00eentotdeauna produse cu bl\u00e2nde\u021be la temperaturi sc\u0103zute, f\u0103r\u0103 adaos de materiale de umplutur\u0103 sau suporturi, p\u0103str\u00e2nd integritatea complet\u0103 a aminoacizilor \u0219i bun\u0103tatea alimentelor integrale, certificate organic, f\u0103r\u0103 OMG-uri.<\/p>\n<p>Raw Organic Protein - o surs\u0103 excelent\u0103 de Certified USDA Organic, Non-GMO Verified, Informed-Choice Clean for Sport, Raw, vegan complet\u0103 pulbere de proteine din 13 germeni brute \u0219i organice.<\/p>","protected":false},"excerpt":{"rendered":"<p>Garden of Life Raw Organic Protein este o pudr\u0103 de protein\u0103 vegan\u0103 crud\u0103 certificat\u0103 organic, verificat\u0103 prin proiectul Non-GMO, realizat\u0103 cu 13 proteine crude, 22 g de proteine pe por\u021bie, f\u0103r\u0103 lapte, cu un profil complet al tuturor aminoacizilor esen\u021biali, \u00eempreun\u0103 cu vitamine liposolubile din alimente integrale ad\u0103ugate, probiotice \u0219i enzime. Arom\u0103: Vanilie: Vanilie. Con\u021binut: 620g. Certificare: vegan, f\u0103r\u0103 gluten, non gmo.<\/p>","protected":false},"featured_media":51872,"comment_status":"closed","ping_status":"closed","template":"","meta":{"advanced_seo_description":"","jetpack_seo_html_title":"","jetpack_seo_noindex":false},"pwb-brand":[303],"product_brand":[4625],"product_cat":[132,133],"product_tag":[],"class_list":{"0":"post-48101","1":"product","2":"type-product","3":"status-publish","4":"has-post-thumbnail","6":"pwb-brand-garden-of-life","7":"product_brand-garden-of-life","8":"product_cat-sports-nutrition","9":"product_cat-vegan-proteins","10":"brand_woo-garden-of-life","12":"first","13":"instock","14":"taxable","15":"shipping-taxable","16":"purchasable","17":"product-type-simple"},"jetpack_sharing_enabled":true,"brands":[{"id":303,"name":"Gr\u0103dina vie\u021bii","slug":"garden-of-life"}],"_links":{"self":[{"href":"https:\/\/veganova.eu\/ro\/wp-json\/wp\/v2\/product\/48101","targetHints":{"allow":["GET"]}}],"collection":[{"href":"https:\/\/veganova.eu\/ro\/wp-json\/wp\/v2\/product"}],"about":[{"href":"https:\/\/veganova.eu\/ro\/wp-json\/wp\/v2\/types\/product"}],"replies":[{"embeddable":true,"href":"https:\/\/veganova.eu\/ro\/wp-json\/wp\/v2\/comments?post=48101"}],"version-history":[{"count":1,"href":"https:\/\/veganova.eu\/ro\/wp-json\/wp\/v2\/product\/48101\/revisions"}],"predecessor-version":[{"id":59350,"href":"https:\/\/veganova.eu\/ro\/wp-json\/wp\/v2\/product\/48101\/revisions\/59350"}],"wp:featuredmedia":[{"embeddable":true,"href":"https:\/\/veganova.eu\/ro\/wp-json\/wp\/v2\/media\/51872"}],"wp:attachment":[{"href":"https:\/\/veganova.eu\/ro\/wp-json\/wp\/v2\/media?parent=48101"}],"wp:term":[{"taxonomy":"pwb-brand","embeddable":true,"href":"https:\/\/veganova.eu\/ro\/wp-json\/wp\/v2\/pwb-brand?post=48101"},{"taxonomy":"product_brand","embeddable":true,"href":"https:\/\/veganova.eu\/ro\/wp-json\/wp\/v2\/product_brand?post=48101"},{"taxonomy":"product_cat","embeddable":true,"href":"https:\/\/veganova.eu\/ro\/wp-json\/wp\/v2\/product_cat?post=48101"},{"taxonomy":"product_tag","embeddable":true,"href":"https:\/\/veganova.eu\/ro\/wp-json\/wp\/v2\/product_tag?post=48101"}],"curies":[{"name":"wp","href":"https:\/\/api.w.org\/{rel}","templated":true}]}}