{"id":48197,"date":"2024-09-15T12:36:30","date_gmt":"2024-09-15T10:36:30","guid":{"rendered":"https:\/\/veganova.eu\/?post_type=product&#038;p=48197"},"modified":"2026-04-21T07:26:11","modified_gmt":"2026-04-21T05:26:11","slug":"trained-by-jp-vegan-protein-banoffee-sundae-2000g","status":"publish","type":"product","link":"https:\/\/veganova.eu\/ro\/shop\/trained-by-jp-vegan-protein-banoffee-sundae-2000g\/","title":{"rendered":"Trained by JP Vegan Protein, Banoffee Sundae - 2000g"},"content":{"rendered":"<h3>Trained by JP Vegan Protein, Banoffee Sundae - 2000g<\/h3>\n<p>plant based protein is perfect for 3 scenarios:<\/p>\n<ul>\n<li>Cei care sunt vegani<\/li>\n<li>Cei cu intoleran\u021b\u0103 la lactoz\u0103<\/li>\n<li>Cei care au nevoie adesea s\u0103 \u00ee\u0219i roteasc\u0103 alegerea de pudr\u0103 proteic\u0103, oferind corpului o pauz\u0103 de la consumul de prea mult zer.<\/li>\n<\/ul>\n<p>Consumul excesiv al unui singur tip de aliment sau surs\u0103 de proteine poate duce adesea la intoleran\u021be, prin urmare, proteinele noastre pe baz\u0103 de plante sunt alegerea perfect\u0103 pentru a limita aceast\u0103 situa\u021bie.<\/p>\n<p>Am inclus un amestec multivitaminic vegan cu proteina, f\u0103c\u00e2nd produsul un supliment perfect, de sine st\u0103t\u0103tor, pentru a evita orice deficien\u021be \u00een aportul de vitamine \u0219i minerale.<\/p>","protected":false},"excerpt":{"rendered":"<p>Trained by JP Vegan Protein is plant based protein powder made for vegans and lactose intolerants people. Flavor: Banoffee Sundae. Content: 2000g. Certification: vegan.<\/p>","protected":false},"featured_media":52196,"comment_status":"closed","ping_status":"closed","template":"","meta":{"advanced_seo_description":"","jetpack_seo_html_title":"","jetpack_seo_noindex":false},"pwb-brand":[2217],"product_brand":[4954],"product_cat":[132,133],"product_tag":[],"class_list":{"0":"post-48197","1":"product","2":"type-product","3":"status-publish","4":"has-post-thumbnail","6":"pwb-brand-trained-by-jp","7":"product_brand-trained-by-jp","8":"product_cat-sports-nutrition","9":"product_cat-vegan-proteins","10":"brand_woo-trained-by-jp","12":"first","13":"outofstock","14":"sale","15":"taxable","16":"shipping-taxable","17":"purchasable","18":"product-type-simple"},"jetpack_sharing_enabled":true,"brands":[{"id":2217,"name":"Antrenat de JP","slug":"trained-by-jp"}],"_links":{"self":[{"href":"https:\/\/veganova.eu\/ro\/wp-json\/wp\/v2\/product\/48197","targetHints":{"allow":["GET"]}}],"collection":[{"href":"https:\/\/veganova.eu\/ro\/wp-json\/wp\/v2\/product"}],"about":[{"href":"https:\/\/veganova.eu\/ro\/wp-json\/wp\/v2\/types\/product"}],"replies":[{"embeddable":true,"href":"https:\/\/veganova.eu\/ro\/wp-json\/wp\/v2\/comments?post=48197"}],"version-history":[{"count":1,"href":"https:\/\/veganova.eu\/ro\/wp-json\/wp\/v2\/product\/48197\/revisions"}],"predecessor-version":[{"id":54220,"href":"https:\/\/veganova.eu\/ro\/wp-json\/wp\/v2\/product\/48197\/revisions\/54220"}],"wp:featuredmedia":[{"embeddable":true,"href":"https:\/\/veganova.eu\/ro\/wp-json\/wp\/v2\/media\/52196"}],"wp:attachment":[{"href":"https:\/\/veganova.eu\/ro\/wp-json\/wp\/v2\/media?parent=48197"}],"wp:term":[{"taxonomy":"pwb-brand","embeddable":true,"href":"https:\/\/veganova.eu\/ro\/wp-json\/wp\/v2\/pwb-brand?post=48197"},{"taxonomy":"product_brand","embeddable":true,"href":"https:\/\/veganova.eu\/ro\/wp-json\/wp\/v2\/product_brand?post=48197"},{"taxonomy":"product_cat","embeddable":true,"href":"https:\/\/veganova.eu\/ro\/wp-json\/wp\/v2\/product_cat?post=48197"},{"taxonomy":"product_tag","embeddable":true,"href":"https:\/\/veganova.eu\/ro\/wp-json\/wp\/v2\/product_tag?post=48197"}],"curies":[{"name":"wp","href":"https:\/\/api.w.org\/{rel}","templated":true}]}}