{"id":5101,"date":"2023-10-01T17:08:39","date_gmt":"2023-10-01T15:08:39","guid":{"rendered":"https:\/\/veganova.eu\/?post_type=product&#038;p=5101"},"modified":"2026-04-21T07:24:32","modified_gmt":"2026-04-21T05:24:32","slug":"doctors-best-fully-active-folate-400-with-quatrefolic-400mcg-90-kaps","status":"publish","type":"product","link":"https:\/\/veganova.eu\/ro\/shop\/doctors-best-fully-active-folate-400-with-quatrefolic-400mcg-90-kaps\/","title":{"rendered":"Doctor's Best Fully Active Folate 400 cu Quatrefolic, 400mcg (90 caps)"},"content":{"rendered":"<h3>Doctor's Best Fully Active Folate 400 cu Quatrefolic<\/h3>\n<ul>\n<li>Doctor's Best Fully Active Folate cu Quatrefolic sus\u021bine starea de spirit s\u0103n\u0103toas\u0103, memoria, circula\u021bia \u0219i bun\u0103starea.<\/li>\n<li>Folatul Fully Active cu Quatrefolic furnizeaz\u0103 5-metiltetrahidrofolat (MTHF), forma activ\u0103 utilizat\u0103 de organism pentru a regla ADN-ul \u0219i alte procese metabolice de baz\u0103.<\/li>\n<\/ul>","protected":false},"excerpt":{"rendered":"<p>Suplimentul alimentar vegan Doctor's Best Fully Active Folate 400 cu Quatrefolic, 400mcg este potrivit pentru sus\u021binerea circula\u021biei sanguine, a memoriei s\u0103n\u0103toase \u0219i a bunei dispozi\u021bii. Pachetul con\u021bine: 90 capsule. F\u0103r\u0103 gluten, f\u0103r\u0103 OMG.<\/p>","protected":false},"featured_media":53397,"comment_status":"closed","ping_status":"closed","template":"","meta":{"advanced_seo_description":"","jetpack_seo_html_title":"","jetpack_seo_noindex":false},"pwb-brand":[147],"product_brand":[4565],"product_cat":[289,152],"product_tag":[1200,1094,1150],"class_list":{"0":"post-5101","1":"product","2":"type-product","3":"status-publish","4":"has-post-thumbnail","6":"pwb-brand-doctors-best","7":"product_brand-doctors-best","8":"product_cat-heart-and-blood-vessels","9":"product_cat-vitamins-and-minerals","10":"product_tag-blood-circulation","11":"product_tag-metabolism","12":"product_tag-nervous-system","13":"brand_woo-doctors-best","15":"first","16":"instock","17":"taxable","18":"shipping-taxable","19":"purchasable","20":"product-type-simple"},"jetpack_sharing_enabled":true,"brands":[{"id":147,"name":"Doctor's Best","slug":"doctors-best"}],"_links":{"self":[{"href":"https:\/\/veganova.eu\/ro\/wp-json\/wp\/v2\/product\/5101","targetHints":{"allow":["GET"]}}],"collection":[{"href":"https:\/\/veganova.eu\/ro\/wp-json\/wp\/v2\/product"}],"about":[{"href":"https:\/\/veganova.eu\/ro\/wp-json\/wp\/v2\/types\/product"}],"replies":[{"embeddable":true,"href":"https:\/\/veganova.eu\/ro\/wp-json\/wp\/v2\/comments?post=5101"}],"version-history":[{"count":1,"href":"https:\/\/veganova.eu\/ro\/wp-json\/wp\/v2\/product\/5101\/revisions"}],"predecessor-version":[{"id":58214,"href":"https:\/\/veganova.eu\/ro\/wp-json\/wp\/v2\/product\/5101\/revisions\/58214"}],"wp:featuredmedia":[{"embeddable":true,"href":"https:\/\/veganova.eu\/ro\/wp-json\/wp\/v2\/media\/53397"}],"wp:attachment":[{"href":"https:\/\/veganova.eu\/ro\/wp-json\/wp\/v2\/media?parent=5101"}],"wp:term":[{"taxonomy":"pwb-brand","embeddable":true,"href":"https:\/\/veganova.eu\/ro\/wp-json\/wp\/v2\/pwb-brand?post=5101"},{"taxonomy":"product_brand","embeddable":true,"href":"https:\/\/veganova.eu\/ro\/wp-json\/wp\/v2\/product_brand?post=5101"},{"taxonomy":"product_cat","embeddable":true,"href":"https:\/\/veganova.eu\/ro\/wp-json\/wp\/v2\/product_cat?post=5101"},{"taxonomy":"product_tag","embeddable":true,"href":"https:\/\/veganova.eu\/ro\/wp-json\/wp\/v2\/product_tag?post=5101"}],"curies":[{"name":"wp","href":"https:\/\/api.w.org\/{rel}","templated":true}]}}