{"id":5107,"date":"2023-10-01T17:08:42","date_gmt":"2023-10-01T15:08:42","guid":{"rendered":"https:\/\/veganova.eu\/?post_type=product&#038;p=5107"},"modified":"2026-04-21T07:24:32","modified_gmt":"2026-04-21T05:24:32","slug":"doctors-best-high-absorption-coq10-with-bioperine-200mg-60-kaps","status":"publish","type":"product","link":"https:\/\/veganova.eu\/ro\/shop\/doctors-best-high-absorption-coq10-with-bioperine-200mg-60-kaps\/","title":{"rendered":"Doctor's Best CoQ10 cu absorb\u021bie ridicat\u0103 cu BioPerine, 200mg (60 caps)"},"content":{"rendered":"<h3>Doctor's Best CoQ10 cu absorb\u021bie ridicat\u0103 cu BioPerine, 200mg (60 caps)<\/h3>\n<p>Doctor's Best High Absorption CoQ10 con\u021bine coenzima Q10 pur\u0103 (Ubiquinon\u0103) plus BioPerine. CoQ10 ajut\u0103 la sus\u021binerea func\u021biei cardiace \u0219i este vital pentru producerea de ATP (adenozin trifosfat), \u00een special \u00een inim\u0103. Stresul, radicalii liberi, medicamentele statinice \u0219i \u00eemb\u0103tr\u00e2nirea pot avea un impact asupra nivelului de CoQ10. CoQ10 este foarte important pentru crearea de energie, contrac\u021bia muscular\u0103 \u0219i sinteza proteinelor. Studiile au ar\u0103tat c\u0103 BioPerine cre\u0219te absorb\u021bia CoQ10.<\/p>\n<p>Ajut\u0103 la sus\u021binerea s\u0103n\u0103t\u0103\u021bii inimii \u0219i a energiei celulare.<br \/>\nAjut\u0103 la restabilirea CoQ10 care poate fi epuizat de \u00eemb\u0103tr\u00e2nire \u0219i de medicamentele statinice.<br \/>\nFormulat cu extract de piper negru BioPerine pentru a spori absorb\u021bia \u0219i biodisponibilitatea.<\/p>","protected":false},"excerpt":{"rendered":"<p>Suplimentul alimentar vegetarian Doctor's Best High Absorption CoQ10 cu BioPerine, 200mg este potrivit pentru \u00eent\u0103rirea inimii \u0219i a vaselor de s\u00e2nge. Pachetul con\u021bine: 60 capsule. F\u0103r\u0103 gluten.<\/p>","protected":false},"featured_media":51678,"comment_status":"closed","ping_status":"closed","template":"","meta":{"advanced_seo_description":"","jetpack_seo_html_title":"","jetpack_seo_noindex":false},"pwb-brand":[147],"product_brand":[4565],"product_cat":[688,289,2600,2591,284,152],"product_tag":[1159,1167,1158,1052,1133],"class_list":{"0":"post-5107","1":"product","2":"type-product","3":"status-publish","4":"has-post-thumbnail","6":"pwb-brand-doctors-best","7":"product_brand-doctors-best","8":"product_cat-beauty-supplements","9":"product_cat-heart-and-blood-vessels","10":"product_cat-inflammation","11":"product_cat-liver","12":"product_cat-trace-elements","13":"product_cat-vitamins-and-minerals","14":"product_tag-aging","15":"product_tag-blood-vessels","16":"product_tag-heart","17":"product_tag-pigment-spots","18":"product_tag-wrinkles","19":"brand_woo-doctors-best","21":"first","22":"instock","23":"taxable","24":"shipping-taxable","25":"purchasable","26":"product-type-simple"},"jetpack_sharing_enabled":true,"brands":[{"id":147,"name":"Doctor's Best","slug":"doctors-best"}],"_links":{"self":[{"href":"https:\/\/veganova.eu\/ro\/wp-json\/wp\/v2\/product\/5107","targetHints":{"allow":["GET"]}}],"collection":[{"href":"https:\/\/veganova.eu\/ro\/wp-json\/wp\/v2\/product"}],"about":[{"href":"https:\/\/veganova.eu\/ro\/wp-json\/wp\/v2\/types\/product"}],"replies":[{"embeddable":true,"href":"https:\/\/veganova.eu\/ro\/wp-json\/wp\/v2\/comments?post=5107"}],"version-history":[{"count":1,"href":"https:\/\/veganova.eu\/ro\/wp-json\/wp\/v2\/product\/5107\/revisions"}],"predecessor-version":[{"id":58220,"href":"https:\/\/veganova.eu\/ro\/wp-json\/wp\/v2\/product\/5107\/revisions\/58220"}],"wp:featuredmedia":[{"embeddable":true,"href":"https:\/\/veganova.eu\/ro\/wp-json\/wp\/v2\/media\/51678"}],"wp:attachment":[{"href":"https:\/\/veganova.eu\/ro\/wp-json\/wp\/v2\/media?parent=5107"}],"wp:term":[{"taxonomy":"pwb-brand","embeddable":true,"href":"https:\/\/veganova.eu\/ro\/wp-json\/wp\/v2\/pwb-brand?post=5107"},{"taxonomy":"product_brand","embeddable":true,"href":"https:\/\/veganova.eu\/ro\/wp-json\/wp\/v2\/product_brand?post=5107"},{"taxonomy":"product_cat","embeddable":true,"href":"https:\/\/veganova.eu\/ro\/wp-json\/wp\/v2\/product_cat?post=5107"},{"taxonomy":"product_tag","embeddable":true,"href":"https:\/\/veganova.eu\/ro\/wp-json\/wp\/v2\/product_tag?post=5107"}],"curies":[{"name":"wp","href":"https:\/\/api.w.org\/{rel}","templated":true}]}}