{"id":5116,"date":"2023-10-01T17:08:45","date_gmt":"2023-10-01T15:08:45","guid":{"rendered":"https:\/\/veganova.eu\/?post_type=product&#038;p=5116"},"modified":"2026-04-21T07:24:33","modified_gmt":"2026-04-21T05:24:33","slug":"doctors-best-l-carnitine-fumarate-855mg-60-kaps","status":"publish","type":"product","link":"https:\/\/veganova.eu\/ro\/shop\/doctors-best-l-carnitine-fumarate-855mg-60-kaps\/","title":{"rendered":"Fumarat de L-Carnitin\u0103 Doctor's Best, 855mg (60 caps)"},"content":{"rendered":"<h3>Cel mai bun Fumarat de L-Carnitin\u0103 al doctorului<\/h3>\n<ul>\n<li>Fumaratul de L-Carnitin\u0103 Doctor's Best ajut\u0103 organismul s\u0103 ard\u0103 gr\u0103simile pentru energie \u0219i ajut\u0103 la men\u021binerea s\u0103n\u0103t\u0103\u021bii inimii \u0219i a sistemului cardiovascular.<\/li>\n<li>L-carnitina este un nutrient care sus\u021bine produc\u021bia de energie \u00een celule prin transportul acizilor gra\u0219i la mitocondrii, o structur\u0103 intracelular\u0103 care creeaz\u0103 energie metabolic\u0103 sub form\u0103 de ATP.<\/li>\n<li>\u00cen acest rol, L-carnitina ajut\u0103 organismul s\u0103 metabolizeze eficient gr\u0103simile.<\/li>\n<li>Fumaratul este un compus prezent \u00een mod natural \u00een organism. Fumaratul serve\u0219te ca intermediar \u00een ciclul Krebs, un proces cheie de producere a energiei care are loc \u00een mitocondrii.<\/li>\n<li>Fumaratul de carnitin\u0103 Doctor's Best este derivat din L-carnitin\u0103 de calitate farmaceutic\u0103 produs\u0103 printr-un proces brevetat aprobat de FDA.<\/li>\n<\/ul>\n<p>&nbsp;<\/p>","protected":false},"excerpt":{"rendered":"<p>Suplimentul alimentar vegan Doctor's Best L-Carnitine Fumarate, 855mg sus\u021bine metabolismul, circula\u021bia s\u00e2ngelui \u0219i produc\u021bia de energie. Pachetul con\u021bine: 60 de capsule. F\u0103r\u0103 gluten, f\u0103r\u0103 OMG.<\/p>","protected":false},"featured_media":53381,"comment_status":"closed","ping_status":"closed","template":"","meta":{"advanced_seo_description":"","jetpack_seo_html_title":"","jetpack_seo_noindex":false},"pwb-brand":[147],"product_brand":[4565],"product_cat":[174,132],"product_tag":[1200,860,1097,1059],"class_list":{"0":"post-5116","1":"product","2":"type-product","3":"status-publish","4":"has-post-thumbnail","6":"pwb-brand-doctors-best","7":"product_brand-doctors-best","8":"product_cat-amino-acids","9":"product_cat-sports-nutrition","10":"product_tag-blood-circulation","11":"product_tag-energy","12":"product_tag-fat-metabolism","13":"product_tag-healthy-metabolism","14":"brand_woo-doctors-best","16":"first","17":"instock","18":"sale","19":"taxable","20":"shipping-taxable","21":"purchasable","22":"product-type-simple"},"jetpack_sharing_enabled":true,"brands":[{"id":147,"name":"Doctor's Best","slug":"doctors-best"}],"_links":{"self":[{"href":"https:\/\/veganova.eu\/ro\/wp-json\/wp\/v2\/product\/5116","targetHints":{"allow":["GET"]}}],"collection":[{"href":"https:\/\/veganova.eu\/ro\/wp-json\/wp\/v2\/product"}],"about":[{"href":"https:\/\/veganova.eu\/ro\/wp-json\/wp\/v2\/types\/product"}],"replies":[{"embeddable":true,"href":"https:\/\/veganova.eu\/ro\/wp-json\/wp\/v2\/comments?post=5116"}],"version-history":[{"count":1,"href":"https:\/\/veganova.eu\/ro\/wp-json\/wp\/v2\/product\/5116\/revisions"}],"predecessor-version":[{"id":58229,"href":"https:\/\/veganova.eu\/ro\/wp-json\/wp\/v2\/product\/5116\/revisions\/58229"}],"wp:featuredmedia":[{"embeddable":true,"href":"https:\/\/veganova.eu\/ro\/wp-json\/wp\/v2\/media\/53381"}],"wp:attachment":[{"href":"https:\/\/veganova.eu\/ro\/wp-json\/wp\/v2\/media?parent=5116"}],"wp:term":[{"taxonomy":"pwb-brand","embeddable":true,"href":"https:\/\/veganova.eu\/ro\/wp-json\/wp\/v2\/pwb-brand?post=5116"},{"taxonomy":"product_brand","embeddable":true,"href":"https:\/\/veganova.eu\/ro\/wp-json\/wp\/v2\/product_brand?post=5116"},{"taxonomy":"product_cat","embeddable":true,"href":"https:\/\/veganova.eu\/ro\/wp-json\/wp\/v2\/product_cat?post=5116"},{"taxonomy":"product_tag","embeddable":true,"href":"https:\/\/veganova.eu\/ro\/wp-json\/wp\/v2\/product_tag?post=5116"}],"curies":[{"name":"wp","href":"https:\/\/api.w.org\/{rel}","templated":true}]}}