{"id":5132,"date":"2023-10-01T17:08:52","date_gmt":"2023-10-01T15:08:52","guid":{"rendered":"https:\/\/veganova.eu\/?post_type=product&#038;p=5132"},"modified":"2026-04-21T07:24:34","modified_gmt":"2026-04-21T05:24:34","slug":"doctors-best-sam-e-200mg-60-tablets","status":"publish","type":"product","link":"https:\/\/veganova.eu\/ro\/shop\/doctors-best-sam-e-200mg-60-tablets\/","title":{"rendered":"Doctor's Best SAM-e, 200mg (60 tablete)"},"content":{"rendered":"<h3>Doctor's Best SAM-e<\/h3>\n<ul>\n<li>SAM-e Doctor's Best este dovedit a \u00eembun\u0103t\u0103\u021bi starea de spirit \u0219i a sus\u021bine s\u0103n\u0103tatea cognitiv\u0103.<\/li>\n<li>Este esen\u021bial\u0103 pentru metabolismul s\u0103n\u0103tos al principalilor transportatori de dopamin\u0103, serotonin\u0103 \u0219i norepinefrin\u0103 din creier.<\/li>\n<li>\u00cen plus, SAM-e favorizeaz\u0103 confortul \u0219i mobilitatea articula\u021biilor \u0219i promoveaz\u0103 s\u0103n\u0103tatea \u0219i detoxifierea ficatului.<\/li>\n<li>Doctor's Best SAM-e este de calitate farmaceutic\u0103.<\/li>\n<li>Ajut\u0103 la combaterea insomniei \u0219i a depresiei.<\/li>\n<li>Suplimentarea cu Doctor's Best SAM-e v\u0103 poate ajuta \u0219i v\u0103 poate \u00eembun\u0103t\u0103\u021bi calitatea vie\u021bii.<\/li>\n<\/ul>","protected":false},"excerpt":{"rendered":"<p>Suplimentul alimentar vegetarian Doctor's Best SAM-e, 200mg sus\u021bine somnul s\u0103n\u0103tos, buna dispozi\u021bie, articula\u021biile s\u0103n\u0103toase - cre\u0219te mobilitatea, ficatul s\u0103n\u0103tos - sus\u021bine detoxifierea, precum \u0219i func\u021biile nervoase \u0219i cerebrale s\u0103n\u0103toase. Pachetul con\u021bine: 60 comprimate. F\u0103r\u0103 gluten, f\u0103r\u0103 OMG.<\/p>","protected":false},"featured_media":53365,"comment_status":"closed","ping_status":"closed","template":"","meta":{"advanced_seo_description":"","jetpack_seo_html_title":"","jetpack_seo_noindex":false},"pwb-brand":[147],"product_brand":[4565],"product_cat":[152],"product_tag":[1311,1037,1146,1147,1269,1154,1251],"class_list":{"0":"post-5132","1":"product","2":"type-product","3":"status-publish","4":"has-post-thumbnail","6":"pwb-brand-doctors-best","7":"product_brand-doctors-best","8":"product_cat-vitamins-and-minerals","9":"product_tag-brain-functions","10":"product_tag-detox","11":"product_tag-good-mood","12":"product_tag-insomnia","13":"product_tag-joints","14":"product_tag-liver","15":"product_tag-nerve-functions","16":"brand_woo-doctors-best","18":"first","19":"instock","20":"sale","21":"taxable","22":"shipping-taxable","23":"purchasable","24":"product-type-simple"},"jetpack_sharing_enabled":true,"brands":[{"id":147,"name":"Doctor's Best","slug":"doctors-best"}],"_links":{"self":[{"href":"https:\/\/veganova.eu\/ro\/wp-json\/wp\/v2\/product\/5132","targetHints":{"allow":["GET"]}}],"collection":[{"href":"https:\/\/veganova.eu\/ro\/wp-json\/wp\/v2\/product"}],"about":[{"href":"https:\/\/veganova.eu\/ro\/wp-json\/wp\/v2\/types\/product"}],"replies":[{"embeddable":true,"href":"https:\/\/veganova.eu\/ro\/wp-json\/wp\/v2\/comments?post=5132"}],"version-history":[{"count":1,"href":"https:\/\/veganova.eu\/ro\/wp-json\/wp\/v2\/product\/5132\/revisions"}],"predecessor-version":[{"id":58245,"href":"https:\/\/veganova.eu\/ro\/wp-json\/wp\/v2\/product\/5132\/revisions\/58245"}],"wp:featuredmedia":[{"embeddable":true,"href":"https:\/\/veganova.eu\/ro\/wp-json\/wp\/v2\/media\/53365"}],"wp:attachment":[{"href":"https:\/\/veganova.eu\/ro\/wp-json\/wp\/v2\/media?parent=5132"}],"wp:term":[{"taxonomy":"pwb-brand","embeddable":true,"href":"https:\/\/veganova.eu\/ro\/wp-json\/wp\/v2\/pwb-brand?post=5132"},{"taxonomy":"product_brand","embeddable":true,"href":"https:\/\/veganova.eu\/ro\/wp-json\/wp\/v2\/product_brand?post=5132"},{"taxonomy":"product_cat","embeddable":true,"href":"https:\/\/veganova.eu\/ro\/wp-json\/wp\/v2\/product_cat?post=5132"},{"taxonomy":"product_tag","embeddable":true,"href":"https:\/\/veganova.eu\/ro\/wp-json\/wp\/v2\/product_tag?post=5132"}],"curies":[{"name":"wp","href":"https:\/\/api.w.org\/{rel}","templated":true}]}}