{"id":5190,"date":"2023-10-01T17:09:19","date_gmt":"2023-10-01T15:09:19","guid":{"rendered":"https:\/\/veganova.eu\/?post_type=product&#038;p=5190"},"modified":"2026-04-21T07:24:38","modified_gmt":"2026-04-21T05:24:38","slug":"now-foods-beta-13-16-d-glucan-100mg-90-kaps","status":"publish","type":"product","link":"https:\/\/veganova.eu\/ro\/shop\/now-foods-beta-13-16-d-glucan-100mg-90-kaps\/","title":{"rendered":"NOW Foods Beta (1,3\/1,6-D-Glucan, 100mg (90 caps)"},"content":{"rendered":"<h3>NOW Foods Beta<\/h3>\n<ul>\n<li>Sus\u021bine activitatea normal\u0103 a celulelor imunitare<\/li>\n<li>Plus ciuperci Maitake<\/li>\n<li>NOW Beta-1,3\/1,6-D -Glucan (Beta-Glucan) este un carbohidrat bioactiv ob\u021binut din peretele celular al Saccharomyces cerevisiae, cunoscut \u00een mod obi\u0219nuit ca drojdie de panifica\u021bie.<\/li>\n<li>Studiile \u0219tiin\u021bifice au ar\u0103tat c\u0103 beta-glucanul ob\u021binut din drojdie poate interac\u021biona cu anumite celule imunitare, inclusiv cele prezente \u00een \u021besutul limfoid intestinal (GALT).<\/li>\n<li>GALT exist\u0103 \u00een tractul intestinal \u0219i se \u0219tie c\u0103 joac\u0103 un rol esen\u021bial \u00een func\u021bionarea s\u0103n\u0103toas\u0103 a sistemului imunitar.<\/li>\n<li>NOW Beta-Glucan este amestecat cu ciuperca Maitake pentru sprijin suplimentar.<\/li>\n<\/ul>","protected":false},"excerpt":{"rendered":"<p>Supliment nutri\u021bional vegan NOW Foods Beta, pachetul con\u021bine: 1,3\/1,6-D-Glucan, 100mg, pachetul con\u021bine: 90 capsule. F\u0103r\u0103 gluten, f\u0103r\u0103 OMG.<\/p>","protected":false},"featured_media":11230,"comment_status":"closed","ping_status":"closed","template":"","meta":{"advanced_seo_description":"","jetpack_seo_html_title":"","jetpack_seo_noindex":false},"pwb-brand":[173],"product_brand":[4580],"product_cat":[597,2597,152],"product_tag":[1164,1117,1242,1166],"class_list":{"0":"post-5190","1":"product","2":"type-product","3":"status-publish","4":"has-post-thumbnail","6":"pwb-brand-now-foods","7":"product_brand-now-foods","8":"product_cat-body-immunity","9":"product_cat-mushrooms","10":"product_cat-vitamins-and-minerals","11":"product_tag-bacteria","12":"product_tag-immunity","13":"product_tag-medicinal-fungi","14":"product_tag-viruses","15":"brand_woo-now-foods","17":"first","18":"instock","19":"taxable","20":"shipping-taxable","21":"purchasable","22":"product-type-simple"},"jetpack_sharing_enabled":true,"brands":[{"id":173,"name":"NOW Foods","slug":"now-foods"}],"_links":{"self":[{"href":"https:\/\/veganova.eu\/ro\/wp-json\/wp\/v2\/product\/5190","targetHints":{"allow":["GET"]}}],"collection":[{"href":"https:\/\/veganova.eu\/ro\/wp-json\/wp\/v2\/product"}],"about":[{"href":"https:\/\/veganova.eu\/ro\/wp-json\/wp\/v2\/types\/product"}],"replies":[{"embeddable":true,"href":"https:\/\/veganova.eu\/ro\/wp-json\/wp\/v2\/comments?post=5190"}],"version-history":[{"count":1,"href":"https:\/\/veganova.eu\/ro\/wp-json\/wp\/v2\/product\/5190\/revisions"}],"predecessor-version":[{"id":58300,"href":"https:\/\/veganova.eu\/ro\/wp-json\/wp\/v2\/product\/5190\/revisions\/58300"}],"wp:featuredmedia":[{"embeddable":true,"href":"https:\/\/veganova.eu\/ro\/wp-json\/wp\/v2\/media\/11230"}],"wp:attachment":[{"href":"https:\/\/veganova.eu\/ro\/wp-json\/wp\/v2\/media?parent=5190"}],"wp:term":[{"taxonomy":"pwb-brand","embeddable":true,"href":"https:\/\/veganova.eu\/ro\/wp-json\/wp\/v2\/pwb-brand?post=5190"},{"taxonomy":"product_brand","embeddable":true,"href":"https:\/\/veganova.eu\/ro\/wp-json\/wp\/v2\/product_brand?post=5190"},{"taxonomy":"product_cat","embeddable":true,"href":"https:\/\/veganova.eu\/ro\/wp-json\/wp\/v2\/product_cat?post=5190"},{"taxonomy":"product_tag","embeddable":true,"href":"https:\/\/veganova.eu\/ro\/wp-json\/wp\/v2\/product_tag?post=5190"}],"curies":[{"name":"wp","href":"https:\/\/api.w.org\/{rel}","templated":true}]}}