{"id":5193,"date":"2023-10-01T17:09:20","date_gmt":"2023-10-01T15:09:20","guid":{"rendered":"https:\/\/veganova.eu\/?post_type=product&#038;p=5193"},"modified":"2026-04-21T07:24:38","modified_gmt":"2026-04-21T05:24:38","slug":"now-foods-better-stevia-liquid-original-237-ml","status":"publish","type":"product","link":"https:\/\/veganova.eu\/ro\/shop\/now-foods-better-stevia-liquid-original-237-ml\/","title":{"rendered":"NOW Foods Better Stevia Liquid, Original (237 ml)"},"content":{"rendered":"<h3>NOW Foods Stevia mai bun\u0103 lichid\u0103<\/h3>\n<ul>\n<li>\u00cendulcitor lichid f\u0103r\u0103 calorii<\/li>\n<li>Deliciosul lichid BetterStevia este un plus excelent pentru b\u0103uturile dvs. preferate \u0219i este potrivit \u00een special pentru \u00eendulcirea cafelei \u0219i a ceaiului - doar c\u00e2teva pic\u0103turi pentru a ad\u0103uga o doz\u0103 de dulcea\u021b\u0103 oric\u0103rei b\u0103uturi, calde sau reci!<\/li>\n<li>Con\u021bine extract de stevia organic\u0103 certificat\u0103.<\/li>\n<\/ul>","protected":false},"excerpt":{"rendered":"<p>\u00cendulcitor vegan pentru alimente \u0219i b\u0103uturi NOW Foods Better Stevia Liquid, Original, stevia \u00een form\u0103 lichid\u0103, f\u0103r\u0103 arom\u0103, pachetul con\u021bine: 237 ml. F\u0103r\u0103 gluten, f\u0103r\u0103 zah\u0103r, f\u0103r\u0103 OMG.<\/p>","protected":false},"featured_media":51607,"comment_status":"closed","ping_status":"closed","template":"","meta":{"advanced_seo_description":"","jetpack_seo_html_title":"","jetpack_seo_noindex":false},"pwb-brand":[173],"product_brand":[4580],"product_cat":[143,234],"product_tag":[599,600,601,602,603],"class_list":{"0":"post-5193","1":"product","2":"type-product","3":"status-publish","4":"has-post-thumbnail","6":"pwb-brand-now-foods","7":"product_brand-now-foods","8":"product_cat-health-issues","9":"product_cat-healthy-sweetening","10":"product_tag-gluten-free","11":"product_tag-no-sugar","12":"product_tag-non-gmo","13":"product_tag-vegan","14":"product_tag-vege","15":"brand_woo-now-foods","17":"first","18":"instock","19":"taxable","20":"shipping-taxable","21":"purchasable","22":"product-type-simple"},"jetpack_sharing_enabled":true,"brands":[{"id":173,"name":"NOW Foods","slug":"now-foods"}],"_links":{"self":[{"href":"https:\/\/veganova.eu\/ro\/wp-json\/wp\/v2\/product\/5193","targetHints":{"allow":["GET"]}}],"collection":[{"href":"https:\/\/veganova.eu\/ro\/wp-json\/wp\/v2\/product"}],"about":[{"href":"https:\/\/veganova.eu\/ro\/wp-json\/wp\/v2\/types\/product"}],"replies":[{"embeddable":true,"href":"https:\/\/veganova.eu\/ro\/wp-json\/wp\/v2\/comments?post=5193"}],"version-history":[{"count":1,"href":"https:\/\/veganova.eu\/ro\/wp-json\/wp\/v2\/product\/5193\/revisions"}],"predecessor-version":[{"id":58303,"href":"https:\/\/veganova.eu\/ro\/wp-json\/wp\/v2\/product\/5193\/revisions\/58303"}],"wp:featuredmedia":[{"embeddable":true,"href":"https:\/\/veganova.eu\/ro\/wp-json\/wp\/v2\/media\/51607"}],"wp:attachment":[{"href":"https:\/\/veganova.eu\/ro\/wp-json\/wp\/v2\/media?parent=5193"}],"wp:term":[{"taxonomy":"pwb-brand","embeddable":true,"href":"https:\/\/veganova.eu\/ro\/wp-json\/wp\/v2\/pwb-brand?post=5193"},{"taxonomy":"product_brand","embeddable":true,"href":"https:\/\/veganova.eu\/ro\/wp-json\/wp\/v2\/product_brand?post=5193"},{"taxonomy":"product_cat","embeddable":true,"href":"https:\/\/veganova.eu\/ro\/wp-json\/wp\/v2\/product_cat?post=5193"},{"taxonomy":"product_tag","embeddable":true,"href":"https:\/\/veganova.eu\/ro\/wp-json\/wp\/v2\/product_tag?post=5193"}],"curies":[{"name":"wp","href":"https:\/\/api.w.org\/{rel}","templated":true}]}}