{"id":5195,"date":"2023-10-01T17:09:20","date_gmt":"2023-10-01T15:09:20","guid":{"rendered":"https:\/\/veganova.eu\/?post_type=product&#038;p=5195"},"modified":"2026-04-21T07:24:38","modified_gmt":"2026-04-21T05:24:38","slug":"now-foods-better-stevia-packets-organic-75-packets","status":"publish","type":"product","link":"https:\/\/veganova.eu\/ro\/shop\/now-foods-better-stevia-packets-organic-75-packets\/","title":{"rendered":"NOW Foods Better Stevia pachete, Organic (75 bal)"},"content":{"rendered":"<h3>NOW Foods Better Stevia pachete, Organic (75 bal)<\/h3>\n<p>Amestecat cu alte ingrediente<br \/>\n\u00cendulcitor f\u0103r\u0103 calorii<br \/>\nBetterStevia utilizeaz\u0103 un extract din frunze \u00eentregi care p\u0103streaz\u0103 dulcea\u021ba pur\u0103 a steviei reale, spre deosebire de alte produse care au doar frac\u021biuni izolate, cum ar fi Rebaudiana A (Reb A). Stevia noastr\u0103 este procesat\u0103 cu ajutorul unui tratament enzimatic special care are ca rezultat un extract de stevia curat, cu gust superior. Concentrarea noastr\u0103 asupra calit\u0103\u021bii \u0219i prospe\u021bimii confer\u0103 BetterStevia un gust rotund \u0219i dulce, foarte apropiat de cel al zah\u0103rului pur, f\u0103r\u0103 calorii sau vinov\u0103\u021bie. Acesta este motivul pentru care o numim BetterStevia. \u00cencerca\u021bi-o ast\u0103zi \u0219i vede\u021bi c\u00e2t de dulce este!<\/p>\n<p>BetterStevia este un \u00eendulcitor f\u0103r\u0103 calorii, f\u0103r\u0103 OMG, derivat din plante, care \u00eenlocuie\u0219te perfect zah\u0103rul de mas\u0103 \u0219i al\u021bi \u00eendulcitori alternativi. BetterStevia este un extract unic de stevia cu frunze \u00eentregi, care este utilizat cu u\u0219urin\u021b\u0103 de organism \u0219i metabolizat \u00een acela\u0219i mod \u00een care sunt nutrien\u021bii. Cu un gust care este de obicei de 60-100 de ori mai dulce dec\u00e2t zah\u0103rul rafinat, o cantitate mic\u0103 este tot ce trebuie pentru a v\u0103 \u00eendulci b\u0103uturile, alimentele \u0219i deserturile preferate! Totu\u0219i, nu toat\u0103 stevia este la fel. Noi lu\u0103m m\u0103suri speciale pentru a p\u0103stra calit\u0103\u021bile steviei \u00een aceast\u0103 stevie unic\u0103, cu un gust mai bun.<\/p>","protected":false},"excerpt":{"rendered":"<p>\u00cendulcitor vegan pentru alimente \u0219i b\u0103uturi NOW Foods Better Stevia Liquid Organic, stevia sub form\u0103 de pulbere, pachetul con\u021bine: 237 ml. F\u0103r\u0103 gluten, f\u0103r\u0103 zah\u0103r, f\u0103r\u0103 OMG.<\/p>","protected":false},"featured_media":51622,"comment_status":"closed","ping_status":"closed","template":"","meta":{"advanced_seo_description":"","jetpack_seo_html_title":"","jetpack_seo_noindex":false},"pwb-brand":[173],"product_brand":[4580],"product_cat":[143,234],"product_tag":[599,600,601,602,603],"class_list":{"0":"post-5195","1":"product","2":"type-product","3":"status-publish","4":"has-post-thumbnail","6":"pwb-brand-now-foods","7":"product_brand-now-foods","8":"product_cat-health-issues","9":"product_cat-healthy-sweetening","10":"product_tag-gluten-free","11":"product_tag-no-sugar","12":"product_tag-non-gmo","13":"product_tag-vegan","14":"product_tag-vege","15":"brand_woo-now-foods","17":"first","18":"outofstock","19":"taxable","20":"shipping-taxable","21":"purchasable","22":"product-type-simple"},"jetpack_sharing_enabled":true,"brands":[{"id":173,"name":"NOW Foods","slug":"now-foods"}],"_links":{"self":[{"href":"https:\/\/veganova.eu\/ro\/wp-json\/wp\/v2\/product\/5195","targetHints":{"allow":["GET"]}}],"collection":[{"href":"https:\/\/veganova.eu\/ro\/wp-json\/wp\/v2\/product"}],"about":[{"href":"https:\/\/veganova.eu\/ro\/wp-json\/wp\/v2\/types\/product"}],"replies":[{"embeddable":true,"href":"https:\/\/veganova.eu\/ro\/wp-json\/wp\/v2\/comments?post=5195"}],"version-history":[{"count":1,"href":"https:\/\/veganova.eu\/ro\/wp-json\/wp\/v2\/product\/5195\/revisions"}],"predecessor-version":[{"id":58304,"href":"https:\/\/veganova.eu\/ro\/wp-json\/wp\/v2\/product\/5195\/revisions\/58304"}],"wp:featuredmedia":[{"embeddable":true,"href":"https:\/\/veganova.eu\/ro\/wp-json\/wp\/v2\/media\/51622"}],"wp:attachment":[{"href":"https:\/\/veganova.eu\/ro\/wp-json\/wp\/v2\/media?parent=5195"}],"wp:term":[{"taxonomy":"pwb-brand","embeddable":true,"href":"https:\/\/veganova.eu\/ro\/wp-json\/wp\/v2\/pwb-brand?post=5195"},{"taxonomy":"product_brand","embeddable":true,"href":"https:\/\/veganova.eu\/ro\/wp-json\/wp\/v2\/product_brand?post=5195"},{"taxonomy":"product_cat","embeddable":true,"href":"https:\/\/veganova.eu\/ro\/wp-json\/wp\/v2\/product_cat?post=5195"},{"taxonomy":"product_tag","embeddable":true,"href":"https:\/\/veganova.eu\/ro\/wp-json\/wp\/v2\/product_tag?post=5195"}],"curies":[{"name":"wp","href":"https:\/\/api.w.org\/{rel}","templated":true}]}}