{"id":5201,"date":"2023-10-01T17:09:23","date_gmt":"2023-10-01T15:09:23","guid":{"rendered":"https:\/\/veganova.eu\/?post_type=product&#038;p=5201"},"modified":"2026-04-21T07:24:39","modified_gmt":"2026-04-21T05:24:39","slug":"now-foods-celery-seed-extract-60-kaps","status":"publish","type":"product","link":"https:\/\/veganova.eu\/ro\/shop\/now-foods-celery-seed-extract-60-kaps\/","title":{"rendered":"NOW Foods Extract de semin\u021be de \u021belin\u0103 (60 caps)"},"content":{"rendered":"<h3>NOW Foods Extract de semin\u021be de \u021belin\u0103 (60 caps)<\/h3>\n<p>Func\u021bie vascular\u0103 s\u0103n\u0103toas\u0103<br \/>\nPlus Horse Chestnut &amp; Hawthorn Extracts<br \/>\nExtractul de semin\u021be de \u021belin\u0103 NOW ofer\u0103 o gam\u0103 larg\u0103 de compu\u0219i bioactivi, inclusiv ftalide naturale, cum ar fi 3-n-butilftalida (3nB). 3nB este intens cercetat pentru capacitatea sa de a sus\u021bine s\u0103n\u0103tatea vascular\u0103, \u00een special \u00een creier. Acest produs include extract din semin\u021be de castan de India, cunoscut de mult timp pentru sus\u021binerea unei func\u021bii vasculare s\u0103n\u0103toase. Extractul de p\u0103ducel, cu numero\u0219ii s\u0103i constituen\u021bi fenolici, a fost, de asemenea, inclus pentru a completa aceast\u0103 formul\u0103.<\/p>","protected":false},"excerpt":{"rendered":"<p>Supliment nutri\u021bional vegan NOW Foods Extract de semin\u021be de \u021belin\u0103 - extract din semin\u021be de \u021belin\u0103, pachetul con\u021bine: 60 capsule. F\u0103r\u0103 gluten, f\u0103r\u0103 OMG.<\/p>","protected":false},"featured_media":51557,"comment_status":"closed","ping_status":"closed","template":"","meta":{"advanced_seo_description":"","jetpack_seo_html_title":"","jetpack_seo_noindex":false},"pwb-brand":[173],"product_brand":[4580],"product_cat":[149],"product_tag":[1200,1221,1153],"class_list":{"0":"post-5201","1":"product","2":"type-product","3":"status-publish","4":"has-post-thumbnail","6":"pwb-brand-now-foods","7":"product_brand-now-foods","8":"product_cat-superfoods","9":"product_tag-blood-circulation","10":"product_tag-brain","11":"product_tag-vessels","12":"brand_woo-now-foods","14":"first","15":"instock","16":"taxable","17":"shipping-taxable","18":"purchasable","19":"product-type-simple"},"jetpack_sharing_enabled":true,"brands":[{"id":173,"name":"NOW Foods","slug":"now-foods"}],"_links":{"self":[{"href":"https:\/\/veganova.eu\/ro\/wp-json\/wp\/v2\/product\/5201","targetHints":{"allow":["GET"]}}],"collection":[{"href":"https:\/\/veganova.eu\/ro\/wp-json\/wp\/v2\/product"}],"about":[{"href":"https:\/\/veganova.eu\/ro\/wp-json\/wp\/v2\/types\/product"}],"replies":[{"embeddable":true,"href":"https:\/\/veganova.eu\/ro\/wp-json\/wp\/v2\/comments?post=5201"}],"version-history":[{"count":1,"href":"https:\/\/veganova.eu\/ro\/wp-json\/wp\/v2\/product\/5201\/revisions"}],"predecessor-version":[{"id":58309,"href":"https:\/\/veganova.eu\/ro\/wp-json\/wp\/v2\/product\/5201\/revisions\/58309"}],"wp:featuredmedia":[{"embeddable":true,"href":"https:\/\/veganova.eu\/ro\/wp-json\/wp\/v2\/media\/51557"}],"wp:attachment":[{"href":"https:\/\/veganova.eu\/ro\/wp-json\/wp\/v2\/media?parent=5201"}],"wp:term":[{"taxonomy":"pwb-brand","embeddable":true,"href":"https:\/\/veganova.eu\/ro\/wp-json\/wp\/v2\/pwb-brand?post=5201"},{"taxonomy":"product_brand","embeddable":true,"href":"https:\/\/veganova.eu\/ro\/wp-json\/wp\/v2\/product_brand?post=5201"},{"taxonomy":"product_cat","embeddable":true,"href":"https:\/\/veganova.eu\/ro\/wp-json\/wp\/v2\/product_cat?post=5201"},{"taxonomy":"product_tag","embeddable":true,"href":"https:\/\/veganova.eu\/ro\/wp-json\/wp\/v2\/product_tag?post=5201"}],"curies":[{"name":"wp","href":"https:\/\/api.w.org\/{rel}","templated":true}]}}