{"id":5317,"date":"2023-10-01T17:10:24","date_gmt":"2023-10-01T15:10:24","guid":{"rendered":"https:\/\/veganova.eu\/?post_type=product&#038;p=5317"},"modified":"2026-04-21T07:24:46","modified_gmt":"2026-04-21T05:24:46","slug":"swanson-acetyl-l-carnitine-500mg-100-kaps","status":"publish","type":"product","link":"https:\/\/veganova.eu\/ro\/shop\/swanson-acetyl-l-carnitine-500mg-100-kaps\/","title":{"rendered":"Swanson Acetyl L-Carnitine, 500mg (100 caps)"},"content":{"rendered":"<h3>Swanson Acetyl L-Carnitine, 500mg (100 caps)<\/h3>\n<p>Energizeaz\u0103 mintea \u0219i promoveaz\u0103 concentrarea<br \/>\nTrece prin bariera hemato-encefalic\u0103 pentru a sus\u021bine s\u0103n\u0103tatea cognitiv\u0103 \u0219i func\u021bia optim\u0103 a creierului<br \/>\nPromoveaz\u0103 protec\u021bia antioxidant\u0103 \u00een \u00eentregul sistem nervos<\/p>\n<p>Energiza\u021bi mintea \u0219i favoriza\u021bi concentrarea cu ajutorul Acetyl L- Carnitine Premium Swanson! Aceast\u0103 formul\u0103 unic\u0103 provine din esterul aminoacidului esen\u021bial L-carnitin\u0103. Mu\u0219chii din \u00eentregul corp au nevoie \u0219i de aceast\u0103 energie pentru a deveni mai puternici pe m\u0103sur\u0103 ce face\u021bi exerci\u021bii fizice. Creierul dumneavoastr\u0103 utilizeaz\u0103 aceast\u0103 energie pentru a men\u021bine func\u021biile s\u0103n\u0103toase, cum ar fi produc\u021bia de neurotransmi\u021b\u0103tori. Acetil L-carnitina ajut\u0103, de asemenea, la men\u021binerea unei func\u021bii neurologice s\u0103n\u0103toase prin furnizarea de protec\u021bie antioxidant\u0103 \u00een \u00eentregul sistem nervos. Fiecare capsul\u0103 vegetal\u0103 furnizeaz\u0103 500 mg de acetil L-carnitin\u0103.<\/p>","protected":false},"excerpt":{"rendered":"<p>Supliment alimentar vegetarian Swanson Acetyl L-Carnitine, 500mg pentru energie \u00een timpul antrenamentului, metabolism adecvat \u0219i un sistem nervos s\u0103n\u0103tos. Pachetul con\u021bine: 100 capsule.<\/p>","protected":false},"featured_media":52932,"comment_status":"closed","ping_status":"closed","template":"","meta":{"advanced_seo_description":"","jetpack_seo_html_title":"","jetpack_seo_noindex":false},"pwb-brand":[450],"product_brand":[4753],"product_cat":[155,132],"product_tag":[1401,1094,1150],"class_list":{"0":"post-5317","1":"product","2":"type-product","3":"status-publish","4":"has-post-thumbnail","6":"pwb-brand-swanson","7":"product_brand-swanson","8":"product_cat-fat-burners","9":"product_cat-sports-nutrition","10":"product_tag-character-drawing","11":"product_tag-metabolism","12":"product_tag-nervous-system","13":"brand_woo-swanson","15":"first","16":"instock","17":"taxable","18":"shipping-taxable","19":"purchasable","20":"product-type-simple"},"jetpack_sharing_enabled":true,"brands":[{"id":450,"name":"Swanson","slug":"swanson"}],"_links":{"self":[{"href":"https:\/\/veganova.eu\/ro\/wp-json\/wp\/v2\/product\/5317","targetHints":{"allow":["GET"]}}],"collection":[{"href":"https:\/\/veganova.eu\/ro\/wp-json\/wp\/v2\/product"}],"about":[{"href":"https:\/\/veganova.eu\/ro\/wp-json\/wp\/v2\/types\/product"}],"replies":[{"embeddable":true,"href":"https:\/\/veganova.eu\/ro\/wp-json\/wp\/v2\/comments?post=5317"}],"version-history":[{"count":1,"href":"https:\/\/veganova.eu\/ro\/wp-json\/wp\/v2\/product\/5317\/revisions"}],"predecessor-version":[{"id":58415,"href":"https:\/\/veganova.eu\/ro\/wp-json\/wp\/v2\/product\/5317\/revisions\/58415"}],"wp:featuredmedia":[{"embeddable":true,"href":"https:\/\/veganova.eu\/ro\/wp-json\/wp\/v2\/media\/52932"}],"wp:attachment":[{"href":"https:\/\/veganova.eu\/ro\/wp-json\/wp\/v2\/media?parent=5317"}],"wp:term":[{"taxonomy":"pwb-brand","embeddable":true,"href":"https:\/\/veganova.eu\/ro\/wp-json\/wp\/v2\/pwb-brand?post=5317"},{"taxonomy":"product_brand","embeddable":true,"href":"https:\/\/veganova.eu\/ro\/wp-json\/wp\/v2\/product_brand?post=5317"},{"taxonomy":"product_cat","embeddable":true,"href":"https:\/\/veganova.eu\/ro\/wp-json\/wp\/v2\/product_cat?post=5317"},{"taxonomy":"product_tag","embeddable":true,"href":"https:\/\/veganova.eu\/ro\/wp-json\/wp\/v2\/product_tag?post=5317"}],"curies":[{"name":"wp","href":"https:\/\/api.w.org\/{rel}","templated":true}]}}