{"id":5318,"date":"2023-10-01T17:10:24","date_gmt":"2023-10-01T15:10:24","guid":{"rendered":"https:\/\/veganova.eu\/?post_type=product&#038;p=5318"},"modified":"2026-04-21T07:24:47","modified_gmt":"2026-04-21T05:24:47","slug":"swanson-bergamot-extract-500mg-30-kaps","status":"publish","type":"product","link":"https:\/\/veganova.eu\/ro\/shop\/swanson-bergamot-extract-500mg-30-kaps\/","title":{"rendered":"Swanson Extract de bergamot\u0103, 500mg (30 caps)"},"content":{"rendered":"<h3>Swanson Extract de bergamot\u0103, 500mg (30 caps)<\/h3>\n<p>Promoveaz\u0103 niveluri s\u0103n\u0103toase de colesterol<br \/>\nSprijin multidimensional pentru s\u0103n\u0103tatea cardiovascular\u0103<br \/>\nP\u0103streaz\u0103 s\u0103n\u0103tatea \u0219i elasticitatea arterial\u0103<br \/>\nSus\u021bine niveluri s\u0103n\u0103toase de CoQ10<\/p>\n<p>Bergamota este un fruct citric mic \u0219i parfumat, asem\u0103n\u0103tor portocalei, dar colorat mai mult ca o l\u0103m\u00e2ie. De\u0219i este considerat necomestibil din cauza am\u0103r\u0103ciunii sale acide, este foarte c\u0103utat pentru uleiul s\u0103u esen\u021bial, care a fost folosit timp de secole de parfumieri, buc\u0103tari (uleiul este folosit pentru a ad\u0103uga parfum \u0219i arom\u0103) \u0219i fitoterapeu\u021bi tradi\u021bionali. Progresele recente \u00een cercetarea medical\u0103 g\u0103sesc noi aplica\u021bii pentru uleiul de bergamot\u0103, care con\u021bine flavonoide biologic active. Ad\u0103uga\u021bi Swanson Superior Herbs Bergamot Extract la regimul dvs. de suplimente pentru o abordare holistic\u0103 a men\u021binerii colesterolului.<\/p>","protected":false},"excerpt":{"rendered":"<p>Suplimentul alimentar vegetarian Swanson Bergamot Extract, 500mg este ideal pentru niveluri s\u0103n\u0103toase de colesterol \u0219i coenzima Q10, precum \u0219i pentru sus\u021binerea sistemului cardiovascular. Pachetul con\u021bine: 30 de capsule.<\/p>","protected":false},"featured_media":52929,"comment_status":"closed","ping_status":"closed","template":"","meta":{"advanced_seo_description":"","jetpack_seo_html_title":"","jetpack_seo_noindex":false},"pwb-brand":[450],"product_brand":[4753],"product_cat":[289,149],"product_tag":[1159,1241,1040,1158,1153],"class_list":{"0":"post-5318","1":"product","2":"type-product","3":"status-publish","4":"has-post-thumbnail","6":"pwb-brand-swanson","7":"product_brand-swanson","8":"product_cat-heart-and-blood-vessels","9":"product_cat-superfoods","10":"product_tag-aging","11":"product_tag-cardiovascular-system","12":"product_tag-cholesterol","13":"product_tag-heart","14":"product_tag-vessels","15":"brand_woo-swanson","17":"first","18":"instock","19":"taxable","20":"shipping-taxable","21":"purchasable","22":"product-type-simple"},"jetpack_sharing_enabled":true,"brands":[{"id":450,"name":"Swanson","slug":"swanson"}],"_links":{"self":[{"href":"https:\/\/veganova.eu\/ro\/wp-json\/wp\/v2\/product\/5318","targetHints":{"allow":["GET"]}}],"collection":[{"href":"https:\/\/veganova.eu\/ro\/wp-json\/wp\/v2\/product"}],"about":[{"href":"https:\/\/veganova.eu\/ro\/wp-json\/wp\/v2\/types\/product"}],"replies":[{"embeddable":true,"href":"https:\/\/veganova.eu\/ro\/wp-json\/wp\/v2\/comments?post=5318"}],"version-history":[{"count":1,"href":"https:\/\/veganova.eu\/ro\/wp-json\/wp\/v2\/product\/5318\/revisions"}],"predecessor-version":[{"id":58416,"href":"https:\/\/veganova.eu\/ro\/wp-json\/wp\/v2\/product\/5318\/revisions\/58416"}],"wp:featuredmedia":[{"embeddable":true,"href":"https:\/\/veganova.eu\/ro\/wp-json\/wp\/v2\/media\/52929"}],"wp:attachment":[{"href":"https:\/\/veganova.eu\/ro\/wp-json\/wp\/v2\/media?parent=5318"}],"wp:term":[{"taxonomy":"pwb-brand","embeddable":true,"href":"https:\/\/veganova.eu\/ro\/wp-json\/wp\/v2\/pwb-brand?post=5318"},{"taxonomy":"product_brand","embeddable":true,"href":"https:\/\/veganova.eu\/ro\/wp-json\/wp\/v2\/product_brand?post=5318"},{"taxonomy":"product_cat","embeddable":true,"href":"https:\/\/veganova.eu\/ro\/wp-json\/wp\/v2\/product_cat?post=5318"},{"taxonomy":"product_tag","embeddable":true,"href":"https:\/\/veganova.eu\/ro\/wp-json\/wp\/v2\/product_tag?post=5318"}],"curies":[{"name":"wp","href":"https:\/\/api.w.org\/{rel}","templated":true}]}}