{"id":5321,"date":"2023-10-01T17:10:25","date_gmt":"2023-10-01T15:10:25","guid":{"rendered":"https:\/\/veganova.eu\/?post_type=product&#038;p=5321"},"modified":"2026-04-21T07:24:48","modified_gmt":"2026-04-21T05:24:48","slug":"swanson-leg-vein-essentials-delayed-release-60-kaps","status":"publish","type":"product","link":"https:\/\/veganova.eu\/ro\/shop\/swanson-leg-vein-essentials-delayed-release-60-kaps\/","title":{"rendered":"Swanson Leg Vein Essentials, eliberare \u00eent\u00e2rziat\u0103 (60 caps)"},"content":{"rendered":"<h3>Swanson Leg Vein Essentials, eliberare \u00eent\u00e2rziat\u0103 (60 caps)<\/h3>\n<p>Picioarele tale se ridic\u0103 \u00een picioare pentru tine. Acum, este timpul s\u0103 te ridici \u00een picioare pentru picioarele tale! Swanson Leg Vein Essentials include m\u0103tur\u0103 de m\u0103celar, afine \u0219i p\u0103ducel pentru a sus\u021bine o circula\u021bie s\u0103n\u0103toas\u0103, \u00een timp ce castanul de India \u0219i gotu kola promoveaz\u0103 vene \u0219i capilare puternice. Semin\u021bele de struguri protejeaz\u0103 colagenul necesar pentru artere s\u0103n\u0103toase, iar bioflavonoidul hesperidin stimuleaz\u0103 func\u021biile de rezisten\u021b\u0103 ale organismului.<\/p>","protected":false},"excerpt":{"rendered":"<p>Suplimentul nutritiv vegetarian Swanson Leg Vein Essentials, cu eliberare \u00eent\u00e2rziat\u0103 este ideal dac\u0103 ave\u021bi probleme cu umflarea picioarelor \u0219i cu vene varicoase. Complexul de extracte naturale ajut\u0103 la vindecarea vaselor de s\u00e2nge, elasticitatea lor \u0219i sus\u021bine circula\u021bia s\u00e2ngelui. Cu eliberare treptat\u0103, capsule vegetariene u\u0219or digerabile. Pachetul con\u021bine: 60 de capsule.<\/p>","protected":false},"featured_media":52925,"comment_status":"closed","ping_status":"closed","template":"","meta":{"advanced_seo_description":"","jetpack_seo_html_title":"","jetpack_seo_noindex":false},"pwb-brand":[450],"product_brand":[4753],"product_cat":[289,152],"product_tag":[1200,1167,1447],"class_list":{"0":"post-5321","1":"product","2":"type-product","3":"status-publish","4":"has-post-thumbnail","6":"pwb-brand-swanson","7":"product_brand-swanson","8":"product_cat-heart-and-blood-vessels","9":"product_cat-vitamins-and-minerals","10":"product_tag-blood-circulation","11":"product_tag-blood-vessels","12":"product_tag-varicose-veins","13":"brand_woo-swanson","15":"first","16":"instock","17":"taxable","18":"shipping-taxable","19":"purchasable","20":"product-type-simple"},"jetpack_sharing_enabled":true,"brands":[{"id":450,"name":"Swanson","slug":"swanson"}],"_links":{"self":[{"href":"https:\/\/veganova.eu\/ro\/wp-json\/wp\/v2\/product\/5321","targetHints":{"allow":["GET"]}}],"collection":[{"href":"https:\/\/veganova.eu\/ro\/wp-json\/wp\/v2\/product"}],"about":[{"href":"https:\/\/veganova.eu\/ro\/wp-json\/wp\/v2\/types\/product"}],"replies":[{"embeddable":true,"href":"https:\/\/veganova.eu\/ro\/wp-json\/wp\/v2\/comments?post=5321"}],"version-history":[{"count":1,"href":"https:\/\/veganova.eu\/ro\/wp-json\/wp\/v2\/product\/5321\/revisions"}],"predecessor-version":[{"id":58419,"href":"https:\/\/veganova.eu\/ro\/wp-json\/wp\/v2\/product\/5321\/revisions\/58419"}],"wp:featuredmedia":[{"embeddable":true,"href":"https:\/\/veganova.eu\/ro\/wp-json\/wp\/v2\/media\/52925"}],"wp:attachment":[{"href":"https:\/\/veganova.eu\/ro\/wp-json\/wp\/v2\/media?parent=5321"}],"wp:term":[{"taxonomy":"pwb-brand","embeddable":true,"href":"https:\/\/veganova.eu\/ro\/wp-json\/wp\/v2\/pwb-brand?post=5321"},{"taxonomy":"product_brand","embeddable":true,"href":"https:\/\/veganova.eu\/ro\/wp-json\/wp\/v2\/product_brand?post=5321"},{"taxonomy":"product_cat","embeddable":true,"href":"https:\/\/veganova.eu\/ro\/wp-json\/wp\/v2\/product_cat?post=5321"},{"taxonomy":"product_tag","embeddable":true,"href":"https:\/\/veganova.eu\/ro\/wp-json\/wp\/v2\/product_tag?post=5321"}],"curies":[{"name":"wp","href":"https:\/\/api.w.org\/{rel}","templated":true}]}}