{"id":8754,"date":"2023-10-01T17:12:29","date_gmt":"2023-10-01T15:12:29","guid":{"rendered":"https:\/\/veganova.eu\/?post_type=product&#038;p=8754"},"modified":"2026-05-02T02:27:35","modified_gmt":"2026-05-02T00:27:35","slug":"naughty-boy-creatine-powder-450g","status":"publish","type":"product","link":"https:\/\/veganova.eu\/ro\/shop\/naughty-boy-creatine-powder-450g\/","title":{"rendered":"Naughty Boy Creatin\u0103, pulbere - 450g"},"content":{"rendered":"<h3>Naughty Boy Creatin\u0103, pulbere - 450g<\/h3>\n<p>NaughtyBoy Flavoured Micronised Creatine Powder - 60 de por\u021bii.<\/p>\n<p>Pulberea noastr\u0103 de creatin\u0103 micronizat\u0103 con\u021bine una dintre cele mai studiate forme de creatin\u0103 disponibile. S-a demonstrat \u0219tiin\u021bific c\u0103 monohidratul de creatin\u0103 cre\u0219te performan\u021ba de anduran\u021b\u0103 \u0219i for\u021ba at\u00e2t la b\u0103rba\u021bi, c\u00e2t \u0219i la femei.<\/p>","protected":false},"excerpt":{"rendered":"<p>Naughty Boy Creatine vegan nutritional supplement in powder form with creatine content is ideal for both men and women and an increase in sports performance as well as strength. Package contents: 450g.<\/p>","protected":false},"featured_media":52764,"comment_status":"closed","ping_status":"closed","template":"","meta":{"advanced_seo_description":"","jetpack_seo_html_title":"","jetpack_seo_noindex":false},"pwb-brand":[488],"product_brand":[4785],"product_cat":[272,132],"product_tag":[1497,1183,1207],"class_list":{"0":"post-8754","1":"product","2":"type-product","3":"status-publish","4":"has-post-thumbnail","6":"pwb-brand-naughty-boy","7":"product_brand-naughty-boy","8":"product_cat-creatines","9":"product_cat-sports-nutrition","10":"product_tag-performance-enhancement","11":"product_tag-sports-drink","12":"product_tag-strength","13":"brand_woo-naughty-boy","15":"first","16":"instock","17":"taxable","18":"shipping-taxable","19":"purchasable","20":"product-type-simple"},"jetpack_sharing_enabled":true,"brands":[{"id":488,"name":"Naughty Boy","slug":"naughty-boy"}],"_links":{"self":[{"href":"https:\/\/veganova.eu\/ro\/wp-json\/wp\/v2\/product\/8754","targetHints":{"allow":["GET"]}}],"collection":[{"href":"https:\/\/veganova.eu\/ro\/wp-json\/wp\/v2\/product"}],"about":[{"href":"https:\/\/veganova.eu\/ro\/wp-json\/wp\/v2\/types\/product"}],"replies":[{"embeddable":true,"href":"https:\/\/veganova.eu\/ro\/wp-json\/wp\/v2\/comments?post=8754"}],"version-history":[{"count":1,"href":"https:\/\/veganova.eu\/ro\/wp-json\/wp\/v2\/product\/8754\/revisions"}],"predecessor-version":[{"id":58651,"href":"https:\/\/veganova.eu\/ro\/wp-json\/wp\/v2\/product\/8754\/revisions\/58651"}],"wp:featuredmedia":[{"embeddable":true,"href":"https:\/\/veganova.eu\/ro\/wp-json\/wp\/v2\/media\/52764"}],"wp:attachment":[{"href":"https:\/\/veganova.eu\/ro\/wp-json\/wp\/v2\/media?parent=8754"}],"wp:term":[{"taxonomy":"pwb-brand","embeddable":true,"href":"https:\/\/veganova.eu\/ro\/wp-json\/wp\/v2\/pwb-brand?post=8754"},{"taxonomy":"product_brand","embeddable":true,"href":"https:\/\/veganova.eu\/ro\/wp-json\/wp\/v2\/product_brand?post=8754"},{"taxonomy":"product_cat","embeddable":true,"href":"https:\/\/veganova.eu\/ro\/wp-json\/wp\/v2\/product_cat?post=8754"},{"taxonomy":"product_tag","embeddable":true,"href":"https:\/\/veganova.eu\/ro\/wp-json\/wp\/v2\/product_tag?post=8754"}],"curies":[{"name":"wp","href":"https:\/\/api.w.org\/{rel}","templated":true}]}}