{"id":8774,"date":"2023-10-01T17:12:34","date_gmt":"2023-10-01T15:12:34","guid":{"rendered":"https:\/\/veganova.eu\/?post_type=product&#038;p=8774"},"modified":"2026-04-21T07:25:06","modified_gmt":"2026-04-21T05:25:06","slug":"enzymedica-digest-90-caps","status":"publish","type":"product","link":"https:\/\/veganova.eu\/ro\/shop\/enzymedica-digest-90-caps\/","title":{"rendered":"Enzymedica Digest - 90 caps"},"content":{"rendered":"<h3>Enzymedica Digest - 90 caps<\/h3>\n<p>Gama complet\u0103 de enzime pentru a descompune mesele de zi cu zi!<br \/>\nDigest Complete include enzime pentru a descompune de 2 ori mai mult dec\u00e2t Digest Basic.<br \/>\nAceast\u0103 formul\u0103 descompune eficient carbohidra\u021bii, gr\u0103simile, fibrele \u0219i proteinele - tot ceea ce se g\u0103se\u0219te de obicei \u00een mesele zilnice. De asemenea, accelereaz\u0103 digestia \u0219i promoveaz\u0103 absorb\u021bia nutrien\u021bilor. Aceste enzime ajut\u0103 la transformarea meselor zilnice \u00een energie pentru toat\u0103 ziua. Enzimele noastre patentate Thera-blend sunt formulate \u0219tiin\u021bific pentru rezultate la nivelul \u00eentregului corp.<\/p>","protected":false},"excerpt":{"rendered":"<p>Enzymedica Digest Vegan Digestive Enzymes ofer\u0103 organismului toate enzimele necesare pentru a v\u0103 repara digestia afectat\u0103 dup\u0103 o diet\u0103 proast\u0103, un stil de via\u021b\u0103 deficitar sau indigestie legat\u0103 de v\u00e2rst\u0103. Formula special\u0103 de enzime va ajuta organismul s\u0103 proceseze corect carbohidra\u021bii, gr\u0103simile, fibrele \u0219i proteinele. Con\u021binutul pachetului: 90 de capsule.<\/p>","protected":false},"featured_media":12113,"comment_status":"closed","ping_status":"closed","template":"","meta":{"advanced_seo_description":"","jetpack_seo_html_title":"","jetpack_seo_noindex":false},"pwb-brand":[467],"product_brand":[4767],"product_cat":[596],"product_tag":[1190,1191],"class_list":{"0":"post-8774","1":"product","2":"type-product","3":"status-publish","4":"has-post-thumbnail","6":"pwb-brand-enzymedica","7":"product_brand-enzymedica","8":"product_cat-digestion","9":"product_tag-digestive-enzymes","10":"product_tag-digestive-problems","11":"brand_woo-enzymedica","13":"first","14":"outofstock","15":"sale","16":"taxable","17":"shipping-taxable","18":"purchasable","19":"product-type-simple"},"jetpack_sharing_enabled":true,"brands":[{"id":467,"name":"Enzymedica","slug":"enzymedica"}],"_links":{"self":[{"href":"https:\/\/veganova.eu\/ro\/wp-json\/wp\/v2\/product\/8774","targetHints":{"allow":["GET"]}}],"collection":[{"href":"https:\/\/veganova.eu\/ro\/wp-json\/wp\/v2\/product"}],"about":[{"href":"https:\/\/veganova.eu\/ro\/wp-json\/wp\/v2\/types\/product"}],"replies":[{"embeddable":true,"href":"https:\/\/veganova.eu\/ro\/wp-json\/wp\/v2\/comments?post=8774"}],"version-history":[{"count":1,"href":"https:\/\/veganova.eu\/ro\/wp-json\/wp\/v2\/product\/8774\/revisions"}],"predecessor-version":[{"id":58661,"href":"https:\/\/veganova.eu\/ro\/wp-json\/wp\/v2\/product\/8774\/revisions\/58661"}],"wp:featuredmedia":[{"embeddable":true,"href":"https:\/\/veganova.eu\/ro\/wp-json\/wp\/v2\/media\/12113"}],"wp:attachment":[{"href":"https:\/\/veganova.eu\/ro\/wp-json\/wp\/v2\/media?parent=8774"}],"wp:term":[{"taxonomy":"pwb-brand","embeddable":true,"href":"https:\/\/veganova.eu\/ro\/wp-json\/wp\/v2\/pwb-brand?post=8774"},{"taxonomy":"product_brand","embeddable":true,"href":"https:\/\/veganova.eu\/ro\/wp-json\/wp\/v2\/product_brand?post=8774"},{"taxonomy":"product_cat","embeddable":true,"href":"https:\/\/veganova.eu\/ro\/wp-json\/wp\/v2\/product_cat?post=8774"},{"taxonomy":"product_tag","embeddable":true,"href":"https:\/\/veganova.eu\/ro\/wp-json\/wp\/v2\/product_tag?post=8774"}],"curies":[{"name":"wp","href":"https:\/\/api.w.org\/{rel}","templated":true}]}}