{"id":8968,"date":"2023-10-01T17:13:26","date_gmt":"2023-10-01T15:13:26","guid":{"rendered":"https:\/\/veganova.eu\/?post_type=product&#038;p=8968"},"modified":"2026-04-21T07:25:14","modified_gmt":"2026-04-21T05:25:14","slug":"now-foods-micronized-creatine-monohydrate-500g","status":"publish","type":"product","link":"https:\/\/veganova.eu\/ro\/shop\/now-foods-micronized-creatine-monohydrate-500g\/","title":{"rendered":"NOW Foods Creatin\u0103 monohidrat micronizat\u0103 - 500g"},"content":{"rendered":"<h3>NOW Foods Creatin\u0103 monohidrat micronizat\u0103 - 500g<\/h3>\n<p>Pulbere pur\u0103<br \/>\nCombustibil muscular<br \/>\nMasa slab\u0103<\/p>\n<p>Creatina este un compus care apare \u00een mod natural \u00een organism, \u00een principal \u00een mu\u0219chii scheletici. Func\u021bia creatinei este de a servi ca precursor pentru adenozin trifosfat (ATP), forma de energie chimic\u0103 utilizat\u0103 de toate celulele. Rezervele corporale de creatin\u0103 creeaz\u0103 un rezervor de ATP u\u0219or disponibil pentru energie, care este necesar pentru alimentarea exploziilor rapide de putere \u0219i for\u021b\u0103. Studiile au demonstrat c\u0103 suplimentarea cu creatin\u0103 poate ajuta la men\u021binerea \u021besutului muscular existent, sus\u021bine cre\u0219terea \u0219i dezvoltarea masei slabe \u0219i promoveaz\u0103 performan\u021ba optim\u0103 \u00een timpul scurtelor reprize de exerci\u021bii intense. NOW Micronized Creatine Monohydrate se amestec\u0103 u\u0219or \u0219i nu are aditivi sau conservan\u021bi.<\/p>","protected":false},"excerpt":{"rendered":"<p>Suplimentul alimentar NOW Foods Creatin\u0103 monohidrat micronizat\u0103 este combustibilul ideal pentru mu\u0219chi \u0219i mu\u0219chi slabi. F\u0103r\u0103 gluten, f\u0103r\u0103 soia, f\u0103r\u0103 OMG, vegan. Con\u021binut: 1: 500g.<\/p>","protected":false},"featured_media":52643,"comment_status":"closed","ping_status":"closed","template":"","meta":{"advanced_seo_description":"","jetpack_seo_html_title":"","jetpack_seo_noindex":false},"pwb-brand":[173],"product_brand":[4580],"product_cat":[272,132],"product_tag":[860,1209],"class_list":{"0":"post-8968","1":"product","2":"type-product","3":"status-publish","4":"has-post-thumbnail","6":"pwb-brand-now-foods","7":"product_brand-now-foods","8":"product_cat-creatines","9":"product_cat-sports-nutrition","10":"product_tag-energy","11":"product_tag-lean-muscles","12":"brand_woo-now-foods","14":"first","15":"instock","16":"taxable","17":"shipping-taxable","18":"purchasable","19":"product-type-simple"},"jetpack_sharing_enabled":true,"brands":[{"id":173,"name":"NOW Foods","slug":"now-foods"}],"_links":{"self":[{"href":"https:\/\/veganova.eu\/ro\/wp-json\/wp\/v2\/product\/8968","targetHints":{"allow":["GET"]}}],"collection":[{"href":"https:\/\/veganova.eu\/ro\/wp-json\/wp\/v2\/product"}],"about":[{"href":"https:\/\/veganova.eu\/ro\/wp-json\/wp\/v2\/types\/product"}],"replies":[{"embeddable":true,"href":"https:\/\/veganova.eu\/ro\/wp-json\/wp\/v2\/comments?post=8968"}],"version-history":[{"count":1,"href":"https:\/\/veganova.eu\/ro\/wp-json\/wp\/v2\/product\/8968\/revisions"}],"predecessor-version":[{"id":58748,"href":"https:\/\/veganova.eu\/ro\/wp-json\/wp\/v2\/product\/8968\/revisions\/58748"}],"wp:featuredmedia":[{"embeddable":true,"href":"https:\/\/veganova.eu\/ro\/wp-json\/wp\/v2\/media\/52643"}],"wp:attachment":[{"href":"https:\/\/veganova.eu\/ro\/wp-json\/wp\/v2\/media?parent=8968"}],"wp:term":[{"taxonomy":"pwb-brand","embeddable":true,"href":"https:\/\/veganova.eu\/ro\/wp-json\/wp\/v2\/pwb-brand?post=8968"},{"taxonomy":"product_brand","embeddable":true,"href":"https:\/\/veganova.eu\/ro\/wp-json\/wp\/v2\/product_brand?post=8968"},{"taxonomy":"product_cat","embeddable":true,"href":"https:\/\/veganova.eu\/ro\/wp-json\/wp\/v2\/product_cat?post=8968"},{"taxonomy":"product_tag","embeddable":true,"href":"https:\/\/veganova.eu\/ro\/wp-json\/wp\/v2\/product_tag?post=8968"}],"curies":[{"name":"wp","href":"https:\/\/api.w.org\/{rel}","templated":true}]}}