{"id":9150,"date":"2023-10-01T17:14:14","date_gmt":"2023-10-01T15:14:14","guid":{"rendered":"https:\/\/veganova.eu\/?post_type=product&#038;p=9150"},"modified":"2026-04-21T07:25:19","modified_gmt":"2026-04-21T05:25:19","slug":"swanson-pure-brainpower-60-vcaps","status":"publish","type":"product","link":"https:\/\/veganova.eu\/ro\/shop\/swanson-pure-brainpower-60-vcaps\/","title":{"rendered":"Swanson Pure Brainpower - 60 vcaps"},"content":{"rendered":"<h3>Swanson Pure Brainpower - 60 vcaps<\/h3>\n<ul>\n<li>Ierburi studiate clinic dovedite a promova memoria \u0219i s\u0103n\u0103tatea general\u0103 a creierului<\/li>\n<li>Caracteristici Ginkgo biloba, BaCognize Bacopa monnieri \u0219i extract de fructe de cafea NeuroFactor<\/li>\n<li>Formula adaptogenic\u0103 ofer\u0103 doze studiate \u0219tiin\u021bific pentru func\u021bia cognitiv\u0103 \u0219i concentrare<\/li>\n<\/ul>\n<p>C\u00e2nd ne g\u00e2ndim la o \u00eemb\u0103tr\u00e2nire s\u0103n\u0103toas\u0103, este u\u0219or s\u0103 ne concentr\u0103m \u00een mare m\u0103sur\u0103 asupra s\u0103n\u0103t\u0103\u021bii fizice - lucruri precum mobilitatea, flexibilitatea \u0219i rezisten\u021ba. Avem tendin\u021ba de a trece cu vederea celelalte componente esen\u021biale ale \u00eemb\u0103tr\u00e2nirii s\u0103n\u0103toase - s\u0103n\u0103tatea noastr\u0103 mental\u0103, emo\u021bional\u0103 \u0219i psihologic\u0103. Pe scurt, uit\u0103m s\u0103 ne g\u00e2ndim la s\u0103n\u0103tatea creierului. Func\u021bia \u0219i performan\u021ba cognitiv\u0103 pot sc\u0103dea odat\u0103 cu \u00eenaintarea \u00een v\u00e2rst\u0103, mai ales c\u0103 studiile au ar\u0103tat c\u0103 produc\u021bia s\u0103n\u0103toas\u0103 de factor neurotrofic derivat din creier (BDNF) - asociat\u0103 cu func\u021bia cognitiv\u0103 s\u0103n\u0103toas\u0103 - poate sc\u0103dea odat\u0103 cu \u00eenaintarea \u00een v\u00e2rst\u0103.<\/p>\n<p>Swanson Pure Science Herbals v\u0103 aduce Pure Brainpower pentru a v\u0103 u\u0219ura hr\u0103nirea creierului cu ingrediente cercetate clinic care sus\u021bin neurotransmi\u021b\u0103torii vitali care ajut\u0103 func\u021bia cognitiv\u0103, concentrarea \u0219i memorarea. Pure Brainpower este un amestec de plante adaptogene tradi\u021bionale \u0219i extracte de plante de ultim\u0103 genera\u021bie \u00een doze studiate \u0219tiin\u021bific care s-au dovedit a promova concentrarea mental\u0103 general\u0103, func\u021bia cognitiv\u0103, precum \u0219i fluxul sanguin s\u0103n\u0103tos c\u0103tre creier. Swanson Pure Science Herbals v\u0103 aduce, de asemenea, aceast\u0103 formul\u0103 curat\u0103 \u0219i puternic\u0103 pentru s\u0103n\u0103tatea creierului la o frac\u021biune din pre\u021b \u00een compara\u021bie cu liderul na\u021bional brands.<\/p>","protected":false},"excerpt":{"rendered":"<p>Supliment nutri\u021bional vegan pentru un creier s\u0103n\u0103tos \u0219i sus\u021binerea memoriei Swanson Pure Brainpower con\u021bine Ginkgo Biloba, Bacognize Bacopa monnieri \u0219i extract de boabe de cafea. Certificare vegan\u0103. Con\u021binut: 60 de capsule vegane.<\/p>","protected":false},"featured_media":53897,"comment_status":"closed","ping_status":"closed","template":"","meta":{"advanced_seo_description":"","jetpack_seo_html_title":"","jetpack_seo_noindex":false},"pwb-brand":[450],"product_brand":[4753],"product_cat":[2599,294,143],"product_tag":[1221,855,1223],"class_list":{"0":"post-9150","1":"product","2":"type-product","3":"status-publish","4":"has-post-thumbnail","6":"pwb-brand-swanson","7":"product_brand-swanson","8":"product_cat-brain-and-memory","9":"product_cat-for-seniors","10":"product_cat-health-issues","11":"product_tag-brain","12":"product_tag-for-seniors","13":"product_tag-memory","14":"brand_woo-swanson","16":"first","17":"outofstock","18":"taxable","19":"shipping-taxable","20":"purchasable","21":"product-type-simple"},"jetpack_sharing_enabled":true,"brands":[{"id":450,"name":"Swanson","slug":"swanson"}],"_links":{"self":[{"href":"https:\/\/veganova.eu\/ro\/wp-json\/wp\/v2\/product\/9150","targetHints":{"allow":["GET"]}}],"collection":[{"href":"https:\/\/veganova.eu\/ro\/wp-json\/wp\/v2\/product"}],"about":[{"href":"https:\/\/veganova.eu\/ro\/wp-json\/wp\/v2\/types\/product"}],"replies":[{"embeddable":true,"href":"https:\/\/veganova.eu\/ro\/wp-json\/wp\/v2\/comments?post=9150"}],"version-history":[{"count":1,"href":"https:\/\/veganova.eu\/ro\/wp-json\/wp\/v2\/product\/9150\/revisions"}],"predecessor-version":[{"id":58834,"href":"https:\/\/veganova.eu\/ro\/wp-json\/wp\/v2\/product\/9150\/revisions\/58834"}],"wp:featuredmedia":[{"embeddable":true,"href":"https:\/\/veganova.eu\/ro\/wp-json\/wp\/v2\/media\/53897"}],"wp:attachment":[{"href":"https:\/\/veganova.eu\/ro\/wp-json\/wp\/v2\/media?parent=9150"}],"wp:term":[{"taxonomy":"pwb-brand","embeddable":true,"href":"https:\/\/veganova.eu\/ro\/wp-json\/wp\/v2\/pwb-brand?post=9150"},{"taxonomy":"product_brand","embeddable":true,"href":"https:\/\/veganova.eu\/ro\/wp-json\/wp\/v2\/product_brand?post=9150"},{"taxonomy":"product_cat","embeddable":true,"href":"https:\/\/veganova.eu\/ro\/wp-json\/wp\/v2\/product_cat?post=9150"},{"taxonomy":"product_tag","embeddable":true,"href":"https:\/\/veganova.eu\/ro\/wp-json\/wp\/v2\/product_tag?post=9150"}],"curies":[{"name":"wp","href":"https:\/\/api.w.org\/{rel}","templated":true}]}}