{"id":3,"date":"2023-10-01T14:34:59","date_gmt":"2023-10-01T13:34:59","guid":{"rendered":"https:\/\/veganova.eu\/?page_id=3"},"modified":"2026-02-06T14:45:16","modified_gmt":"2026-02-06T13:45:16","slug":"privacy-policy","status":"publish","type":"page","link":"https:\/\/veganova.eu\/sk\/privacy-policy\/","title":{"rendered":"Z\u00e1sady ochrany osobn\u00fdch \u00fadajov"},"content":{"rendered":"<p>This Privacy Policy describes the policies of HiBerry, s.r.o., Hlavn\u00e1 ulica 5\/194, 919 08 Boler\u00e1z, Slovak republic, email: info@veganova.eu, on the collection, use and disclosure of your information that we collect when you use our website ( https:\/\/www.veganova.eu ). (the \u201cService\u201d). By accessing or using the Service, you are consenting to the collection, use and disclosure of your information in accordance with this Privacy Policy. If you do not consent to the same, please do not access or use the Service.<\/p>\r\n\r\n\r\n\r\n<p>Tieto Z\u00e1sady ochrany osobn\u00fdch \u00fadajov m\u00f4\u017eeme kedyko\u013evek zmeni\u0165 bez predch\u00e1dzaj\u00faceho upozornenia a revidovan\u00e9 Z\u00e1sady ochrany osobn\u00fdch \u00fadajov zverejn\u00edme v Slu\u017ebe. Revidovan\u00e9 Z\u00e1sady bud\u00fa \u00fa\u010dinn\u00e9 180 dn\u00ed odo d\u0148a, ke\u010f bud\u00fa revidovan\u00e9 Z\u00e1sady zverejnen\u00e9 v Slu\u017ebe, a v\u00e1\u0161 \u010fal\u0161\u00ed pr\u00edstup k Slu\u017ebe alebo jej pou\u017e\u00edvanie po tomto \u010dase bude predstavova\u0165 v\u00e1\u0161 s\u00fahlas s revidovan\u00fdmi Z\u00e1sadami ochrany osobn\u00fdch \u00fadajov. Preto v\u00e1m odpor\u00fa\u010dame, aby ste t\u00fato str\u00e1nku pravidelne kontrolovali.<\/p>\r\n\r\n\r\n\r\n<p><strong>INFORM\u00c1CIE, KTOR\u00c9 ZHROMA\u017d\u010eUJEME:<br \/>Budeme zhroma\u017e\u010fova\u0165 a spracov\u00e1va\u0165 nasleduj\u00face osobn\u00e9 \u00fadaje o v\u00e1s:<\/strong><\/p>\r\n\r\n\r\n\r\n<p>N\u00e1zov<br \/>E-mail<br \/>Mobiln\u00fd port\u00e1l<br \/>Adresa<br \/>Dodacia adresa<\/p>\r\n\r\n\r\n\r\n<p><strong>AKO ZHROMA\u017d\u010eUJEME VA\u0160E INFORM\u00c1CIE:<br \/>Inform\u00e1cie o v\u00e1s zhroma\u017e\u010fujeme\/z\u00edsk\u00e1vame nasleduj\u00facim sp\u00f4sobom:<\/strong><\/p>\r\n\r\n\r\n\r\n<p>Ke\u010f pou\u017e\u00edvate\u013e vypln\u00ed registra\u010dn\u00fd formul\u00e1r alebo inak odo\u0161le osobn\u00e9 \u00fadaje<br \/>Interakcia s webovou str\u00e1nkou<\/p>\r\n\r\n\r\n\r\n<p><strong><br \/>AKO POU\u017d\u00cdVAME VA\u0160E INFORM\u00c1CIE:<br \/>Inform\u00e1cie, ktor\u00e9 o v\u00e1s zhroma\u017e\u010fujeme, budeme pou\u017e\u00edva\u0165 na tieto \u00fa\u010dely:<\/strong><\/p>\r\n\r\n\r\n\r\n<p>Marketing\/propaga\u010dn\u00e9<br \/>Vytvorenie pou\u017e\u00edvate\u013esk\u00e9ho konta<br \/>Zhroma\u017e\u010fovanie sp\u00e4tnej v\u00e4zby od z\u00e1kazn\u00edkov<br \/>Podpora<br \/>Inform\u00e1cie o spr\u00e1ve<br \/>Cielen\u00e1 reklama<br \/>Spr\u00e1va objedn\u00e1vky z\u00e1kazn\u00edka<br \/>Ochrana lokality<br \/>Spr\u00e1va pou\u017e\u00edvate\u013esk\u00e9ho konta<\/p>\r\n\r\n\r\n\r\n<p><br \/>Ak chceme va\u0161e \u00fadaje pou\u017ei\u0165 na ak\u00fdko\u013evek in\u00fd \u00fa\u010del, po\u017eiadame v\u00e1s o s\u00fahlas a va\u0161e \u00fadaje pou\u017eijeme len po z\u00edskan\u00ed v\u00e1\u0161ho s\u00fahlasu, a potom len na \u00fa\u010del(y), na ktor\u00fd(\u00e9) sme s\u00fahlas udelili, pokia\u013e n\u00e1m z\u00e1kon neuklad\u00e1 in\u00fa povinnos\u0165.<\/p>\r\n\r\n\r\n\r\n<p><strong>AKO ZDIE\u013dAME VA\u0160E INFORM\u00c1CIE:<br \/>Va\u0161e osobn\u00e9 \u00fadaje nebudeme pren\u00e1\u0161a\u0165 \u017eiadnej tretej strane bez v\u00e1\u0161ho s\u00fahlasu, s v\u00fdnimkou obmedzen\u00fdch okolnost\u00ed op\u00edsan\u00fdch ni\u017e\u0161ie:<\/strong><\/p>\r\n\r\n\r\n\r\n<ul>\r\n<li>Reklamn\u00e1 slu\u017eba<\/li>\r\n<li>Analytika<\/li>\r\n<li>Slu\u017eby vym\u00e1hania platieb<\/li>\r\n<li>Zber \u00fadajov a proces<\/li>\r\n<li>Newsletter<\/li>\r\n<\/ul>\r\n\r\n\r\n\r\n<p><br \/>Od tak\u00fdchto tret\u00edch str\u00e1n vy\u017eadujeme, aby osobn\u00e9 \u00fadaje, ktor\u00e9 im odovzd\u00e1me, pou\u017e\u00edvali len na \u00fa\u010del, na ktor\u00fd boli odovzdan\u00e9, a aby ich neuchov\u00e1vali dlh\u0161ie, ako je potrebn\u00e9 na splnenie uveden\u00e9ho \u00fa\u010delu.<\/p>\r\n\r\n\r\n\r\n<p>Va\u0161e osobn\u00e9 \u00fadaje m\u00f4\u017eeme zverejni\u0165 aj na tieto \u00fa\u010dely:<\/p>\r\n\r\n\r\n\r\n<p>(1) dodr\u017eiava\u0165 platn\u00e9 z\u00e1kony, nariadenia, s\u00fadne pr\u00edkazy alebo in\u00e9 pr\u00e1vne postupy;<\/p>\r\n\r\n\r\n\r\n<p>(2) na presadzovanie va\u0161ich doh\u00f4d s nami vr\u00e1tane t\u00fdchto z\u00e1sad ochrany osobn\u00fdch \u00fadajov;<\/p>\r\n\r\n\r\n\r\n<p>alebo (3) reagova\u0165 na tvrdenia, \u017ee va\u0161e pou\u017e\u00edvanie Slu\u017eby poru\u0161uje ak\u00e9ko\u013evek pr\u00e1va tret\u00edch str\u00e1n.<\/p>\r\n\r\n\r\n\r\n<p>Ak d\u00f4jde k zl\u00fa\u010deniu alebo akviz\u00edcii slu\u017eby alebo na\u0161ej spolo\u010dnosti s inou spolo\u010dnos\u0165ou, va\u0161e \u00fadaje bud\u00fa jedn\u00fdm z akt\u00edv, ktor\u00e9 sa preved\u00fa na nov\u00e9ho vlastn\u00edka.<\/p>\r\n\r\n\r\n\r\n<p>UCHOV\u00c1VANIE VA\u0160ICH INFORM\u00c1CI\u00cd:<br \/>Va\u0161e osobn\u00e9 \u00fadaje budeme uchov\u00e1va\u0165 90 dn\u00ed a\u017e 2 roky po tom, ako pou\u017e\u00edvatelia zru\u0161ia svoje \u00fa\u010dty, alebo dovtedy, k\u00fdm ich budeme potrebova\u0165 na splnenie \u00fa\u010delov, na ktor\u00e9 boli zhroma\u017eden\u00e9, ako je uveden\u00e9 v t\u00fdchto z\u00e1sad\u00e1ch ochrany osobn\u00fdch \u00fadajov. Niektor\u00e9 inform\u00e1cie m\u00f4\u017eeme potrebova\u0165 uchov\u00e1va\u0165 dlh\u0161ie, napr\u00edklad na \u00fa\u010dely vedenia z\u00e1znamov\/spr\u00e1v v s\u00falade s platn\u00fdmi z\u00e1konmi alebo z in\u00fdch legit\u00edmnych d\u00f4vodov, ako je presadzovanie z\u00e1konn\u00fdch pr\u00e1v, prevencia podvodov at\u010f. Zvy\u0161n\u00e9 anonymn\u00e9 inform\u00e1cie a s\u00fahrnn\u00e9 inform\u00e1cie, z ktor\u00fdch ani jedna v\u00e1s neidentifikuje (priamo alebo nepriamo), sa m\u00f4\u017eu uchov\u00e1va\u0165 na neur\u010dit\u00fa dobu.<\/p>\r\n\r\n\r\n\r\n<p>VA\u0160E PR\u00c1VA:<br \/>V z\u00e1vislosti od platn\u00fdch pr\u00e1vnych predpisov m\u00f4\u017eete ma\u0165 pr\u00e1vo na pr\u00edstup k va\u0161im osobn\u00fdm \u00fadajom a ich opravu alebo vymazanie, pr\u00edpadne pr\u00e1vo na z\u00edskanie k\u00f3pie va\u0161ich osobn\u00fdch \u00fadajov, pr\u00e1vo obmedzi\u0165 alebo namieta\u0165 proti akt\u00edvnemu sprac\u00favaniu va\u0161ich \u00fadajov, pr\u00e1vo po\u017eiada\u0165 n\u00e1s o poskytnutie (prenos) va\u0161ich osobn\u00fdch \u00fadajov in\u00e9mu subjektu, pr\u00e1vo odvola\u0165 ak\u00fdko\u013evek s\u00fahlas, ktor\u00fd ste n\u00e1m poskytli na sprac\u00favanie va\u0161ich \u00fadajov, pr\u00e1vo poda\u0165 s\u0165a\u017enos\u0165 na z\u00e1konn\u00fd org\u00e1n a \u010fal\u0161ie pr\u00e1va, ktor\u00e9 m\u00f4\u017eu by\u0165 relevantn\u00e9 pod\u013ea platn\u00fdch pr\u00e1vnych predpisov. Ak chcete uplatni\u0165 tieto pr\u00e1va, m\u00f4\u017eete n\u00e1m nap\u00edsa\u0165 na adresu info@veganova.eu. Na va\u0161u \u017eiados\u0165 odpovieme v s\u00falade s platn\u00fdmi pr\u00e1vnymi predpismi.<\/p>\r\n\r\n\r\n\r\n<p>Upozor\u0148ujeme, \u017ee ak n\u00e1m neumo\u017en\u00edte zhroma\u017e\u010fova\u0165 alebo sprac\u00fava\u0165 po\u017eadovan\u00e9 osobn\u00e9 \u00fadaje alebo odvol\u00e1te s\u00fahlas so sprac\u00favan\u00edm t\u00fdchto \u00fadajov na po\u017eadovan\u00e9 \u00fa\u010dely, je mo\u017en\u00e9, \u017ee nebudete ma\u0165 pr\u00edstup k slu\u017eb\u00e1m, na ktor\u00e9 boli va\u0161e \u00fadaje po\u017eadovan\u00e9, alebo ich nebudete m\u00f4c\u0165 vyu\u017e\u00edva\u0165.<\/p>\r\n\r\n\r\n\r\n<p>COOKIES ETC.<br \/>Viac inform\u00e1ci\u00ed o tom, ako ich pou\u017e\u00edvame, a o va\u0161ich mo\u017enostiach v s\u00favislosti s t\u00fdmito technol\u00f3giami sledovania n\u00e1jdete v na\u0161ich Z\u00e1sad\u00e1ch pou\u017e\u00edvania s\u00faborov cookie.<\/p>\r\n\r\n\r\n\r\n<p>BEZPE\u010cNOS\u0164:<br \/>Bezpe\u010dnos\u0165 va\u0161ich inform\u00e1ci\u00ed je pre n\u00e1s d\u00f4le\u017eit\u00e1 a budeme pou\u017e\u00edva\u0165 primeran\u00e9 bezpe\u010dnostn\u00e9 opatrenia, aby sme zabr\u00e1nili strate, zneu\u017eitiu alebo neopr\u00e1vnenej zmene va\u0161ich inform\u00e1ci\u00ed, ktor\u00e9 m\u00e1me pod kontrolou. Vzh\u013eadom na prirodzen\u00e9 rizik\u00e1 v\u0161ak nem\u00f4\u017eeme zaru\u010di\u0165 absol\u00fatnu bezpe\u010dnos\u0165, a preto nem\u00f4\u017eeme zabezpe\u010di\u0165 ani zaru\u010di\u0165 bezpe\u010dnos\u0165 ak\u00fdchko\u013evek inform\u00e1ci\u00ed, ktor\u00e9 n\u00e1m odovzd\u00e1te, a rob\u00edte tak na vlastn\u00e9 riziko.<\/p>\r\n\r\n\r\n\r\n<p>PREPOJENIA TRET\u00cdCH STR\u00c1N A POU\u017d\u00cdVANIE VA\u0160ICH INFORM\u00c1CI\u00cd:<br \/>Na\u0161a slu\u017eba m\u00f4\u017ee obsahova\u0165 odkazy na in\u00e9 webov\u00e9 str\u00e1nky, ktor\u00e9 nie s\u00fa prev\u00e1dzkovan\u00e9 nami. Tieto Z\u00e1sady ochrany osobn\u00fdch \u00fadajov sa nezaoberaj\u00fa z\u00e1sadami ochrany osobn\u00fdch \u00fadajov a in\u00fdmi postupmi tret\u00edch str\u00e1n vr\u00e1tane tret\u00edch str\u00e1n prev\u00e1dzkuj\u00facich ak\u00e9ko\u013evek webov\u00e9 str\u00e1nky alebo slu\u017eby, ktor\u00e9 m\u00f4\u017eu by\u0165 pr\u00edstupn\u00e9 prostredn\u00edctvom odkazu v Slu\u017ebe. D\u00f4razne v\u00e1m odpor\u00fa\u010dame, aby ste si pre\u010d\u00edtali z\u00e1sady ochrany osobn\u00fdch \u00fadajov ka\u017edej nav\u0161t\u00edvenej webovej lokality. Nem\u00e1me \u017eiadnu kontrolu nad obsahom, z\u00e1sadami ochrany osobn\u00fdch \u00fadajov alebo postupmi ak\u00fdchko\u013evek webov\u00fdch str\u00e1nok alebo slu\u017eieb tret\u00edch str\u00e1n a nenesieme za ne \u017eiadnu zodpovednos\u0165.<\/p>\r\n\r\n\r\n\r\n<p>S\u0164A\u017dNOSTI \/ \u00daRADN\u00cdK PRE OCHRANU \u00daDAJOV:<br \/>If you have any queries or concerns about the processing of your information that is available with us, you may email our Grievance Officer at HiBerry, s.r.o, Hlavn\u00e1 ulica 5\/194, 91908 Boler\u00e1z, email: info@veganova.eu. We will address your concerns in accordance with applicable law.<\/p>\r\n\r\n\r\n\r\n<p>D\u00e1tum \u00fa\u010dinnosti 15. febru\u00e1ra 2023<\/p>","protected":false},"excerpt":{"rendered":"<p>This Privacy Policy describes the policies of HiBerry, s.r.o., Hlavn\u00e1 ulica 5\/194, 919 08 Boler\u00e1z, Slovak republic, email: info@veganova.eu, on the collection, use and disclosure of your information that we collect when you use our website ( https:\/\/www.veganova.eu ). (the \u201cService\u201d). By accessing or using the Service, you are consenting to the collection, use and [&hellip;]<\/p>\n","protected":false},"author":1,"featured_media":0,"parent":0,"menu_order":0,"comment_status":"closed","ping_status":"open","template":"","meta":{"advanced_seo_description":"","jetpack_seo_html_title":"","jetpack_seo_noindex":false,"footnotes":""},"class_list":["post-3","page","type-page","status-publish","hentry"],"jetpack_sharing_enabled":true,"jetpack_shortlink":"https:\/\/wp.me\/PeA86S-3","_links":{"self":[{"href":"https:\/\/veganova.eu\/sk\/wp-json\/wp\/v2\/pages\/3","targetHints":{"allow":["GET"]}}],"collection":[{"href":"https:\/\/veganova.eu\/sk\/wp-json\/wp\/v2\/pages"}],"about":[{"href":"https:\/\/veganova.eu\/sk\/wp-json\/wp\/v2\/types\/page"}],"author":[{"embeddable":true,"href":"https:\/\/veganova.eu\/sk\/wp-json\/wp\/v2\/users\/1"}],"replies":[{"embeddable":true,"href":"https:\/\/veganova.eu\/sk\/wp-json\/wp\/v2\/comments?post=3"}],"version-history":[{"count":5,"href":"https:\/\/veganova.eu\/sk\/wp-json\/wp\/v2\/pages\/3\/revisions"}],"predecessor-version":[{"id":60266,"href":"https:\/\/veganova.eu\/sk\/wp-json\/wp\/v2\/pages\/3\/revisions\/60266"}],"wp:attachment":[{"href":"https:\/\/veganova.eu\/sk\/wp-json\/wp\/v2\/media?parent=3"}],"curies":[{"name":"wp","href":"https:\/\/api.w.org\/{rel}","templated":true}]}}