{"id":14665,"date":"2023-11-13T19:30:04","date_gmt":"2023-11-13T18:30:04","guid":{"rendered":"https:\/\/veganova.eu\/?post_type=product&#038;p=14665"},"modified":"2026-04-21T07:25:28","modified_gmt":"2026-04-21T05:25:28","slug":"allnutrition-flex-all-complete-cherry-400g","status":"publish","type":"product","link":"https:\/\/veganova.eu\/sk\/shop\/allnutrition-flex-all-complete-cherry-400g\/","title":{"rendered":"Allnutrition Flex All Complete, \u010dere\u0161\u0148a - 400g"},"content":{"rendered":"<h3>Allnutrition Flex All Complete, \u010dere\u0161\u0148a - 400g<\/h3>\n<p>K\u013abov\u00e1 chrupavka sa naz\u00fdva chrupavkov\u00e9 tkanivo a zabra\u0148uje odieraniu kost\u00ed, ktor\u00e9 s\u00fa vo vz\u00e1jomnom kontakte. Vo vy\u0161\u0161om veku nem\u00e1 k\u013abov\u00e1 chrupavka schopnos\u0165 regener\u00e1cie, \u010do vedie k mo\u017enosti jej straty.<\/p>\n<p>V\u010faka FLEX ALL COMPLETE m\u00f4\u017eete ur\u00fdchli\u0165 regener\u00e1ciu a podpori\u0165 rekon\u0161trukciu po\u0161kodenej \u0161trukt\u00fary chrupavky, ktor\u00e1 stimuluje tvorbu kolag\u00e9nu a obnovuje pru\u017enos\u0165 k\u013abov. \u013dahko str\u00e1vite\u013en\u00e9 zlo\u017eky, dostupn\u00e9 vo forme pr\u00e1\u0161ku, s\u00fa v tomto regenera\u010dnom procese naj\u00fa\u010dinnej\u0161ie.<\/p>\n<p>FLEX ALL COMPLETE je produkt zalo\u017een\u00fd najm\u00e4 na kolag\u00e9ne. Kolag\u00e9n je bielkovina, ktor\u00e1 pom\u00e1ha udr\u017eiava\u0165 zdrav\u00e9 kosti. Okrem toho m\u00e1 mno\u017estvo podporn\u00fdch zlo\u017eiek. Patr\u00ed medzi ne vitam\u00edn C, ktor\u00fd pom\u00e1ha pri spr\u00e1vnej tvorbe kolag\u00e9nu, aby sa zabezpe\u010dilo spr\u00e1vne fungovanie chrupaviek a ko\u017ee.<\/p>","protected":false},"excerpt":{"rendered":"<p>Doplnok stravy pre kr\u00e1su a zdravie Allnutrition Flex All Complete Obsahuje hydrolyzovan\u00fd hov\u00e4dz\u00ed kolag\u00e9n, L-prol\u00edn, glukosam\u00edn, MSM, vitam\u00edn C, hor\u010d\u00edk a B6. Pr\u00edchu\u0165: 1: Vi\u0161\u0148a. Obsah: 400g.<\/p>","protected":false},"featured_media":53753,"comment_status":"closed","ping_status":"closed","template":"","meta":{"advanced_seo_description":"","jetpack_seo_html_title":"","jetpack_seo_noindex":false},"pwb-brand":[475],"product_brand":[4774],"product_cat":[688,684],"product_tag":[],"class_list":{"0":"post-14665","1":"product","2":"type-product","3":"status-publish","4":"has-post-thumbnail","6":"pwb-brand-allnutrition","7":"product_brand-allnutrition","8":"product_cat-beauty-supplements","9":"product_cat-clean-beauty","10":"brand_woo-allnutrition","12":"first","13":"outofstock","14":"taxable","15":"shipping-taxable","16":"purchasable","17":"product-type-simple"},"jetpack_sharing_enabled":true,"brands":[{"id":475,"name":"Allnutrition","slug":"allnutrition"}],"_links":{"self":[{"href":"https:\/\/veganova.eu\/sk\/wp-json\/wp\/v2\/product\/14665","targetHints":{"allow":["GET"]}}],"collection":[{"href":"https:\/\/veganova.eu\/sk\/wp-json\/wp\/v2\/product"}],"about":[{"href":"https:\/\/veganova.eu\/sk\/wp-json\/wp\/v2\/types\/product"}],"replies":[{"embeddable":true,"href":"https:\/\/veganova.eu\/sk\/wp-json\/wp\/v2\/comments?post=14665"}],"version-history":[{"count":1,"href":"https:\/\/veganova.eu\/sk\/wp-json\/wp\/v2\/product\/14665\/revisions"}],"predecessor-version":[{"id":58918,"href":"https:\/\/veganova.eu\/sk\/wp-json\/wp\/v2\/product\/14665\/revisions\/58918"}],"wp:featuredmedia":[{"embeddable":true,"href":"https:\/\/veganova.eu\/sk\/wp-json\/wp\/v2\/media\/53753"}],"wp:attachment":[{"href":"https:\/\/veganova.eu\/sk\/wp-json\/wp\/v2\/media?parent=14665"}],"wp:term":[{"taxonomy":"pwb-brand","embeddable":true,"href":"https:\/\/veganova.eu\/sk\/wp-json\/wp\/v2\/pwb-brand?post=14665"},{"taxonomy":"product_brand","embeddable":true,"href":"https:\/\/veganova.eu\/sk\/wp-json\/wp\/v2\/product_brand?post=14665"},{"taxonomy":"product_cat","embeddable":true,"href":"https:\/\/veganova.eu\/sk\/wp-json\/wp\/v2\/product_cat?post=14665"},{"taxonomy":"product_tag","embeddable":true,"href":"https:\/\/veganova.eu\/sk\/wp-json\/wp\/v2\/product_tag?post=14665"}],"curies":[{"name":"wp","href":"https:\/\/api.w.org\/{rel}","templated":true}]}}