{"id":15683,"date":"2023-12-20T17:32:00","date_gmt":"2023-12-20T16:32:00","guid":{"rendered":"https:\/\/veganova.eu\/?post_type=product&#038;p=15683"},"modified":"2026-04-21T07:25:48","modified_gmt":"2026-04-21T05:25:48","slug":"holland-barrett-high-strength-complete-vit-b-complex-energy-120-tabs","status":"publish","type":"product","link":"https:\/\/veganova.eu\/sk\/shop\/holland-barrett-high-strength-complete-vit-b-complex-energy-120-tabs\/","title":{"rendered":"Holland &amp; Barrett High Strength Complete Vit B Complex Energy - 120 tabliet"},"content":{"rendered":"<h3>Holland &amp; Barrett High Strength Complete Vit B Complex Energy<\/h3>\n<ul>\n<li><span class=\"HwtZe\" lang=\"sk\"><span class=\"jCAhz ChMk0b\"><span class=\"ryNqvb\"> Vynikaj\u00faci zdroj vitam\u00ednov skupiny B vr\u00e1tane tiam\u00ednu (B1), riboflav\u00ednu (B2), niac\u00ednu (B3), vitam\u00ednov B6 a B12<\/span><\/span><\/span><\/li>\n<li><span class=\"HwtZe\" lang=\"en\"> <span class=\"jCAhz ChMk0b\"><span class=\"ryNqvb\">Vitam\u00edny skupiny B podporuj\u00fa norm\u00e1lny energetick\u00fd metabolizmus a prispievaj\u00fa k zn\u00ed\u017eeniu \u00fanavy a vy\u010derpania<\/span><\/span><br \/>\n<\/span><\/li>\n<li><span class=\"HwtZe\" lang=\"en\"><span class=\"jCAhz ChMk0b\"><span class=\"ryNqvb\">Vhodn\u00e9 pre vegetari\u00e1nov a veg\u00e1nov<\/span><br \/>\n<\/span><\/span><\/li>\n<\/ul>\n<p><strong>Zlo\u017eenie:<\/strong><\/p>\n<p>Stabiliz\u00e1tor (uhli\u010ditan v\u00e1penat\u00fd), objemov\u00e9 \u010dinidl\u00e1 (mikrokry\u0161talick\u00e1 celul\u00f3za, fosfore\u010dnan v\u00e1penat\u00fd), chol\u00edn bitartr\u00e1t, inozitol, kyselina pantot\u00e9nov\u00e1 (ako d-pantoten\u00e1t v\u00e1penat\u00fd), protihrudkuj\u00face l\u00e1tky (kyselina stearov\u00e1, oxid kremi\u010dit\u00fd, stearan hore\u010dnat\u00fd), maltodextr\u00edn, PABA (kyselina paraaminobenzoov\u00e1) niac\u00edn (ako nikot\u00ednamid), riboflav\u00edn (vitam\u00edn B2), vitam\u00edn B6 (ako pyridox\u00edn hydrochlorid), spev\u0148uj\u00faca l\u00e1tka (povid\u00f3n), tiam\u00edn mononitr\u00e1t, glazuj\u00face l\u00e1tky (hydroxypropylmetylcelul\u00f3za, glycer\u00edn, kamaubsk\u00fd vosk), kyselina listov\u00e1, biot\u00edn (ako d-biot\u00edn), vitam\u00edn B12 (ako kyanokobalam\u00edn)<\/p>","protected":false},"excerpt":{"rendered":"<p>Vegan B-complex Holland &amp; Barrett High Strength Complete Vit B Complex Energy is suitable for energy production and proper metabolism. B vitamins are suitable for healthy skin, hair, nails, psyche and are also suitable for pregnant women and the proper development of the fetus. Certification: Vegan. Package contents: 120 tablets.<\/p>","protected":false},"featured_media":51809,"comment_status":"closed","ping_status":"closed","template":"","meta":{"advanced_seo_description":"","jetpack_seo_html_title":"","jetpack_seo_noindex":false},"pwb-brand":[1087],"product_brand":[4936],"product_cat":[153,152],"product_tag":[860,1094],"class_list":{"0":"post-15683","1":"product","2":"type-product","3":"status-publish","4":"has-post-thumbnail","6":"pwb-brand-holland-barrett","7":"product_brand-holland-barrett","8":"product_cat-vitamins","9":"product_cat-vitamins-and-minerals","10":"product_tag-energy","11":"product_tag-metabolism","12":"brand_woo-holland-barrett","14":"first","15":"instock","16":"taxable","17":"shipping-taxable","18":"purchasable","19":"product-type-simple"},"jetpack_sharing_enabled":true,"brands":[{"id":1087,"name":"Holland &amp; Barrett","slug":"holland-barrett"}],"_links":{"self":[{"href":"https:\/\/veganova.eu\/sk\/wp-json\/wp\/v2\/product\/15683","targetHints":{"allow":["GET"]}}],"collection":[{"href":"https:\/\/veganova.eu\/sk\/wp-json\/wp\/v2\/product"}],"about":[{"href":"https:\/\/veganova.eu\/sk\/wp-json\/wp\/v2\/types\/product"}],"replies":[{"embeddable":true,"href":"https:\/\/veganova.eu\/sk\/wp-json\/wp\/v2\/comments?post=15683"}],"version-history":[{"count":1,"href":"https:\/\/veganova.eu\/sk\/wp-json\/wp\/v2\/product\/15683\/revisions"}],"predecessor-version":[{"id":59158,"href":"https:\/\/veganova.eu\/sk\/wp-json\/wp\/v2\/product\/15683\/revisions\/59158"}],"wp:featuredmedia":[{"embeddable":true,"href":"https:\/\/veganova.eu\/sk\/wp-json\/wp\/v2\/media\/51809"}],"wp:attachment":[{"href":"https:\/\/veganova.eu\/sk\/wp-json\/wp\/v2\/media?parent=15683"}],"wp:term":[{"taxonomy":"pwb-brand","embeddable":true,"href":"https:\/\/veganova.eu\/sk\/wp-json\/wp\/v2\/pwb-brand?post=15683"},{"taxonomy":"product_brand","embeddable":true,"href":"https:\/\/veganova.eu\/sk\/wp-json\/wp\/v2\/product_brand?post=15683"},{"taxonomy":"product_cat","embeddable":true,"href":"https:\/\/veganova.eu\/sk\/wp-json\/wp\/v2\/product_cat?post=15683"},{"taxonomy":"product_tag","embeddable":true,"href":"https:\/\/veganova.eu\/sk\/wp-json\/wp\/v2\/product_tag?post=15683"}],"curies":[{"name":"wp","href":"https:\/\/api.w.org\/{rel}","templated":true}]}}