{"id":2745,"date":"2023-10-01T17:01:17","date_gmt":"2023-10-01T15:01:17","guid":{"rendered":"https:\/\/veganova.eu\/?post_type=product&#038;p=2745"},"modified":"2026-04-26T02:21:33","modified_gmt":"2026-04-26T00:21:33","slug":"doctors-best-fully-active-b-complex-with-quatrefolic-30-kaps","status":"publish","type":"product","link":"https:\/\/veganova.eu\/sk\/shop\/doctors-best-fully-active-b-complex-with-quatrefolic-30-kaps\/","title":{"rendered":"Doctor's Best Plne akt\u00edvny B-komplex so \u0161tvormocn\u00fdm listom (30 kaps\u00fal)"},"content":{"rendered":"<h3>Doctor's Best Plne akt\u00edvny B-komplex so \u0161tvormocn\u00fdm listom<\/h3>\n<ul>\n<li>Doctor's Best Fully Active B Complex dod\u00e1va energiu a pom\u00e1ha zvl\u00e1da\u0165 stres.<\/li>\n<li>Vitam\u00edny skupiny B s\u00fa potrebn\u00e9 na tvorbu energie z potravy a na tvorbu a udr\u017eiavanie zdravej DNA, g\u00e9nov, buniek, tkan\u00edv, org\u00e1nov a enz\u00fdmov.<\/li>\n<li>Vitam\u00edny skupiny B s\u00fa z\u00e1kladom \u017eivota, \u010dlovek si ich nedok\u00e1\u017ee vytvori\u0165, preto ich mus\u00ed z\u00edskava\u0165 stravou.<\/li>\n<li>Doctor's Best Fully Active B Complex poskytuje len najlep\u0161ie vyu\u017eite\u013en\u00e9 formy vitam\u00ednu B. Patr\u00ed sem plne akt\u00edvny fol\u00e1t, najakt\u00edvnej\u0161\u00ed fol\u00e1t v tele, a MTHF (metyl- tetra-hydro-fol\u00e1t). Poskytuje plne akt\u00edvny vitam\u00edn B12 vo forme metylkobalam\u00ednu (metyl-B12), ktor\u00fd pom\u00e1ha zabezpe\u010di\u0165 vynikaj\u00facu peror\u00e1lnu absorpciu.<\/li>\n<li>Best Fully Active B Complex je doplnok vitam\u00ednu B s pln\u00fdm spektrom, starostlivo navrhnut\u00fd na optim\u00e1lnu absorpciu a vyu\u017eitie.<\/li>\n<li>Toto zlo\u017eenie poskytuje vitam\u00edny skupiny B v ich najbezpe\u010dnej\u0161ej, najlep\u0161ie tolerovanej a biochemicky najakt\u00edvnej\u0161ej forme.<\/li>\n<\/ul>","protected":false},"excerpt":{"rendered":"<p>Veg\u00e1nsky v\u00fd\u017eivov\u00fd doplnok Doctor's Best Fully Active B-Complex so \u0161tvorl\u00edstkom predstavuje komplex vitam\u00ednov skupiny B v ich najakt\u00edvnej\u0161ej forme. Neobsahuje lepok a je bez GMO. Balenie obsahuje: 30 kaps\u00fal.<\/p>","protected":false},"featured_media":51677,"comment_status":"closed","ping_status":"closed","template":"","meta":{"advanced_seo_description":"","jetpack_seo_html_title":"","jetpack_seo_noindex":false},"pwb-brand":[147],"product_brand":[4565],"product_cat":[153,152],"product_tag":[860,1094,1150],"class_list":{"0":"post-2745","1":"product","2":"type-product","3":"status-publish","4":"has-post-thumbnail","6":"pwb-brand-doctors-best","7":"product_brand-doctors-best","8":"product_cat-vitamins","9":"product_cat-vitamins-and-minerals","10":"product_tag-energy","11":"product_tag-metabolism","12":"product_tag-nervous-system","13":"brand_woo-doctors-best","15":"first","16":"instock","17":"taxable","18":"shipping-taxable","19":"purchasable","20":"product-type-simple"},"jetpack_sharing_enabled":true,"brands":[{"id":147,"name":"Doktor's Best","slug":"doctors-best"}],"_links":{"self":[{"href":"https:\/\/veganova.eu\/sk\/wp-json\/wp\/v2\/product\/2745","targetHints":{"allow":["GET"]}}],"collection":[{"href":"https:\/\/veganova.eu\/sk\/wp-json\/wp\/v2\/product"}],"about":[{"href":"https:\/\/veganova.eu\/sk\/wp-json\/wp\/v2\/types\/product"}],"replies":[{"embeddable":true,"href":"https:\/\/veganova.eu\/sk\/wp-json\/wp\/v2\/comments?post=2745"}],"version-history":[{"count":1,"href":"https:\/\/veganova.eu\/sk\/wp-json\/wp\/v2\/product\/2745\/revisions"}],"predecessor-version":[{"id":57309,"href":"https:\/\/veganova.eu\/sk\/wp-json\/wp\/v2\/product\/2745\/revisions\/57309"}],"wp:featuredmedia":[{"embeddable":true,"href":"https:\/\/veganova.eu\/sk\/wp-json\/wp\/v2\/media\/51677"}],"wp:attachment":[{"href":"https:\/\/veganova.eu\/sk\/wp-json\/wp\/v2\/media?parent=2745"}],"wp:term":[{"taxonomy":"pwb-brand","embeddable":true,"href":"https:\/\/veganova.eu\/sk\/wp-json\/wp\/v2\/pwb-brand?post=2745"},{"taxonomy":"product_brand","embeddable":true,"href":"https:\/\/veganova.eu\/sk\/wp-json\/wp\/v2\/product_brand?post=2745"},{"taxonomy":"product_cat","embeddable":true,"href":"https:\/\/veganova.eu\/sk\/wp-json\/wp\/v2\/product_cat?post=2745"},{"taxonomy":"product_tag","embeddable":true,"href":"https:\/\/veganova.eu\/sk\/wp-json\/wp\/v2\/product_tag?post=2745"}],"curies":[{"name":"wp","href":"https:\/\/api.w.org\/{rel}","templated":true}]}}