{"id":2815,"date":"2023-10-01T17:01:47","date_gmt":"2023-10-01T15:01:47","guid":{"rendered":"https:\/\/veganova.eu\/?post_type=product&#038;p=2815"},"modified":"2026-05-05T02:31:17","modified_gmt":"2026-05-05T00:31:17","slug":"applied-nutrition-digestive-enzyme-60-kaps","status":"publish","type":"product","link":"https:\/\/veganova.eu\/sk\/shop\/applied-nutrition-digestive-enzyme-60-kaps\/","title":{"rendered":"Aplikovan\u00e1 v\u00fd\u017eiva Tr\u00e1viaci enz\u00fdm (60 kaps\u00fal)"},"content":{"rendered":"<h3>Applied Nutrition Digestive Enzyme<\/h3>\n<ul>\n<li>capsules with digestive enzymes<\/li>\n<li>60 capsules<\/li>\n<li>60 servings<\/li>\n<li>LACTASE &#8211; Used to break down lactose<\/li>\n<li>PROTEASE \u2013 helps with protein digestion<\/li>\n<li>AMYLASE \u2013 supports carbohydrate digestion<\/li>\n<\/ul>","protected":false},"excerpt":{"rendered":"<p>Vegan nutritional supplement Applied Nutrition Digestive Enzyme contains digestive enzymes to support digestion and get rid of problems with a heavy stomach and bloating. The package contains: 60 capsules.<\/p>","protected":false},"featured_media":11954,"comment_status":"closed","ping_status":"closed","template":"","meta":{"advanced_seo_description":"","jetpack_seo_html_title":"","jetpack_seo_noindex":false},"pwb-brand":[202],"product_brand":[4592],"product_cat":[596],"product_tag":[1188,1190,1191,1189],"class_list":{"0":"post-2815","1":"product","2":"type-product","3":"status-publish","4":"has-post-thumbnail","6":"pwb-brand-applied-nutrition","7":"product_brand-applied-nutrition","8":"product_cat-digestion","9":"product_tag-bloating","10":"product_tag-digestive-enzymes","11":"product_tag-digestive-problems","12":"product_tag-heavy-stomach","13":"brand_woo-applied-nutrition","15":"first","16":"instock","17":"taxable","18":"shipping-taxable","19":"purchasable","20":"product-type-simple"},"jetpack_sharing_enabled":true,"brands":[{"id":202,"name":"Applied Nutrition","slug":"applied-nutrition"}],"_links":{"self":[{"href":"https:\/\/veganova.eu\/sk\/wp-json\/wp\/v2\/product\/2815","targetHints":{"allow":["GET"]}}],"collection":[{"href":"https:\/\/veganova.eu\/sk\/wp-json\/wp\/v2\/product"}],"about":[{"href":"https:\/\/veganova.eu\/sk\/wp-json\/wp\/v2\/types\/product"}],"replies":[{"embeddable":true,"href":"https:\/\/veganova.eu\/sk\/wp-json\/wp\/v2\/comments?post=2815"}],"version-history":[{"count":1,"href":"https:\/\/veganova.eu\/sk\/wp-json\/wp\/v2\/product\/2815\/revisions"}],"predecessor-version":[{"id":57374,"href":"https:\/\/veganova.eu\/sk\/wp-json\/wp\/v2\/product\/2815\/revisions\/57374"}],"wp:featuredmedia":[{"embeddable":true,"href":"https:\/\/veganova.eu\/sk\/wp-json\/wp\/v2\/media\/11954"}],"wp:attachment":[{"href":"https:\/\/veganova.eu\/sk\/wp-json\/wp\/v2\/media?parent=2815"}],"wp:term":[{"taxonomy":"pwb-brand","embeddable":true,"href":"https:\/\/veganova.eu\/sk\/wp-json\/wp\/v2\/pwb-brand?post=2815"},{"taxonomy":"product_brand","embeddable":true,"href":"https:\/\/veganova.eu\/sk\/wp-json\/wp\/v2\/product_brand?post=2815"},{"taxonomy":"product_cat","embeddable":true,"href":"https:\/\/veganova.eu\/sk\/wp-json\/wp\/v2\/product_cat?post=2815"},{"taxonomy":"product_tag","embeddable":true,"href":"https:\/\/veganova.eu\/sk\/wp-json\/wp\/v2\/product_tag?post=2815"}],"curies":[{"name":"wp","href":"https:\/\/api.w.org\/{rel}","templated":true}]}}