{"id":2898,"date":"2023-10-01T17:02:26","date_gmt":"2023-10-01T15:02:26","guid":{"rendered":"https:\/\/veganova.eu\/?post_type=product&#038;p=2898"},"modified":"2026-04-21T07:23:34","modified_gmt":"2026-04-21T05:23:34","slug":"doctors-best-benfotiamine-150-alpha-lipoic-acid-300-60-kaps","status":"publish","type":"product","link":"https:\/\/veganova.eu\/sk\/shop\/doctors-best-benfotiamine-150-alpha-lipoic-acid-300-60-kaps\/","title":{"rendered":"Benfotiam\u00edn 150 + kyselina alfa-lipoov\u00e1 300 (60 kaps\u00fal)"},"content":{"rendered":"<h3>Benfotiam\u00edn 150 + kyselina alfa-lipoov\u00e1 300 (60 kaps\u00fal)<\/h3>\n<p>What is Doctor&#8217;s Best Benfotiamine + Alpha-Lipoic Acid?<br \/>\nBenfotiamine (S-benzoylthiamine-O-monophosphate) is a synthetic derivative of thiamin (vitamin B1). Benfotiamine is fat-soluble, more bioavailable, and physiologically active than thiamin. Benfotiamine helps maintain healthy cells in the presence of blood glucose, supports against oxidative stress, and supports healthy aging. Alpha-Lipoic Acid supports the body&#8217;s defense against free radicals and recycles antioxidant nutrients such as vitamin C and vitamin E. Alpha-lipoic acid is a sulfur-containing fatty acid, it is soluble in both water and fat and is sometimes referred to as the &#8220;universal antioxidant&#8221;.<\/p>\n<p>How it works?<br \/>\nBenfotiamine raises the blood level of thiamin pyrophosphate, the biologically active coenzyme of thiamin, and stimulates transketolase, a cellular enzyme essential for maintenance of normal glucose metabolic pathways. Benfotiamine was shown to cause, on average, a 5-fold greater increase in blood thiamin levels than thiamin mononitrate, with a concomitant greater thiamin concentration in red blood cells. Benfotiamine readily passes through intestinal cells and is converted into thiamin. Alpha-lipoic acid is a key factor in the cellular process that metabolizes glucose for energy production. Aging is accompanied by a decreased ability of the liver to recycle ascorbic acid following oxidative stress. R-lipoic acid, after two weeks of supplementation to aged rats, reversed the age-related impairment of ascorbic acid recycling and concentration in liver cells. Aging is associated with oxidative stress in the brain. The brain&#8217;s high rate of metabolism and its long-lived neurons make it particularly vulnerable to oxidative stress. Since alpha-lipoic acid interrupts cellular oxidative processes in both its oxidized and reduced forms, it plays a modulatory role in the brain and nervous system.<\/p>","protected":false},"excerpt":{"rendered":"<p>The vegan nutritional supplement Doctor&#8217;s Best Benfotiamine 150 Alpha-Lipoic Acid 300 is suitable for healthy blood sugar levels, protects against oxidative stress and slows cell aging. The package contains: 60 capsules. Gluten-free and GMO-free.<\/p>","protected":false},"featured_media":53246,"comment_status":"closed","ping_status":"closed","template":"","meta":{"advanced_seo_description":"","jetpack_seo_html_title":"","jetpack_seo_noindex":false},"pwb-brand":[147],"product_brand":[4565],"product_cat":[2592,596,152,177],"product_tag":[1159,1093,1204],"class_list":{"0":"post-2898","1":"product","2":"type-product","3":"status-publish","4":"has-post-thumbnail","6":"pwb-brand-doctors-best","7":"product_brand-doctors-best","8":"product_cat-detox","9":"product_cat-digestion","10":"product_cat-vitamins-and-minerals","11":"product_cat-weight-loss","12":"product_tag-aging","13":"product_tag-antioxidant","14":"product_tag-healthy-blood-sugar","15":"brand_woo-doctors-best","17":"first","18":"instock","19":"sale","20":"taxable","21":"shipping-taxable","22":"purchasable","23":"product-type-simple"},"jetpack_sharing_enabled":true,"brands":[{"id":147,"name":"Doktor's Best","slug":"doctors-best"}],"_links":{"self":[{"href":"https:\/\/veganova.eu\/sk\/wp-json\/wp\/v2\/product\/2898","targetHints":{"allow":["GET"]}}],"collection":[{"href":"https:\/\/veganova.eu\/sk\/wp-json\/wp\/v2\/product"}],"about":[{"href":"https:\/\/veganova.eu\/sk\/wp-json\/wp\/v2\/types\/product"}],"replies":[{"embeddable":true,"href":"https:\/\/veganova.eu\/sk\/wp-json\/wp\/v2\/comments?post=2898"}],"version-history":[{"count":1,"href":"https:\/\/veganova.eu\/sk\/wp-json\/wp\/v2\/product\/2898\/revisions"}],"predecessor-version":[{"id":57449,"href":"https:\/\/veganova.eu\/sk\/wp-json\/wp\/v2\/product\/2898\/revisions\/57449"}],"wp:featuredmedia":[{"embeddable":true,"href":"https:\/\/veganova.eu\/sk\/wp-json\/wp\/v2\/media\/53246"}],"wp:attachment":[{"href":"https:\/\/veganova.eu\/sk\/wp-json\/wp\/v2\/media?parent=2898"}],"wp:term":[{"taxonomy":"pwb-brand","embeddable":true,"href":"https:\/\/veganova.eu\/sk\/wp-json\/wp\/v2\/pwb-brand?post=2898"},{"taxonomy":"product_brand","embeddable":true,"href":"https:\/\/veganova.eu\/sk\/wp-json\/wp\/v2\/product_brand?post=2898"},{"taxonomy":"product_cat","embeddable":true,"href":"https:\/\/veganova.eu\/sk\/wp-json\/wp\/v2\/product_cat?post=2898"},{"taxonomy":"product_tag","embeddable":true,"href":"https:\/\/veganova.eu\/sk\/wp-json\/wp\/v2\/product_tag?post=2898"}],"curies":[{"name":"wp","href":"https:\/\/api.w.org\/{rel}","templated":true}]}}