{"id":2911,"date":"2023-10-01T17:02:31","date_gmt":"2023-10-01T15:02:31","guid":{"rendered":"https:\/\/veganova.eu\/?post_type=product&#038;p=2911"},"modified":"2026-04-21T07:23:35","modified_gmt":"2026-04-21T05:23:35","slug":"doctors-best-curcumin-phytosome-with-meriva-500mg-60-kaps","status":"publish","type":"product","link":"https:\/\/veganova.eu\/sk\/shop\/doctors-best-curcumin-phytosome-with-meriva-500mg-60-kaps\/","title":{"rendered":"Doctor's Best Curcumin Phytosome s Meriva, 500 mg (60 kaps\u00fal)"},"content":{"rendered":"<h3>Doctor's Best Curcumin Phytosome s Meriva<\/h3>\n<ul>\n<li>Doctor's Best Curcumin Phytosome with Meriva je siln\u00fd antioxidant, ktor\u00fd chr\u00e1ni bunky a tkaniv\u00e1 bojom proti vo\u013en\u00fdm radik\u00e1lom.<\/li>\n<li>Je tie\u017e dok\u00e1zan\u00e9, \u017ee podporuje zdrav\u00fa funkciu k\u013abov, zdravie o\u010d\u00ed a zdravie obehov\u00e9ho syst\u00e9mu mal\u00fdch ciev.<\/li>\n<li>Doctor's Best Curcumin Phytosome with Meriva sa vyr\u00e1ba patentovanou technol\u00f3giou Phytosome, ktor\u00e1 zvy\u0161uje vstreb\u00e1vanie kurkum\u00ednov.<\/li>\n<li>Mnoh\u00e9 priazniv\u00e9 \u00fa\u010dinky pripisovan\u00e9 kore\u0148u kurkumy s\u00favisia s antioxida\u010dn\u00fdmi vlastnos\u0165ami kurkum\u00ednov.<\/li>\n<li>T\u00e1to antioxida\u010dn\u00e1 aktivita m\u00f4\u017ee neutralizova\u0165 vo\u013en\u00e9 radik\u00e1ly, ktor\u00e9 ohrozuj\u00fa integritu bunkov\u00fdch \u0161trukt\u00far.<\/li>\n<li>Vo\u013en\u00e9 radik\u00e1ly m\u00f4\u017eu sp\u00f4sobi\u0165 \"oxida\u010dn\u00fd stres\", proces, ktor\u00fd m\u00f4\u017ee sp\u00f4sobi\u0165 po\u0161kodenie buniek. Predpoklad\u00e1 sa, \u017ee oxida\u010dn\u00fd stres zohr\u00e1va \u00falohu pri r\u00f4znych ochoreniach.<\/li>\n<li>Kurkum\u00edny sa pri peror\u00e1lnom u\u017e\u00edvan\u00ed zle vstreb\u00e1vaj\u00fa, \u010do obmedzuje ich biologick\u00fd \u00fa\u010dinok. Fytos\u00f3mov\u00e1 technol\u00f3gia pou\u017eit\u00e1 pri kurkum\u00edne Fytos\u00f3m s Merivou vytv\u00e1ra fytos\u00f3mov\u00e9 komplexy, ktor\u00e9 sa preuk\u00e1zate\u013ene lep\u0161ie vstreb\u00e1vaj\u00fa.<\/li>\n<\/ul>","protected":false},"excerpt":{"rendered":"<p>Vegan nutrition supplement with turmeric Doctor&#8217;s Best Curcumin Fytosome with Meriva supports the body&#8217;s immunity and has antioxidant effects. Vegan tablets are specially made for maximum absorption. The package contains: 60 capsules. Gluten-free and GMO-free.<\/p>","protected":false},"featured_media":53672,"comment_status":"closed","ping_status":"closed","template":"","meta":{"advanced_seo_description":"","jetpack_seo_html_title":"","jetpack_seo_noindex":false},"pwb-brand":[147],"product_brand":[4565],"product_cat":[149],"product_tag":[1093,1117,1155,1154,1153],"class_list":{"0":"post-2911","1":"product","2":"type-product","3":"status-publish","4":"has-post-thumbnail","6":"pwb-brand-doctors-best","7":"product_brand-doctors-best","8":"product_cat-superfoods","9":"product_tag-antioxidant","10":"product_tag-immunity","11":"product_tag-inflammation","12":"product_tag-liver","13":"product_tag-vessels","14":"brand_woo-doctors-best","16":"first","17":"outofstock","18":"taxable","19":"shipping-taxable","20":"purchasable","21":"product-type-simple"},"jetpack_sharing_enabled":true,"brands":[{"id":147,"name":"Doktor's Best","slug":"doctors-best"}],"_links":{"self":[{"href":"https:\/\/veganova.eu\/sk\/wp-json\/wp\/v2\/product\/2911","targetHints":{"allow":["GET"]}}],"collection":[{"href":"https:\/\/veganova.eu\/sk\/wp-json\/wp\/v2\/product"}],"about":[{"href":"https:\/\/veganova.eu\/sk\/wp-json\/wp\/v2\/types\/product"}],"replies":[{"embeddable":true,"href":"https:\/\/veganova.eu\/sk\/wp-json\/wp\/v2\/comments?post=2911"}],"version-history":[{"count":1,"href":"https:\/\/veganova.eu\/sk\/wp-json\/wp\/v2\/product\/2911\/revisions"}],"predecessor-version":[{"id":57461,"href":"https:\/\/veganova.eu\/sk\/wp-json\/wp\/v2\/product\/2911\/revisions\/57461"}],"wp:featuredmedia":[{"embeddable":true,"href":"https:\/\/veganova.eu\/sk\/wp-json\/wp\/v2\/media\/53672"}],"wp:attachment":[{"href":"https:\/\/veganova.eu\/sk\/wp-json\/wp\/v2\/media?parent=2911"}],"wp:term":[{"taxonomy":"pwb-brand","embeddable":true,"href":"https:\/\/veganova.eu\/sk\/wp-json\/wp\/v2\/pwb-brand?post=2911"},{"taxonomy":"product_brand","embeddable":true,"href":"https:\/\/veganova.eu\/sk\/wp-json\/wp\/v2\/product_brand?post=2911"},{"taxonomy":"product_cat","embeddable":true,"href":"https:\/\/veganova.eu\/sk\/wp-json\/wp\/v2\/product_cat?post=2911"},{"taxonomy":"product_tag","embeddable":true,"href":"https:\/\/veganova.eu\/sk\/wp-json\/wp\/v2\/product_tag?post=2911"}],"curies":[{"name":"wp","href":"https:\/\/api.w.org\/{rel}","templated":true}]}}