{"id":2919,"date":"2023-10-01T17:02:34","date_gmt":"2023-10-01T15:02:34","guid":{"rendered":"https:\/\/veganova.eu\/?post_type=product&#038;p=2919"},"modified":"2026-04-21T07:23:35","modified_gmt":"2026-04-21T05:23:35","slug":"doctors-best-extra-strength-ginkgo-120mg-360-kaps","status":"publish","type":"product","link":"https:\/\/veganova.eu\/sk\/shop\/doctors-best-extra-strength-ginkgo-120mg-360-kaps\/","title":{"rendered":"Doctor's Best Extra Strength Ginkgo, 120 mg (360 kaps\u00fal)"},"content":{"rendered":"<h3>Doctor's Best Extra Strength Ginkgo, 120 mg (360 kaps\u00fal)<\/h3>\n<p>\u010co je Extra sila extra extraktu z ginka lek\u00e1rskeho?<br \/>\nExtra siln\u00fd extrakt z ginka lek\u00e1rskeho poskytuje \u00fa\u010dinn\u00fa kombin\u00e1ciu flavonoidov (najm\u00e4 flav\u00f3nov\u00fdch glykozidov) a terp\u00e9nov\u00fdch lakt\u00f3nov izolovan\u00fdch z listov ginka dvojlalo\u010dn\u00e9ho. Hlavn\u00fdmi flavonoidmi izolovan\u00fdmi z listov ginkga s\u00fa kaempferol, kvercet\u00edn a izorhamnet\u00edn a hlavn\u00fdmi terp\u00e9nov\u00fdmi lakt\u00f3nmi s\u00fa 20-uhl\u00edkov\u00e9 deriv\u00e1ty ozna\u010dovan\u00e9 ako ginkgolidy A, B, C, J a M. Existuj\u00fa v\u00fdznamn\u00e9 d\u00f4kazy o pozit\u00edvnych \u00fa\u010dinkoch extraktu z listov Ginkgo biloba na vedomie, pozornos\u0165 a in\u00e9 du\u0161evn\u00e9 v\u00fdkony. Extra siln\u00fd extrakt z ginka lek\u00e1rskeho Doctor's Best podporuje zdrav\u00fa funkciu mitrochondri\u00ed a podporuje zdrav\u00fa funkciu nervov\u00fdch buniek.<\/p>\n<p>Ako to funguje?<br \/>\nBunkov\u00e9 membr\u00e1ny, ktor\u00e9 tvoria v\u00e4\u010d\u0161inu l\u00e1tky v\u0161etk\u00fdch na\u0161ich buniek, s\u00fa n\u00e1chyln\u00e9 na oxida\u010dn\u00e9 po\u0161kodenie \u0161kodliv\u00fdmi vo\u013en\u00fdmi radik\u00e1lmi. Bunkov\u00e9 membr\u00e1ny pozost\u00e1vaj\u00fa z dvojit\u00fdch molekul\u00e1rnych vrstiev lipidov (\"lipidov\u00e9 dvojvrstvy\"), ktor\u00e9 s\u00fa obzvl\u00e1\u0161\u0165 n\u00e1chyln\u00e9 na po\u0161kodenie vo\u013en\u00fdmi radik\u00e1lmi prostredn\u00edctvom \"peroxid\u00e1cie lipidov\". Vo\u013en\u00e9 radik\u00e1ly s\u00fa chemicky reakt\u00edvne, preto\u017ee maj\u00fa nestabiln\u00e9 elektr\u00f3nov\u00e9 vzory. Obzvl\u00e1\u0161\u0165 reakt\u00edvne s\u00fa vo\u013en\u00e9 radik\u00e1ly kysl\u00edka, ktor\u00e9 prirodzene vznikaj\u00fa v mitochondri\u00e1ch pr\u00edtomn\u00fdch vo v\u0161etk\u00fdch na\u0161ich bunk\u00e1ch. Ke\u010f\u017ee mitochondrie vyu\u017e\u00edvaj\u00fa kysl\u00edk na v\u00fdrobu energie z na\u0161ich potrav\u00edn, nevyhnutne vytv\u00e1raj\u00fa kysl\u00edkov\u00e9 radik\u00e1ly. Na\u0161e bunky vyu\u017e\u00edvaj\u00fa antioxida\u010dn\u00e9 \u017eiviny z potravy spolu s antioxida\u010dn\u00fdmi enz\u00fdmami, ktor\u00e9 sa vytv\u00e1raj\u00fa v bunk\u00e1ch, na odstra\u0148ovanie vo\u013en\u00fdch radik\u00e1lov, a t\u00fdm zabra\u0148uj\u00fa ich po\u0161kodeniu. V\u00fdskum uk\u00e1zal, \u017ee konzum\u00e1cia v\u00fd\u017eivov\u00fdch doplnkov bohat\u00fdch na antioxidanty m\u00f4\u017ee pom\u00f4c\u0165 neutralizova\u0165 vo\u013en\u00e9 radik\u00e1ly a in\u00e9 potenci\u00e1lne toxick\u00e9 l\u00e1tky. Flav\u00f3nov\u00e9 glykozidy z v\u00fd\u0165a\u017ekov z listov Ginkgo biloba s\u00fa siln\u00e9 antioxidanty, ktor\u00e9 m\u00f4\u017eu telu pom\u00f4c\u0165 odrazi\u0165 reakt\u00edvne vo\u013en\u00e9 radik\u00e1ly.<\/p>\n<p>Pre\u010do u\u017e\u00edva\u0165 extrakt z ginka lek\u00e1rskeho?<br \/>\nDoctor's Best Extra Strength Ginkgo Extract dod\u00e1va \u0161tandardizovan\u00fd extrakt z Ginkgo biloba pr\u00e9miovej kvality, ktor\u00fd obsahuje minim\u00e1lne 24% flav\u00f3nov\u00fdch glykozidov a 6% terp\u00e9nov\u00fdch lakt\u00f3nov, ako bolo overen\u00e9 nez\u00e1vislou laborat\u00f3rnou anal\u00fdzou. Kvalita n\u00e1\u0161ho ginkga je zaru\u010den\u00e1 syst\u00e9mom zabezpe\u010denia kvality ProfileProven, ktor\u00fd vyvinula spolo\u010dnos\u0165 Ethical Naturals, Inc. Tento proces zah\u0155\u0148a najrozsiahlej\u0161ie testovanie a skr\u00edning v ka\u017edej f\u00e1ze v\u00fdroby, aby sa zabezpe\u010dila \u010distota a \u00fa\u010dinnos\u0165.<\/p>","protected":false},"excerpt":{"rendered":"<p>Veg\u00e1nsky v\u00fd\u017eivov\u00fd doplnok s obsahom Ginkga Doctor's Best Extra Strength Ginkgo, 120 mg je vhodn\u00fd na podporu pam\u00e4ti a mozgov\u00fdch funkci\u00ed. Balenie obsahuje: 360 kaps\u00fal. Bez lepku a GMO.<\/p>","protected":false},"featured_media":53237,"comment_status":"closed","ping_status":"closed","template":"","meta":{"advanced_seo_description":"","jetpack_seo_html_title":"","jetpack_seo_noindex":false},"pwb-brand":[147],"product_brand":[4565],"product_cat":[2599,2592,289,597,149],"product_tag":[1167,1221,1157,1235,1158,1223],"class_list":{"0":"post-2919","1":"product","2":"type-product","3":"status-publish","4":"has-post-thumbnail","6":"pwb-brand-doctors-best","7":"product_brand-doctors-best","8":"product_cat-brain-and-memory","9":"product_cat-detox","10":"product_cat-heart-and-blood-vessels","11":"product_cat-body-immunity","12":"product_cat-superfoods","13":"product_tag-blood-vessels","14":"product_tag-brain","15":"product_tag-circulation","16":"product_tag-free-radical-scavenger","17":"product_tag-heart","18":"product_tag-memory","19":"brand_woo-doctors-best","21":"first","22":"instock","23":"taxable","24":"shipping-taxable","25":"purchasable","26":"product-type-simple"},"jetpack_sharing_enabled":true,"brands":[{"id":147,"name":"Doktor's Best","slug":"doctors-best"}],"_links":{"self":[{"href":"https:\/\/veganova.eu\/sk\/wp-json\/wp\/v2\/product\/2919","targetHints":{"allow":["GET"]}}],"collection":[{"href":"https:\/\/veganova.eu\/sk\/wp-json\/wp\/v2\/product"}],"about":[{"href":"https:\/\/veganova.eu\/sk\/wp-json\/wp\/v2\/types\/product"}],"replies":[{"embeddable":true,"href":"https:\/\/veganova.eu\/sk\/wp-json\/wp\/v2\/comments?post=2919"}],"version-history":[{"count":1,"href":"https:\/\/veganova.eu\/sk\/wp-json\/wp\/v2\/product\/2919\/revisions"}],"predecessor-version":[{"id":57465,"href":"https:\/\/veganova.eu\/sk\/wp-json\/wp\/v2\/product\/2919\/revisions\/57465"}],"wp:featuredmedia":[{"embeddable":true,"href":"https:\/\/veganova.eu\/sk\/wp-json\/wp\/v2\/media\/53237"}],"wp:attachment":[{"href":"https:\/\/veganova.eu\/sk\/wp-json\/wp\/v2\/media?parent=2919"}],"wp:term":[{"taxonomy":"pwb-brand","embeddable":true,"href":"https:\/\/veganova.eu\/sk\/wp-json\/wp\/v2\/pwb-brand?post=2919"},{"taxonomy":"product_brand","embeddable":true,"href":"https:\/\/veganova.eu\/sk\/wp-json\/wp\/v2\/product_brand?post=2919"},{"taxonomy":"product_cat","embeddable":true,"href":"https:\/\/veganova.eu\/sk\/wp-json\/wp\/v2\/product_cat?post=2919"},{"taxonomy":"product_tag","embeddable":true,"href":"https:\/\/veganova.eu\/sk\/wp-json\/wp\/v2\/product_tag?post=2919"}],"curies":[{"name":"wp","href":"https:\/\/api.w.org\/{rel}","templated":true}]}}