{"id":2932,"date":"2023-10-01T17:02:36","date_gmt":"2023-10-01T15:02:36","guid":{"rendered":"https:\/\/veganova.eu\/?post_type=product&#038;p=2932"},"modified":"2026-04-21T07:23:35","modified_gmt":"2026-04-21T05:23:35","slug":"doctors-best-high-absorption-coq10-with-bioperine-100mg-60-softgels","status":"publish","type":"product","link":"https:\/\/veganova.eu\/sk\/shop\/doctors-best-high-absorption-coq10-with-bioperine-100mg-60-softgels\/","title":{"rendered":"Doctor's Best High Absorption CoQ10 s bioper\u00ednom, 100 mg (60 m\u00e4kk\u00fdch g\u00e9lov)"},"content":{"rendered":"<h3>Doctor's Best High Absorption CoQ10 s bioper\u00ednom, 100 mg (60 m\u00e4kk\u00fdch g\u00e9lov)<\/h3>\n<p>Doctor's Best High Absorption CoQ10 obsahuje \u010dist\u00fd koenz\u00fdm Q10 (ubichin\u00f3n) a bioper\u00edn. CoQ10 pom\u00e1ha podporova\u0165 \u010dinnos\u0165 srdca a je nevyhnutn\u00fd pre tvorbu ATP (adenoz\u00edntrifosf\u00e1tu), najm\u00e4 v srdci. Stres, vo\u013en\u00e9 radik\u00e1ly, stat\u00ednov\u00e9 lieky a starnutie m\u00f4\u017eu ovplyvni\u0165 hladinu CoQ10. CoQ10 je ve\u013emi d\u00f4le\u017eit\u00fd pre tvorbu energie, svalov\u00e9 kontrakcie a synt\u00e9zu bielkov\u00edn. \u0160t\u00fadie preuk\u00e1zali, \u017ee BioPer\u00edn zvy\u0161uje vstreb\u00e1vanie CoQ10.<\/p>\n<ul>\n<li>Pom\u00e1ha podporova\u0165 zdravie srdca a bunkov\u00fa energiu.<\/li>\n<li>Pom\u00e1ha obnovi\u0165 CoQ10, ktor\u00fd m\u00f4\u017ee by\u0165 vy\u010derpan\u00fd starnut\u00edm a stat\u00ednov\u00fdmi liekmi.<\/li>\n<li>Zlo\u017eenie s extraktom z \u010dierneho korenia BioPerine zvy\u0161uje vstreb\u00e1vanie a biologick\u00fa dostupnos\u0165.<\/li>\n<\/ul>","protected":false},"excerpt":{"rendered":"<p>nutrition supplement containing coenzyme Q10 Doctor&#8217;s Best High Absorption CoQ10 with BioPerine, 100mg to support a healthy heart and blood vessels. The package contains: 60 soft capsules. Gluten-free.<\/p>","protected":false},"featured_media":53904,"comment_status":"closed","ping_status":"closed","template":"","meta":{"advanced_seo_description":"","jetpack_seo_html_title":"","jetpack_seo_noindex":false},"pwb-brand":[147],"product_brand":[4565],"product_cat":[688,2600,2591,284,152],"product_tag":[1159,1167,1158,1052,1133],"class_list":{"0":"post-2932","1":"product","2":"type-product","3":"status-publish","4":"has-post-thumbnail","6":"pwb-brand-doctors-best","7":"product_brand-doctors-best","8":"product_cat-beauty-supplements","9":"product_cat-inflammation","10":"product_cat-liver","11":"product_cat-trace-elements","12":"product_cat-vitamins-and-minerals","13":"product_tag-aging","14":"product_tag-blood-vessels","15":"product_tag-heart","16":"product_tag-pigment-spots","17":"product_tag-wrinkles","18":"brand_woo-doctors-best","20":"first","21":"instock","22":"taxable","23":"shipping-taxable","24":"purchasable","25":"product-type-simple"},"jetpack_sharing_enabled":true,"brands":[{"id":147,"name":"Doktor's Best","slug":"doctors-best"}],"_links":{"self":[{"href":"https:\/\/veganova.eu\/sk\/wp-json\/wp\/v2\/product\/2932","targetHints":{"allow":["GET"]}}],"collection":[{"href":"https:\/\/veganova.eu\/sk\/wp-json\/wp\/v2\/product"}],"about":[{"href":"https:\/\/veganova.eu\/sk\/wp-json\/wp\/v2\/types\/product"}],"replies":[{"embeddable":true,"href":"https:\/\/veganova.eu\/sk\/wp-json\/wp\/v2\/comments?post=2932"}],"version-history":[{"count":1,"href":"https:\/\/veganova.eu\/sk\/wp-json\/wp\/v2\/product\/2932\/revisions"}],"predecessor-version":[{"id":57470,"href":"https:\/\/veganova.eu\/sk\/wp-json\/wp\/v2\/product\/2932\/revisions\/57470"}],"wp:featuredmedia":[{"embeddable":true,"href":"https:\/\/veganova.eu\/sk\/wp-json\/wp\/v2\/media\/53904"}],"wp:attachment":[{"href":"https:\/\/veganova.eu\/sk\/wp-json\/wp\/v2\/media?parent=2932"}],"wp:term":[{"taxonomy":"pwb-brand","embeddable":true,"href":"https:\/\/veganova.eu\/sk\/wp-json\/wp\/v2\/pwb-brand?post=2932"},{"taxonomy":"product_brand","embeddable":true,"href":"https:\/\/veganova.eu\/sk\/wp-json\/wp\/v2\/product_brand?post=2932"},{"taxonomy":"product_cat","embeddable":true,"href":"https:\/\/veganova.eu\/sk\/wp-json\/wp\/v2\/product_cat?post=2932"},{"taxonomy":"product_tag","embeddable":true,"href":"https:\/\/veganova.eu\/sk\/wp-json\/wp\/v2\/product_tag?post=2932"}],"curies":[{"name":"wp","href":"https:\/\/api.w.org\/{rel}","templated":true}]}}