{"id":2978,"date":"2023-10-01T17:02:43","date_gmt":"2023-10-01T15:02:43","guid":{"rendered":"https:\/\/veganova.eu\/?post_type=product&#038;p=2978"},"modified":"2026-04-27T02:22:31","modified_gmt":"2026-04-27T00:22:31","slug":"doctors-best-stabilized-r-lipoic-acid-with-bioenhanced-na-rala-200mg-60-kaps","status":"publish","type":"product","link":"https:\/\/veganova.eu\/sk\/shop\/doctors-best-stabilized-r-lipoic-acid-with-bioenhanced-na-rala-200mg-60-kaps\/","title":{"rendered":"Doctor's Best Stabilizovan\u00e1 kyselina ripoov\u00e1 s BioEnhanced Na-RALA, 200 mg (60 kaps\u00fal)"},"content":{"rendered":"<h3>Najlep\u0161ia stabilizovan\u00e1 kyselina ripoov\u00e1 s biologicky posilnen\u00fdm Na-RALA<\/h3>\n<ul>\n<li>Kyselina alfa-lipoov\u00e1 je mastn\u00e1 kyselina obsahuj\u00faca s\u00edru, ktor\u00e1 sa prirodzene nach\u00e1dza v tele.<\/li>\n<li>S prib\u00fadaj\u00facim vekom sa na\u0161a schopnos\u0165 syntetizova\u0165 kyselinu alfa-lipoov\u00fa zni\u017euje.<\/li>\n<li>Najlep\u0161ia kyselina alfa-lipoov\u00e1 funguje ako koenz\u00fdm v metabolizme sacharidov a je potrebn\u00e1 na synt\u00e9zu acetyl CoA, k\u013e\u00fa\u010dov\u00e9ho metabolitu v bunkovom procese, ktor\u00fd premie\u0148a gluk\u00f3zu (krvn\u00fd cukor) na energiu.<\/li>\n<li>Kyselina lipoov\u00e1 sa \u010dasto ozna\u010duje ako \"univerz\u00e1lny antioxidant\".<\/li>\n<\/ul>","protected":false},"excerpt":{"rendered":"<p>Veg\u00e1nsky v\u00fd\u017eivov\u00fd doplnok Doctor's Best Stabilized R-Lipoic Acid with BioEnhanced Na-RALA 200 mg, balenie obsahuje: 60 kaps\u00fal. Bez lepku a GMO.<\/p>","protected":false},"featured_media":11982,"comment_status":"closed","ping_status":"closed","template":"","meta":{"advanced_seo_description":"","jetpack_seo_html_title":"","jetpack_seo_noindex":false},"pwb-brand":[147],"product_brand":[4565],"product_cat":[174,132],"product_tag":[1093,860,1235,1094],"class_list":{"0":"post-2978","1":"product","2":"type-product","3":"status-publish","4":"has-post-thumbnail","6":"pwb-brand-doctors-best","7":"product_brand-doctors-best","8":"product_cat-amino-acids","9":"product_cat-sports-nutrition","10":"product_tag-antioxidant","11":"product_tag-energy","12":"product_tag-free-radical-scavenger","13":"product_tag-metabolism","14":"brand_woo-doctors-best","16":"first","17":"instock","18":"taxable","19":"shipping-taxable","20":"purchasable","21":"product-type-simple"},"jetpack_sharing_enabled":true,"brands":[{"id":147,"name":"Doktor's Best","slug":"doctors-best"}],"_links":{"self":[{"href":"https:\/\/veganova.eu\/sk\/wp-json\/wp\/v2\/product\/2978","targetHints":{"allow":["GET"]}}],"collection":[{"href":"https:\/\/veganova.eu\/sk\/wp-json\/wp\/v2\/product"}],"about":[{"href":"https:\/\/veganova.eu\/sk\/wp-json\/wp\/v2\/types\/product"}],"replies":[{"embeddable":true,"href":"https:\/\/veganova.eu\/sk\/wp-json\/wp\/v2\/comments?post=2978"}],"version-history":[{"count":1,"href":"https:\/\/veganova.eu\/sk\/wp-json\/wp\/v2\/product\/2978\/revisions"}],"predecessor-version":[{"id":57484,"href":"https:\/\/veganova.eu\/sk\/wp-json\/wp\/v2\/product\/2978\/revisions\/57484"}],"wp:featuredmedia":[{"embeddable":true,"href":"https:\/\/veganova.eu\/sk\/wp-json\/wp\/v2\/media\/11982"}],"wp:attachment":[{"href":"https:\/\/veganova.eu\/sk\/wp-json\/wp\/v2\/media?parent=2978"}],"wp:term":[{"taxonomy":"pwb-brand","embeddable":true,"href":"https:\/\/veganova.eu\/sk\/wp-json\/wp\/v2\/pwb-brand?post=2978"},{"taxonomy":"product_brand","embeddable":true,"href":"https:\/\/veganova.eu\/sk\/wp-json\/wp\/v2\/product_brand?post=2978"},{"taxonomy":"product_cat","embeddable":true,"href":"https:\/\/veganova.eu\/sk\/wp-json\/wp\/v2\/product_cat?post=2978"},{"taxonomy":"product_tag","embeddable":true,"href":"https:\/\/veganova.eu\/sk\/wp-json\/wp\/v2\/product_tag?post=2978"}],"curies":[{"name":"wp","href":"https:\/\/api.w.org\/{rel}","templated":true}]}}