{"id":2985,"date":"2023-10-01T17:02:45","date_gmt":"2023-10-01T15:02:45","guid":{"rendered":"https:\/\/veganova.eu\/?post_type=product&#038;p=2985"},"modified":"2026-04-21T07:23:36","modified_gmt":"2026-04-21T05:23:36","slug":"doctors-best-trans-resveratrol-with-resvinol-25-200mg-60-kaps","status":"publish","type":"product","link":"https:\/\/veganova.eu\/sk\/shop\/doctors-best-trans-resveratrol-with-resvinol-25-200mg-60-kaps\/","title":{"rendered":"Doctor's Best Trans-Resveratrol s ResVinol-25, 200 mg (60 kaps\u00fal)"},"content":{"rendered":"<h3>Najlep\u0161\u00ed trans-resveratrol s ResVinol-25<\/h3>\n<ul>\n<li>Doctor's Best trans-Resveratrol 200 s ResVinol-25, patentovan\u00fdm extraktom, ktor\u00fd poskytuje koncentrovan\u00e9 mno\u017estvo polyfenolov a trans-resveratrolu z \u010derven\u00e9ho v\u00edna a kore\u0148a japonsk\u00e9ho k\u013eukvy (Polygonum cuspidatum).<\/li>\n<li>ResVinol-25 je vysokokvalitn\u00fd extrakt, ktor\u00fd prech\u00e1dza pr\u00edsnymi analytick\u00fdmi postupmi a postupmi zabezpe\u010denia kvality spolo\u010dnosti ProfileProven, ktor\u00e9 s\u00fa navrhnut\u00e9 tak, aby zabezpe\u010dili \u00fa\u010dinnos\u0165 a \u010distotu extraktu od \u0161ar\u017ee k \u0161ar\u017ei. Produkt sa d\u00f4kladne testuje na pr\u00edtomnos\u0165 \u0165a\u017ek\u00fdch kovov, bakteri\u00e1lnych a ples\u0148ov\u00fdch kontaminantov a pestic\u00eddov, aby sa overila \u010distota a s\u00falad s prijate\u013en\u00fdmi normami.<\/li>\n<\/ul>","protected":false},"excerpt":{"rendered":"<p>Veg\u00e1nsky v\u00fd\u017eivov\u00fd doplnok Doctor's Best Trans-Resveratrol s ResVinol-25, 200 mg je vhodn\u00fd pre zdrav\u00e9 srdce a cievy, m\u00e1 antioxida\u010dn\u00e9 \u00fa\u010dinky a spoma\u013euje starnutie. Balenie obsahuje: 60 kaps\u00fal. Neobsahuje lepok a GMO.<\/p>","protected":false},"featured_media":53651,"comment_status":"closed","ping_status":"closed","template":"","meta":{"advanced_seo_description":"","jetpack_seo_html_title":"","jetpack_seo_noindex":false},"pwb-brand":[147],"product_brand":[4565],"product_cat":[289,2600,152],"product_tag":[1159,1093,1158,1155,1153,1133],"class_list":{"0":"post-2985","1":"product","2":"type-product","3":"status-publish","4":"has-post-thumbnail","6":"pwb-brand-doctors-best","7":"product_brand-doctors-best","8":"product_cat-heart-and-blood-vessels","9":"product_cat-inflammation","10":"product_cat-vitamins-and-minerals","11":"product_tag-aging","12":"product_tag-antioxidant","13":"product_tag-heart","14":"product_tag-inflammation","15":"product_tag-vessels","16":"product_tag-wrinkles","17":"brand_woo-doctors-best","19":"first","20":"instock","21":"sale","22":"taxable","23":"shipping-taxable","24":"purchasable","25":"product-type-simple"},"jetpack_sharing_enabled":true,"brands":[{"id":147,"name":"Doktor's Best","slug":"doctors-best"}],"_links":{"self":[{"href":"https:\/\/veganova.eu\/sk\/wp-json\/wp\/v2\/product\/2985","targetHints":{"allow":["GET"]}}],"collection":[{"href":"https:\/\/veganova.eu\/sk\/wp-json\/wp\/v2\/product"}],"about":[{"href":"https:\/\/veganova.eu\/sk\/wp-json\/wp\/v2\/types\/product"}],"replies":[{"embeddable":true,"href":"https:\/\/veganova.eu\/sk\/wp-json\/wp\/v2\/comments?post=2985"}],"version-history":[{"count":1,"href":"https:\/\/veganova.eu\/sk\/wp-json\/wp\/v2\/product\/2985\/revisions"}],"predecessor-version":[{"id":57491,"href":"https:\/\/veganova.eu\/sk\/wp-json\/wp\/v2\/product\/2985\/revisions\/57491"}],"wp:featuredmedia":[{"embeddable":true,"href":"https:\/\/veganova.eu\/sk\/wp-json\/wp\/v2\/media\/53651"}],"wp:attachment":[{"href":"https:\/\/veganova.eu\/sk\/wp-json\/wp\/v2\/media?parent=2985"}],"wp:term":[{"taxonomy":"pwb-brand","embeddable":true,"href":"https:\/\/veganova.eu\/sk\/wp-json\/wp\/v2\/pwb-brand?post=2985"},{"taxonomy":"product_brand","embeddable":true,"href":"https:\/\/veganova.eu\/sk\/wp-json\/wp\/v2\/product_brand?post=2985"},{"taxonomy":"product_cat","embeddable":true,"href":"https:\/\/veganova.eu\/sk\/wp-json\/wp\/v2\/product_cat?post=2985"},{"taxonomy":"product_tag","embeddable":true,"href":"https:\/\/veganova.eu\/sk\/wp-json\/wp\/v2\/product_tag?post=2985"}],"curies":[{"name":"wp","href":"https:\/\/api.w.org\/{rel}","templated":true}]}}