{"id":3194,"date":"2023-10-01T17:04:05","date_gmt":"2023-10-01T15:04:05","guid":{"rendered":"https:\/\/veganova.eu\/?post_type=product&#038;p=3194"},"modified":"2026-04-21T07:23:49","modified_gmt":"2026-04-21T05:23:49","slug":"jarrow-formulas-same-400-30-tab","status":"publish","type":"product","link":"https:\/\/veganova.eu\/sk\/shop\/jarrow-formulas-same-400-30-tab\/","title":{"rendered":"Jarrow Formulas SAMe 400 (30 tab)"},"content":{"rendered":"<h3>Jarrow Formulas SAMe 400 (30 tab)<\/h3>\n<p>Jarrow Formulas SAMe 200 poskytuje pln\u00fdch 200 mg SAMe (\u010dist\u00fd v\u00fd\u0165a\u017eok) zo 400 mg disulf\u00e1tu SAMe tosyl\u00e1tu. SAMe 200 sa vyr\u00e1ba pri n\u00edzkej teplote a vlhkosti a je entericky obalen\u00fd, aby sa zabezpe\u010dil biologicky akt\u00edvny produkt.<\/p>\n<p>S v\u00e4\u010d\u0161\u00edm obsahom biologicky akt\u00edvneho S,S ako R,S<br \/>\nSAMe sa nach\u00e1dza vo v\u0161etk\u00fdch \u017eiv\u00fdch bunk\u00e1ch a je metabolitom metion\u00ednu (esenci\u00e1lnej aminokyseliny). SAMe je chir\u00e1lna molekula pozost\u00e1vaj\u00faca z dvoch foriem: (S,S) SAMe a (R,S) SAMe. Biologicky akt\u00edvna forma je (S,S) \u0161trukt\u00fara, zatia\u013e \u010do (R,S) \u0161trukt\u00fara je biologicky neakt\u00edvna. Jarrow Formulas SAMe sa vyr\u00e1ba mikrobiologickou ferment\u00e1ciou a n\u00e1sledne sa spracov\u00e1va bez pou\u017eitia chemick\u00fdch rozp\u00fa\u0161\u0165adiel, aby sa zachoval 68-80% (S,S) SAMe.<\/p>\n<p>SAMe podporuje:<\/p>\n<p>Mozgov\u00fd metabolizmus a n\u00e1lada*<br \/>\nMetyla\u010dn\u00e9 reakcie SAMe sa podie\u013eaj\u00fa na synt\u00e9ze fosfatidylchol\u00ednu, ktor\u00fd je podstatnou zlo\u017ekou sivej hmoty v mozgu a bunkov\u00fdch membr\u00e1n.* Navrhuje sa tie\u017e, aby sa podie\u013eal na<br \/>\npri tvorbe alebo metabolizme neurotransmiterov, \u010do pom\u00e1ha<br \/>\npodporuj\u00fa vyv\u00e1\u017een\u00fa n\u00e1ladu.*<\/p>\n<p>Zdravie k\u013abov*<br \/>\nSAMe podporuje tvorbu zdrav\u00e9ho spojivov\u00e9ho tkaniva prostredn\u00edctvom transsulfur\u00e1cie.* Pri tomto transsulfur\u00e1cii sa kritick\u00e9 zlo\u017eky spojivov\u00e9ho tkaniva zn\u00e1me ako glykozaminoglyk\u00e1ny (GAG) vr\u00e1tane glukozam\u00ednu a chondroit\u00ednu sulf\u00e1tuj\u00fa metabolitmi SAMe, \u010d\u00edm sa z\u00edskaj\u00fa sulf\u00e1tovan\u00e9 GAG, ako je glukozam\u00edn sulf\u00e1t a chondroit\u00edn sulf\u00e1t, ktor\u00e9 s\u00fa z\u00e1kladn\u00fdmi stavebn\u00fdmi kame\u0148mi chrupavky.*<\/p>\n<p>Funkcia pe\u010dene*<br \/>\nSAMe podporuje synt\u00e9zu glutati\u00f3nu (GSH), ktor\u00fd je rozhoduj\u00faci pre antioxida\u010dn\u00fa ochranu a funkcie pe\u010dene vr\u00e1tane f\u00e1zy II detoxik\u00e1cie.*<\/p>\n<p>Jarrow Formulas SAMe 200 je balen\u00fd vo f\u00f3lii v blistroch, aby sa maximalizovala jeho stabilita, a poskytuje 200 mg S-adenozyl metion\u00ednu odvoden\u00e9ho zo 400 mg disulf\u00e1tu SAMe tozyl\u00e1tu.<\/p>","protected":false},"excerpt":{"rendered":"<p>Veg\u00e1nsky v\u00fd\u017eivov\u00fd doplnok Jarrow Formulas SAMe 400 je vhodn\u00fd pre zdrav\u00e9 k\u013aby, detoxik\u00e1ciu pe\u010dene, posilnenie mozgov\u00fdch funkci\u00ed a podporu dobrej n\u00e1lady. Balenie obsahuje: 30 tabliet.<\/p>","protected":false},"featured_media":11252,"comment_status":"closed","ping_status":"closed","template":"","meta":{"advanced_seo_description":"","jetpack_seo_html_title":"","jetpack_seo_noindex":false},"pwb-brand":[165],"product_brand":[4572],"product_cat":[294,143],"product_tag":[1146,1273,1272,1271],"class_list":{"0":"post-3194","1":"product","2":"type-product","3":"status-publish","4":"has-post-thumbnail","6":"pwb-brand-jarrow-formulas","7":"product_brand-jarrow-formulas","8":"product_cat-for-seniors","9":"product_cat-health-issues","10":"product_tag-good-mood","11":"product_tag-healthy-brain","12":"product_tag-healthy-joints","13":"product_tag-liver-detox","14":"brand_woo-jarrow-formulas","16":"first","17":"instock","18":"taxable","19":"shipping-taxable","20":"purchasable","21":"product-type-simple"},"jetpack_sharing_enabled":true,"brands":[{"id":165,"name":"Jarrow Formulas","slug":"jarrow-formulas"}],"_links":{"self":[{"href":"https:\/\/veganova.eu\/sk\/wp-json\/wp\/v2\/product\/3194","targetHints":{"allow":["GET"]}}],"collection":[{"href":"https:\/\/veganova.eu\/sk\/wp-json\/wp\/v2\/product"}],"about":[{"href":"https:\/\/veganova.eu\/sk\/wp-json\/wp\/v2\/types\/product"}],"replies":[{"embeddable":true,"href":"https:\/\/veganova.eu\/sk\/wp-json\/wp\/v2\/comments?post=3194"}],"version-history":[{"count":1,"href":"https:\/\/veganova.eu\/sk\/wp-json\/wp\/v2\/product\/3194\/revisions"}],"predecessor-version":[{"id":57680,"href":"https:\/\/veganova.eu\/sk\/wp-json\/wp\/v2\/product\/3194\/revisions\/57680"}],"wp:featuredmedia":[{"embeddable":true,"href":"https:\/\/veganova.eu\/sk\/wp-json\/wp\/v2\/media\/11252"}],"wp:attachment":[{"href":"https:\/\/veganova.eu\/sk\/wp-json\/wp\/v2\/media?parent=3194"}],"wp:term":[{"taxonomy":"pwb-brand","embeddable":true,"href":"https:\/\/veganova.eu\/sk\/wp-json\/wp\/v2\/pwb-brand?post=3194"},{"taxonomy":"product_brand","embeddable":true,"href":"https:\/\/veganova.eu\/sk\/wp-json\/wp\/v2\/product_brand?post=3194"},{"taxonomy":"product_cat","embeddable":true,"href":"https:\/\/veganova.eu\/sk\/wp-json\/wp\/v2\/product_cat?post=3194"},{"taxonomy":"product_tag","embeddable":true,"href":"https:\/\/veganova.eu\/sk\/wp-json\/wp\/v2\/product_tag?post=3194"}],"curies":[{"name":"wp","href":"https:\/\/api.w.org\/{rel}","templated":true}]}}