{"id":3201,"date":"2023-10-01T17:04:09","date_gmt":"2023-10-01T15:04:09","guid":{"rendered":"https:\/\/veganova.eu\/?post_type=product&#038;p=3201"},"modified":"2026-04-21T07:23:50","modified_gmt":"2026-04-21T05:23:50","slug":"jarrow-formulas-yum-yum-dophilus-1-billion-120-chewable-tab","status":"publish","type":"product","link":"https:\/\/veganova.eu\/sk\/shop\/jarrow-formulas-yum-yum-dophilus-1-billion-120-chewable-tab\/","title":{"rendered":"Jarrow Formulas Yum-Yum Dophilus, 1 miliarda (120 \u017euvac\u00edch tabliet)"},"content":{"rendered":"<h3>Jarrow Formulas Yum-Yum Dophilus, 1 miliarda (120 \u017euvac\u00edch tabliet)<\/h3>\n<p>\u010co rob\u00ed Yum-Yum Dophilus?<br \/>\nJarrow Formulas Yum-Yum Dophilus poskytuje 4 klinicky zdokumentovan\u00e9 kmene prospe\u0161n\u00fdch bakt\u00e9ri\u00ed v chutn\u00fdch \u017euvac\u00edch tablet\u00e1ch. Prospe\u0161n\u00fa \u010drevn\u00fa fl\u00f3ru m\u00f4\u017ee negat\u00edvne ovplyvni\u0165 alebo zn\u00ed\u017ei\u0165 strava s n\u00edzkym obsahom vl\u00e1kniny, vysok\u00fdm obsahom \u017eivo\u010d\u00ed\u0161nych bielkov\u00edn, u\u017e\u00edvanie liekov, cestovanie a stres at\u010f. V\u00fdsledkom je dysbi\u00f3za (t. j. naru\u0161enie norm\u00e1lnej \u010drevnej mikrofl\u00f3ry), ktor\u00e1 m\u00f4\u017ee negat\u00edvne ovplyvni\u0165 funkciu a pohodu tr\u00e1viaceho traktu.<\/p>\n<p>Priate\u013esk\u00e9 bakt\u00e9rie v mlieku Yum-Yum Dophilus pom\u00e1haj\u00fa udr\u017eiava\u0165 vyv\u00e1\u017een\u00fa \u010drevn\u00fa mikrofl\u00f3ru, podporuj\u00fa imunitn\u00e9 funkcie a podporuj\u00fa zdravie. Xylitol sa pou\u017e\u00edva na zlep\u0161enie chuti a podporu zdravia zubov.<\/p>\n<p>Bez cukru. Bez umel\u00fdch sladidiel, ar\u00f3m a farb\u00edv.<\/p>\n<p>Ka\u017ed\u00e1 tableta je samostatne balen\u00e1 v blistri pre lep\u0161iu stabilitu a pohodlie.<\/p>","protected":false},"excerpt":{"rendered":"<p>V\u00fd\u017eivov\u00fd doplnok s obsahom probiot\u00edk, inul\u00ednu a fruktooligosacharidov Jarrow Formulas Yum-Yum Dophilus, 1 miliarda, balenie obsahuje: 120 \u017euvac\u00edch tabliet.<\/p>","protected":false},"featured_media":11337,"comment_status":"closed","ping_status":"closed","template":"","meta":{"advanced_seo_description":"","jetpack_seo_html_title":"","jetpack_seo_noindex":false},"pwb-brand":[165],"product_brand":[4572],"product_cat":[596],"product_tag":[1156,1276,1117,1275],"class_list":{"0":"post-3201","1":"product","2":"type-product","3":"status-publish","4":"has-post-thumbnail","6":"pwb-brand-jarrow-formulas","7":"product_brand-jarrow-formulas","8":"product_cat-digestion","9":"product_tag-healthy-digestion","10":"product_tag-healthy-intestine","11":"product_tag-immunity","12":"product_tag-intestinal-microflora","13":"brand_woo-jarrow-formulas","15":"first","16":"instock","17":"sale","18":"taxable","19":"shipping-taxable","20":"purchasable","21":"product-type-simple"},"jetpack_sharing_enabled":true,"brands":[{"id":165,"name":"Jarrow Formulas","slug":"jarrow-formulas"}],"_links":{"self":[{"href":"https:\/\/veganova.eu\/sk\/wp-json\/wp\/v2\/product\/3201","targetHints":{"allow":["GET"]}}],"collection":[{"href":"https:\/\/veganova.eu\/sk\/wp-json\/wp\/v2\/product"}],"about":[{"href":"https:\/\/veganova.eu\/sk\/wp-json\/wp\/v2\/types\/product"}],"replies":[{"embeddable":true,"href":"https:\/\/veganova.eu\/sk\/wp-json\/wp\/v2\/comments?post=3201"}],"version-history":[{"count":1,"href":"https:\/\/veganova.eu\/sk\/wp-json\/wp\/v2\/product\/3201\/revisions"}],"predecessor-version":[{"id":57687,"href":"https:\/\/veganova.eu\/sk\/wp-json\/wp\/v2\/product\/3201\/revisions\/57687"}],"wp:featuredmedia":[{"embeddable":true,"href":"https:\/\/veganova.eu\/sk\/wp-json\/wp\/v2\/media\/11337"}],"wp:attachment":[{"href":"https:\/\/veganova.eu\/sk\/wp-json\/wp\/v2\/media?parent=3201"}],"wp:term":[{"taxonomy":"pwb-brand","embeddable":true,"href":"https:\/\/veganova.eu\/sk\/wp-json\/wp\/v2\/pwb-brand?post=3201"},{"taxonomy":"product_brand","embeddable":true,"href":"https:\/\/veganova.eu\/sk\/wp-json\/wp\/v2\/product_brand?post=3201"},{"taxonomy":"product_cat","embeddable":true,"href":"https:\/\/veganova.eu\/sk\/wp-json\/wp\/v2\/product_cat?post=3201"},{"taxonomy":"product_tag","embeddable":true,"href":"https:\/\/veganova.eu\/sk\/wp-json\/wp\/v2\/product_tag?post=3201"}],"curies":[{"name":"wp","href":"https:\/\/api.w.org\/{rel}","templated":true}]}}