{"id":3206,"date":"2023-10-01T17:04:11","date_gmt":"2023-10-01T15:04:11","guid":{"rendered":"https:\/\/veganova.eu\/?post_type=product&#038;p=3206"},"modified":"2026-04-21T07:23:51","modified_gmt":"2026-04-21T05:23:51","slug":"kiki-health-activated-charcoal-300mg-50-kaps","status":"publish","type":"product","link":"https:\/\/veganova.eu\/sk\/shop\/kiki-health-activated-charcoal-300mg-50-kaps\/","title":{"rendered":"KIKI Health Akt\u00edvne dreven\u00e9 uhlie, 300 mg (50 kaps\u00fal)"},"content":{"rendered":"<h3>KIKI Health Akt\u00edvne uhlie<\/h3>\n<ul>\n<li>Akt\u00edvne uhlie KIKI sa vyr\u00e1ba z udr\u017eate\u013en\u00fdch kokosov\u00fdch orechov, ktor\u00e9 boli vy\u010disten\u00e9 parou, aby sa odstr\u00e1nili v\u0161etky ne\u010distoty.<\/li>\n<li>Je to jemne redukovan\u00fd pr\u00e1\u0161ok (5 - 10 mikr\u00f3nov), ktor\u00fd predstavuje obrovsk\u00fa plochu na absorpciu ne\u017eiaducich l\u00e1tok.<\/li>\n<li>Pri peror\u00e1lnom u\u017e\u00edvan\u00ed alebo aplik\u00e1cii na zuby \u010di poko\u017eku p\u00f4sob\u00ed ako \u0161pongia, ktor\u00e1 absorbuje ne\u010distoty.<\/li>\n<li>Akt\u00edvne uhlie prispieva k zn\u00ed\u017eeniu nadmernej plynatosti po jedle.<\/li>\n<li>Priazniv\u00fd \u00fa\u010dinok sa dosiahne pri u\u017eit\u00ed 1 g, ktor\u00fd sa m\u00e1 u\u017ei\u0165 aspo\u0148 30 min\u00fat pred jedlom a 1 g kr\u00e1tko po jedle.<\/li>\n<\/ul>","protected":false},"excerpt":{"rendered":"<p>Veg\u00e1nsky v\u00fd\u017eivov\u00fd doplnok s obsahom akt\u00edvneho uhlia z\u00edskan\u00e9ho z kokosov\u00fdch orechov KIKI Health Activated Charcoal via\u017ee tox\u00edny a kontaminanty. Vhodn\u00fd na pou\u017eitie pri tr\u00e1viacich probl\u00e9moch a probl\u00e9moch s nadmernou plynatos\u0165ou. Obsah akt\u00edvneho uhlia: 300 mg, balenie obsahuje: 50 veg\u00e1nskych kaps\u00fal.<\/p>","protected":false},"featured_media":53624,"comment_status":"closed","ping_status":"closed","template":"","meta":{"advanced_seo_description":"","jetpack_seo_html_title":"","jetpack_seo_noindex":false},"pwb-brand":[166],"product_brand":[4573],"product_cat":[2592,596,149],"product_tag":[1278,1277,1090],"class_list":{"0":"post-3206","1":"product","2":"type-product","3":"status-publish","4":"has-post-thumbnail","6":"pwb-brand-kiki-health","7":"product_brand-kiki-health","8":"product_cat-detox","9":"product_cat-digestion","10":"product_cat-superfoods","11":"product_tag-gas","12":"product_tag-intestinal-problems","13":"product_tag-toxins","14":"brand_woo-kiki-health","16":"first","17":"instock","18":"sale","19":"taxable","20":"shipping-taxable","21":"purchasable","22":"product-type-simple"},"jetpack_sharing_enabled":true,"brands":[{"id":166,"name":"KIKI Health","slug":"kiki-health"}],"_links":{"self":[{"href":"https:\/\/veganova.eu\/sk\/wp-json\/wp\/v2\/product\/3206","targetHints":{"allow":["GET"]}}],"collection":[{"href":"https:\/\/veganova.eu\/sk\/wp-json\/wp\/v2\/product"}],"about":[{"href":"https:\/\/veganova.eu\/sk\/wp-json\/wp\/v2\/types\/product"}],"replies":[{"embeddable":true,"href":"https:\/\/veganova.eu\/sk\/wp-json\/wp\/v2\/comments?post=3206"}],"version-history":[{"count":1,"href":"https:\/\/veganova.eu\/sk\/wp-json\/wp\/v2\/product\/3206\/revisions"}],"predecessor-version":[{"id":57692,"href":"https:\/\/veganova.eu\/sk\/wp-json\/wp\/v2\/product\/3206\/revisions\/57692"}],"wp:featuredmedia":[{"embeddable":true,"href":"https:\/\/veganova.eu\/sk\/wp-json\/wp\/v2\/media\/53624"}],"wp:attachment":[{"href":"https:\/\/veganova.eu\/sk\/wp-json\/wp\/v2\/media?parent=3206"}],"wp:term":[{"taxonomy":"pwb-brand","embeddable":true,"href":"https:\/\/veganova.eu\/sk\/wp-json\/wp\/v2\/pwb-brand?post=3206"},{"taxonomy":"product_brand","embeddable":true,"href":"https:\/\/veganova.eu\/sk\/wp-json\/wp\/v2\/product_brand?post=3206"},{"taxonomy":"product_cat","embeddable":true,"href":"https:\/\/veganova.eu\/sk\/wp-json\/wp\/v2\/product_cat?post=3206"},{"taxonomy":"product_tag","embeddable":true,"href":"https:\/\/veganova.eu\/sk\/wp-json\/wp\/v2\/product_tag?post=3206"}],"curies":[{"name":"wp","href":"https:\/\/api.w.org\/{rel}","templated":true}]}}