{"id":3210,"date":"2023-10-01T17:04:12","date_gmt":"2023-10-01T15:04:12","guid":{"rendered":"https:\/\/veganova.eu\/?post_type=product&#038;p=3210"},"modified":"2026-05-02T02:27:31","modified_gmt":"2026-05-02T00:27:31","slug":"kiki-health-aloe-ferox-juice-organic-500-ml","status":"publish","type":"product","link":"https:\/\/veganova.eu\/sk\/shop\/kiki-health-aloe-ferox-juice-organic-500-ml\/","title":{"rendered":"KIKI Health Aloe Ferox Juice Organic (500 ml)"},"content":{"rendered":"<h3>KIKI Health Aloe Ferox Juice Organic (500 ml)<\/h3>\n<p>\u0160\u0165ava z aloe ferox od spolo\u010dnosti KIKI je \u010dist\u00e1 a nefiltrovan\u00e1 pr\u00edrodn\u00e1 \u0161\u0165ava. Poch\u00e1dza z Afriky a rastie vo\u013ene vo svojom prirodzenom prostred\u00ed. Aloe Ferox je zn\u00e1ma pre svoje prirodzen\u00e9 \u00fa\u010dinky na \u010distenie hrub\u00e9ho \u010dreva. \u0160\u0165ava Aloe Ferox je nekoncentrovan\u00e1 a nerieden\u00e1, tak\u017ee v\u0161etky \u017eivotne d\u00f4le\u017eit\u00e9 \u017eiviny rastliny s\u00fa zachovan\u00e9 v ich prirodzenej forme. Pre\u010do sa Aloe Ferox nemus\u00ed filtrova\u0165 ako rastlina Aloe Vera Na rozdiel od Aloe Vera sa Aloe Ferox nemus\u00ed filtrova\u0165, preto\u017ee je a tak m\u00e1 vy\u0161\u0161iu koncentr\u00e1ciu \u017eiv\u00edn; ke\u010f\u017ee sa po\u010das procesu filtr\u00e1cie ni\u010d nestr\u00e1ca. Listy rastliny Aloe Vera s\u00fa m\u00e4kk\u00e9, tak\u017ee \"alo\u00edn\" prenik\u00e1 do bielej du\u017einy. Preto v\u00fdrobcovia \u010dasto v\u00fdrobok filtruj\u00fa alebo chemicky neutralizuj\u00fa, aby odstr\u00e1nili obsah alo\u00ednu. Alo\u00edn m\u00f4\u017ee sp\u00f4sobi\u0165 ne\u017eiaduce ved\u013eaj\u0161ie \u00fa\u010dinky, ako je nerovnov\u00e1ha elektrolytov, hna\u010dka a bolesti brucha. Listy rastliny Aloe Ferox s\u00fa fyzicky ove\u013ea silnej\u0161ie, tak\u017ee alo\u00edn sa do nich nem\u00f4\u017ee dosta\u0165, a preto sa nemus\u00ed filtrova\u0165. \u010cerstvo odrezan\u00fd list Aloe ferox produkuje pribli\u017ene 20-kr\u00e1t viac horkej \u0161\u0165avy v hmotnostnom vyjadren\u00ed ako Aloe vera.<\/p>","protected":false},"excerpt":{"rendered":"<p>Veg\u00e1nska organick\u00e1 \u0161\u0165ava s obsahom Aloe Vera KIKI Health Aloe Ferox Juice Organic sa dod\u00e1va v \u010distej a nefiltrovanej forme. Vhodn\u00e1 napr\u00edklad na \u010distenie tr\u00e1viaceho traktu, pri probl\u00e9moch s tr\u00e1ven\u00edm. Balenie obsahuje: 500 ml<\/p>","protected":false},"featured_media":53158,"comment_status":"closed","ping_status":"closed","template":"","meta":{"advanced_seo_description":"","jetpack_seo_html_title":"","jetpack_seo_noindex":false},"pwb-brand":[166],"product_brand":[4573],"product_cat":[149],"product_tag":[1280,1067,1278,1090],"class_list":{"0":"post-3210","1":"product","2":"type-product","3":"status-publish","4":"has-post-thumbnail","6":"pwb-brand-kiki-health","7":"product_brand-kiki-health","8":"product_cat-superfoods","9":"product_tag-bowels","10":"product_tag-digestion","11":"product_tag-gas","12":"product_tag-toxins","13":"brand_woo-kiki-health","15":"first","16":"instock","17":"taxable","18":"shipping-taxable","19":"purchasable","20":"product-type-simple"},"jetpack_sharing_enabled":true,"brands":[{"id":166,"name":"KIKI Health","slug":"kiki-health"}],"_links":{"self":[{"href":"https:\/\/veganova.eu\/sk\/wp-json\/wp\/v2\/product\/3210","targetHints":{"allow":["GET"]}}],"collection":[{"href":"https:\/\/veganova.eu\/sk\/wp-json\/wp\/v2\/product"}],"about":[{"href":"https:\/\/veganova.eu\/sk\/wp-json\/wp\/v2\/types\/product"}],"replies":[{"embeddable":true,"href":"https:\/\/veganova.eu\/sk\/wp-json\/wp\/v2\/comments?post=3210"}],"version-history":[{"count":1,"href":"https:\/\/veganova.eu\/sk\/wp-json\/wp\/v2\/product\/3210\/revisions"}],"predecessor-version":[{"id":57696,"href":"https:\/\/veganova.eu\/sk\/wp-json\/wp\/v2\/product\/3210\/revisions\/57696"}],"wp:featuredmedia":[{"embeddable":true,"href":"https:\/\/veganova.eu\/sk\/wp-json\/wp\/v2\/media\/53158"}],"wp:attachment":[{"href":"https:\/\/veganova.eu\/sk\/wp-json\/wp\/v2\/media?parent=3210"}],"wp:term":[{"taxonomy":"pwb-brand","embeddable":true,"href":"https:\/\/veganova.eu\/sk\/wp-json\/wp\/v2\/pwb-brand?post=3210"},{"taxonomy":"product_brand","embeddable":true,"href":"https:\/\/veganova.eu\/sk\/wp-json\/wp\/v2\/product_brand?post=3210"},{"taxonomy":"product_cat","embeddable":true,"href":"https:\/\/veganova.eu\/sk\/wp-json\/wp\/v2\/product_cat?post=3210"},{"taxonomy":"product_tag","embeddable":true,"href":"https:\/\/veganova.eu\/sk\/wp-json\/wp\/v2\/product_tag?post=3210"}],"curies":[{"name":"wp","href":"https:\/\/api.w.org\/{rel}","templated":true}]}}