{"id":3232,"date":"2023-10-01T17:04:22","date_gmt":"2023-10-01T15:04:22","guid":{"rendered":"https:\/\/veganova.eu\/?post_type=product&#038;p=3232"},"modified":"2026-04-21T07:23:52","modified_gmt":"2026-04-21T05:23:52","slug":"kiki-health-natures-living-superfood-organic-150g","status":"publish","type":"product","link":"https:\/\/veganova.eu\/sk\/shop\/kiki-health-natures-living-superfood-organic-150g\/","title":{"rendered":"KIKI Health Nature's Living Superfood Organic (150g)"},"content":{"rendered":"<h3>KIKI Health Nature's Living Superfood Organic (150g)<\/h3>\n<p>Zelen\u00e9 potraviny<br \/>\nRastlinn\u00e9 \u0161\u0165avy<br \/>\nMorsk\u00e1 zelenina<br \/>\nRiasy<br \/>\nEnz\u00fdmy<br \/>\nBakteri\u00e1lne kult\u00fary<br \/>\nCertifikovan\u00e9<br \/>\nBez lepku<\/p>\n<p>Nature's Living Superfood je zelen\u00fd alkalizuj\u00faci doplnok stravy. Je odvoden\u00fd z komplexnej zmesi cel\u00fdch potrav\u00edn vr\u00e1tane alkalizuj\u00facej suchozemskej a morskej zeleniny, mikrorias, enz\u00fdmov a bakteri\u00e1lnych kult\u00far. V\u0161etk\u00fdch 32, za studena lisovan\u00fdch, prim\u00e1rnych zlo\u017eiek v Nature's Living Superfood bolo starostlivo vybran\u00fdch, vyv\u00e1\u017een\u00fdch a pripraven\u00fdch tak, aby sa zabezpe\u010dila maxim\u00e1lna absorpcia a vyu\u017eitie v tele na bunkovej \u00farovni. Nature's Living Superfood je navrhnut\u00fd tak, aby podporoval va\u0161e ka\u017edodenn\u00e9 v\u00fd\u017eivov\u00e9 potreby, preto\u017ee je vyroben\u00fd v\u00fdlu\u010dne z rastlinn\u00fdch, plnohodnotn\u00fdch potravinov\u00fdch zlo\u017eiek s probiotikami a enz\u00fdmami, ktor\u00e9 pom\u00e1haj\u00fa telu vstreb\u00e1va\u0165 potrebn\u00e9 \u017eiviny a podporuj\u00fa zdravie tr\u00e1viaceho traktu.<\/p>","protected":false},"excerpt":{"rendered":"<p>Vegan nutritional supplement KIKI Health Nature&#8217;s Living Superfood Organic contains a pure extract of superfoods, algae, in combination with enzymes and probiotic cultures. An ideal nutrition supplement for maximum health benefits, healthy digestion and strengthening of immunity. The package contains: 150g. Gluten-free.<\/p>","protected":false},"featured_media":53137,"comment_status":"closed","ping_status":"closed","template":"","meta":{"advanced_seo_description":"","jetpack_seo_html_title":"","jetpack_seo_noindex":false},"pwb-brand":[166],"product_brand":[4573],"product_cat":[149],"product_tag":[1167,1157,1037,1067,1117,1285],"class_list":{"0":"post-3232","1":"product","2":"type-product","3":"status-publish","4":"has-post-thumbnail","6":"pwb-brand-kiki-health","7":"product_brand-kiki-health","8":"product_cat-superfoods","9":"product_tag-blood-vessels","10":"product_tag-circulation","11":"product_tag-detox","12":"product_tag-digestion","13":"product_tag-immunity","14":"product_tag-intestines","15":"brand_woo-kiki-health","17":"first","18":"instock","19":"taxable","20":"shipping-taxable","21":"purchasable","22":"product-type-simple"},"jetpack_sharing_enabled":true,"brands":[{"id":166,"name":"KIKI Health","slug":"kiki-health"}],"_links":{"self":[{"href":"https:\/\/veganova.eu\/sk\/wp-json\/wp\/v2\/product\/3232","targetHints":{"allow":["GET"]}}],"collection":[{"href":"https:\/\/veganova.eu\/sk\/wp-json\/wp\/v2\/product"}],"about":[{"href":"https:\/\/veganova.eu\/sk\/wp-json\/wp\/v2\/types\/product"}],"replies":[{"embeddable":true,"href":"https:\/\/veganova.eu\/sk\/wp-json\/wp\/v2\/comments?post=3232"}],"version-history":[{"count":1,"href":"https:\/\/veganova.eu\/sk\/wp-json\/wp\/v2\/product\/3232\/revisions"}],"predecessor-version":[{"id":57717,"href":"https:\/\/veganova.eu\/sk\/wp-json\/wp\/v2\/product\/3232\/revisions\/57717"}],"wp:featuredmedia":[{"embeddable":true,"href":"https:\/\/veganova.eu\/sk\/wp-json\/wp\/v2\/media\/53137"}],"wp:attachment":[{"href":"https:\/\/veganova.eu\/sk\/wp-json\/wp\/v2\/media?parent=3232"}],"wp:term":[{"taxonomy":"pwb-brand","embeddable":true,"href":"https:\/\/veganova.eu\/sk\/wp-json\/wp\/v2\/pwb-brand?post=3232"},{"taxonomy":"product_brand","embeddable":true,"href":"https:\/\/veganova.eu\/sk\/wp-json\/wp\/v2\/product_brand?post=3232"},{"taxonomy":"product_cat","embeddable":true,"href":"https:\/\/veganova.eu\/sk\/wp-json\/wp\/v2\/product_cat?post=3232"},{"taxonomy":"product_tag","embeddable":true,"href":"https:\/\/veganova.eu\/sk\/wp-json\/wp\/v2\/product_tag?post=3232"}],"curies":[{"name":"wp","href":"https:\/\/api.w.org\/{rel}","templated":true}]}}