{"id":3281,"date":"2023-10-01T17:04:30","date_gmt":"2023-10-01T15:04:30","guid":{"rendered":"https:\/\/veganova.eu\/?post_type=product&#038;p=3281"},"modified":"2026-04-26T02:21:33","modified_gmt":"2026-04-26T00:21:33","slug":"now-foods-5-htp-100mg-120-kaps","status":"publish","type":"product","link":"https:\/\/veganova.eu\/sk\/shop\/now-foods-5-htp-100mg-120-kaps\/","title":{"rendered":"NOW Foods 5-HTP, 100 mg (120 kaps\u00fal)"},"content":{"rendered":"<h3>NOW Foods 5-HTP<\/h3>\n<ul>\n<li>Podporuje pozit\u00edvnu n\u00e1ladu<\/li>\n<li>5-HTP, medziprodukt medzi aminokyselinou tryptof\u00e1nom a seroton\u00ednom<\/li>\n<li>sa z\u00edskava zo semien africkej rastliny (Griffonia simplicifolia).<\/li>\n<\/ul>","protected":false},"excerpt":{"rendered":"<p>Veg\u00e1nsky v\u00fd\u017eivov\u00fd doplnok NOW Foods 5-HTP, 100 mg podporuje kvalitn\u00fd sp\u00e1nok. Balenie obsahuje: 120 kaps\u00fal. Bez lepku, bez GMO.<\/p>","protected":false},"featured_media":51402,"comment_status":"closed","ping_status":"closed","template":"","meta":{"advanced_seo_description":"","jetpack_seo_html_title":"","jetpack_seo_noindex":false},"pwb-brand":[173],"product_brand":[4580],"product_cat":[174,132],"product_tag":[599,600,602,603],"class_list":{"0":"post-3281","1":"product","2":"type-product","3":"status-publish","4":"has-post-thumbnail","6":"pwb-brand-now-foods","7":"product_brand-now-foods","8":"product_cat-amino-acids","9":"product_cat-sports-nutrition","10":"product_tag-gluten-free","11":"product_tag-no-sugar","12":"product_tag-vegan","13":"product_tag-vege","14":"brand_woo-now-foods","16":"first","17":"outofstock","18":"taxable","19":"shipping-taxable","20":"purchasable","21":"product-type-simple"},"jetpack_sharing_enabled":true,"brands":[{"id":173,"name":"NOW Foods","slug":"now-foods"}],"_links":{"self":[{"href":"https:\/\/veganova.eu\/sk\/wp-json\/wp\/v2\/product\/3281","targetHints":{"allow":["GET"]}}],"collection":[{"href":"https:\/\/veganova.eu\/sk\/wp-json\/wp\/v2\/product"}],"about":[{"href":"https:\/\/veganova.eu\/sk\/wp-json\/wp\/v2\/types\/product"}],"replies":[{"embeddable":true,"href":"https:\/\/veganova.eu\/sk\/wp-json\/wp\/v2\/comments?post=3281"}],"version-history":[{"count":1,"href":"https:\/\/veganova.eu\/sk\/wp-json\/wp\/v2\/product\/3281\/revisions"}],"predecessor-version":[{"id":57731,"href":"https:\/\/veganova.eu\/sk\/wp-json\/wp\/v2\/product\/3281\/revisions\/57731"}],"wp:featuredmedia":[{"embeddable":true,"href":"https:\/\/veganova.eu\/sk\/wp-json\/wp\/v2\/media\/51402"}],"wp:attachment":[{"href":"https:\/\/veganova.eu\/sk\/wp-json\/wp\/v2\/media?parent=3281"}],"wp:term":[{"taxonomy":"pwb-brand","embeddable":true,"href":"https:\/\/veganova.eu\/sk\/wp-json\/wp\/v2\/pwb-brand?post=3281"},{"taxonomy":"product_brand","embeddable":true,"href":"https:\/\/veganova.eu\/sk\/wp-json\/wp\/v2\/product_brand?post=3281"},{"taxonomy":"product_cat","embeddable":true,"href":"https:\/\/veganova.eu\/sk\/wp-json\/wp\/v2\/product_cat?post=3281"},{"taxonomy":"product_tag","embeddable":true,"href":"https:\/\/veganova.eu\/sk\/wp-json\/wp\/v2\/product_tag?post=3281"}],"curies":[{"name":"wp","href":"https:\/\/api.w.org\/{rel}","templated":true}]}}