{"id":3290,"date":"2023-10-01T17:04:35","date_gmt":"2023-10-01T15:04:35","guid":{"rendered":"https:\/\/veganova.eu\/?post_type=product&#038;p=3290"},"modified":"2026-04-21T07:23:55","modified_gmt":"2026-04-21T05:23:55","slug":"now-foods-acetyl-l-carnitine-500mg-200-kaps","status":"publish","type":"product","link":"https:\/\/veganova.eu\/sk\/shop\/now-foods-acetyl-l-carnitine-500mg-200-kaps\/","title":{"rendered":"NOW Foods Acetyl-L-karnit\u00edn, 500 mg (200 kaps\u00fal)"},"content":{"rendered":"<h3>NOW Foods Acetyl-L-karnit\u00edn<\/h3>\n<ul>\n<li>pren\u00e1\u0161a mastn\u00e9 kyseliny<\/li>\n<li>Zvy\u0161uje bunkov\u00fa energiu<\/li>\n<li>Acetyl-L-karnit\u00edn (ALC) je modifikovan\u00e1 aminokyselina, ktor\u00e1 podporuje produkciu bunkovej energie t\u00fdm, \u017ee pom\u00e1ha transportova\u0165 tuk do mitochondri\u00ed, kde sa premie\u0148a na ATP (bunkov\u00e9 palivo).<\/li>\n<li>ALC je vysoko biologicky dostupn\u00e1 forma karnit\u00ednu, ktor\u00e1 m\u00f4\u017ee prech\u00e1dza\u0165 cez hematoencefalick\u00fa bari\u00e9ru, kde pom\u00e1ha zvl\u00e1da\u0165 oxida\u010dn\u00e9 po\u0161kodenie, podporuje funkciu mitochondri\u00ed a pom\u00e1ha udr\u017eiava\u0165 norm\u00e1lnu aktivitu neurotransmiterov.<\/li>\n<li>Klinick\u00e9 \u0161t\u00fadie nazna\u010duj\u00fa, \u017ee ALC pom\u00e1ha udr\u017eiava\u0165 optim\u00e1lne neurologick\u00e9 zdravie.<\/li>\n<\/ul>","protected":false},"excerpt":{"rendered":"<p>Vegan nutritional supplement NOW Foods Acetyl-L-Carnitine, 500mg, ideal for energy during training and proper metabolism of carbohydrates and fats. The package contains: 200 capsules. Gluten-free, GMO-free.<\/p>","protected":false},"featured_media":11185,"comment_status":"closed","ping_status":"closed","template":"","meta":{"advanced_seo_description":"","jetpack_seo_html_title":"","jetpack_seo_noindex":false},"pwb-brand":[173],"product_brand":[4580],"product_cat":[155,132],"product_tag":[599,601,602,603],"class_list":{"0":"post-3290","1":"product","2":"type-product","3":"status-publish","4":"has-post-thumbnail","6":"pwb-brand-now-foods","7":"product_brand-now-foods","8":"product_cat-fat-burners","9":"product_cat-sports-nutrition","10":"product_tag-gluten-free","11":"product_tag-non-gmo","12":"product_tag-vegan","13":"product_tag-vege","14":"brand_woo-now-foods","16":"first","17":"instock","18":"sale","19":"taxable","20":"shipping-taxable","21":"purchasable","22":"product-type-simple"},"jetpack_sharing_enabled":true,"brands":[{"id":173,"name":"NOW Foods","slug":"now-foods"}],"_links":{"self":[{"href":"https:\/\/veganova.eu\/sk\/wp-json\/wp\/v2\/product\/3290","targetHints":{"allow":["GET"]}}],"collection":[{"href":"https:\/\/veganova.eu\/sk\/wp-json\/wp\/v2\/product"}],"about":[{"href":"https:\/\/veganova.eu\/sk\/wp-json\/wp\/v2\/types\/product"}],"replies":[{"embeddable":true,"href":"https:\/\/veganova.eu\/sk\/wp-json\/wp\/v2\/comments?post=3290"}],"version-history":[{"count":1,"href":"https:\/\/veganova.eu\/sk\/wp-json\/wp\/v2\/product\/3290\/revisions"}],"predecessor-version":[{"id":57739,"href":"https:\/\/veganova.eu\/sk\/wp-json\/wp\/v2\/product\/3290\/revisions\/57739"}],"wp:featuredmedia":[{"embeddable":true,"href":"https:\/\/veganova.eu\/sk\/wp-json\/wp\/v2\/media\/11185"}],"wp:attachment":[{"href":"https:\/\/veganova.eu\/sk\/wp-json\/wp\/v2\/media?parent=3290"}],"wp:term":[{"taxonomy":"pwb-brand","embeddable":true,"href":"https:\/\/veganova.eu\/sk\/wp-json\/wp\/v2\/pwb-brand?post=3290"},{"taxonomy":"product_brand","embeddable":true,"href":"https:\/\/veganova.eu\/sk\/wp-json\/wp\/v2\/product_brand?post=3290"},{"taxonomy":"product_cat","embeddable":true,"href":"https:\/\/veganova.eu\/sk\/wp-json\/wp\/v2\/product_cat?post=3290"},{"taxonomy":"product_tag","embeddable":true,"href":"https:\/\/veganova.eu\/sk\/wp-json\/wp\/v2\/product_tag?post=3290"}],"curies":[{"name":"wp","href":"https:\/\/api.w.org\/{rel}","templated":true}]}}