{"id":3310,"date":"2023-10-01T17:04:45","date_gmt":"2023-10-01T15:04:45","guid":{"rendered":"https:\/\/veganova.eu\/?post_type=product&#038;p=3310"},"modified":"2026-04-21T07:23:56","modified_gmt":"2026-04-21T05:23:56","slug":"now-foods-alpha-lipoic-acid-with-vitamins-c-e-100mg-60-kaps","status":"publish","type":"product","link":"https:\/\/veganova.eu\/sk\/shop\/now-foods-alpha-lipoic-acid-with-vitamins-c-e-100mg-60-kaps\/","title":{"rendered":"NOW Foods Kyselina alfa-lipoov\u00e1 s vitam\u00ednmi C a E, 100 mg (60 kaps\u00fal)"},"content":{"rendered":"<h3>NOW Foods Alpha Lipoic Acid with Vitamins C &amp; E<\/h3>\n<ul>\n<li>Supports the production of glutathione, with vitamins C and E, Alpha Lipoic Acid (ALA) is naturally produced in the human body in very small amounts , but is also available through food sources.<\/li>\n<li>ALA is unique because it supports the body&#8217;s free radical scavenging systems and can function in both aqueous and fat environments.<\/li>\n<li>ALA can also recycle antioxidant vitamins C and E, thereby expanding their activity.<\/li>\n<\/ul>","protected":false},"excerpt":{"rendered":"<p>The vegan nutritional supplement NOW Foods Alpha Lipoic Acid with Vitamins C &amp; E, 100mg is a combination that supports better absorption of vitamins C and E, which gives them a higher (not only) antioxidant effect. The package contains: 60 capsules. Gluten-free, GMO-free.<\/p>","protected":false},"featured_media":53583,"comment_status":"closed","ping_status":"closed","template":"","meta":{"advanced_seo_description":"","jetpack_seo_html_title":"","jetpack_seo_noindex":false},"pwb-brand":[173],"product_brand":[4580],"product_cat":[174,132],"product_tag":[1235,1094],"class_list":{"0":"post-3310","1":"product","2":"type-product","3":"status-publish","4":"has-post-thumbnail","6":"pwb-brand-now-foods","7":"product_brand-now-foods","8":"product_cat-amino-acids","9":"product_cat-sports-nutrition","10":"product_tag-free-radical-scavenger","11":"product_tag-metabolism","12":"brand_woo-now-foods","14":"first","15":"outofstock","16":"taxable","17":"shipping-taxable","18":"purchasable","19":"product-type-simple"},"jetpack_sharing_enabled":true,"brands":[{"id":173,"name":"NOW Foods","slug":"now-foods"}],"_links":{"self":[{"href":"https:\/\/veganova.eu\/sk\/wp-json\/wp\/v2\/product\/3310","targetHints":{"allow":["GET"]}}],"collection":[{"href":"https:\/\/veganova.eu\/sk\/wp-json\/wp\/v2\/product"}],"about":[{"href":"https:\/\/veganova.eu\/sk\/wp-json\/wp\/v2\/types\/product"}],"replies":[{"embeddable":true,"href":"https:\/\/veganova.eu\/sk\/wp-json\/wp\/v2\/comments?post=3310"}],"version-history":[{"count":1,"href":"https:\/\/veganova.eu\/sk\/wp-json\/wp\/v2\/product\/3310\/revisions"}],"predecessor-version":[{"id":57759,"href":"https:\/\/veganova.eu\/sk\/wp-json\/wp\/v2\/product\/3310\/revisions\/57759"}],"wp:featuredmedia":[{"embeddable":true,"href":"https:\/\/veganova.eu\/sk\/wp-json\/wp\/v2\/media\/53583"}],"wp:attachment":[{"href":"https:\/\/veganova.eu\/sk\/wp-json\/wp\/v2\/media?parent=3310"}],"wp:term":[{"taxonomy":"pwb-brand","embeddable":true,"href":"https:\/\/veganova.eu\/sk\/wp-json\/wp\/v2\/pwb-brand?post=3310"},{"taxonomy":"product_brand","embeddable":true,"href":"https:\/\/veganova.eu\/sk\/wp-json\/wp\/v2\/product_brand?post=3310"},{"taxonomy":"product_cat","embeddable":true,"href":"https:\/\/veganova.eu\/sk\/wp-json\/wp\/v2\/product_cat?post=3310"},{"taxonomy":"product_tag","embeddable":true,"href":"https:\/\/veganova.eu\/sk\/wp-json\/wp\/v2\/product_tag?post=3310"}],"curies":[{"name":"wp","href":"https:\/\/api.w.org\/{rel}","templated":true}]}}