{"id":3374,"date":"2023-10-01T17:05:10","date_gmt":"2023-10-01T15:05:10","guid":{"rendered":"https:\/\/veganova.eu\/?post_type=product&#038;p=3374"},"modified":"2026-05-05T02:31:17","modified_gmt":"2026-05-05T00:31:17","slug":"now-foods-candida-support-180-kaps","status":"publish","type":"product","link":"https:\/\/veganova.eu\/sk\/shop\/now-foods-candida-support-180-kaps\/","title":{"rendered":"NOW Foods Candida Support (180 kaps\u00fal)"},"content":{"rendered":"<h3>NOW Foods Candida Support (180 kaps\u00fal)<\/h3>\n<p>With Pau D&#8217;Arco, Oregano Oil, Black Walnut &amp; Caprylic Acid<br \/>\nPodporuje zdrav\u00fa rovnov\u00e1hu \u010drevnej fl\u00f3ry<br \/>\nCandida albicans je prirodzene sa vyskytuj\u00faca kvasinka, ktor\u00e1 sa zvy\u010dajne nach\u00e1dza v \u010drev\u00e1ch ako s\u00fa\u010das\u0165 norm\u00e1lnej \u010drevnej fl\u00f3ry. Candida Support je kombin\u00e1ciou tradi\u010dn\u00fdch rastlinn\u00fdch zlo\u017eiek (Pau D'Arco, olej z \u010dierneho orecha a oregana), biot\u00ednu (vitam\u00edn B-komplexu) a kyseliny kaprylovej (prirodzene sa vyskytuj\u00faca mastn\u00e1 kyselina poch\u00e1dzaj\u00faca z rastlinn\u00fdch olejov), ktor\u00e9 m\u00f4\u017eu pom\u00f4c\u0165 podpori\u0165 zdrav\u00fa rovnov\u00e1hu \u010drevn\u00fdch bakt\u00e9ri\u00ed. Hoci Candida Support nie je ur\u010den\u00fd na odstr\u00e1nenie Candida albicans z \u010driev, m\u00f4\u017ee pom\u00f4c\u0165 podpori\u0165 zdrav\u00fa rovnov\u00e1hu \u010drevnej fl\u00f3ry.<\/p>","protected":false},"excerpt":{"rendered":"<p>Veg\u00e1nsky v\u00fd\u017eivov\u00fd doplnok NOW Foods Candida Support obsahuje v\u00fd\u0165a\u017eky z oregana a \u010dierneho orecha na podporu zdravej \u010drevnej fl\u00f3ry. Skvel\u00fd pomocn\u00edk pri nadmernom v\u00fdskyte kandidy v \u010drev\u00e1ch alebo \u017eensk\u00fdch org\u00e1noch. Balenie obsahuje: 180 kaps\u00fal. Bez lepku, bez GMO.<\/p>","protected":false},"featured_media":51597,"comment_status":"closed","ping_status":"closed","template":"","meta":{"advanced_seo_description":"","jetpack_seo_html_title":"","jetpack_seo_noindex":false},"pwb-brand":[173],"product_brand":[4580],"product_cat":[596],"product_tag":[1169,1314,1315],"class_list":{"0":"post-3374","1":"product","2":"type-product","3":"status-publish","4":"has-post-thumbnail","6":"pwb-brand-now-foods","7":"product_brand-now-foods","8":"product_cat-digestion","9":"product_tag-balanced-ph","10":"product_tag-candida","11":"product_tag-female-organs","12":"brand_woo-now-foods","14":"first","15":"instock","16":"taxable","17":"shipping-taxable","18":"purchasable","19":"product-type-simple"},"jetpack_sharing_enabled":true,"brands":[{"id":173,"name":"NOW Foods","slug":"now-foods"}],"_links":{"self":[{"href":"https:\/\/veganova.eu\/sk\/wp-json\/wp\/v2\/product\/3374","targetHints":{"allow":["GET"]}}],"collection":[{"href":"https:\/\/veganova.eu\/sk\/wp-json\/wp\/v2\/product"}],"about":[{"href":"https:\/\/veganova.eu\/sk\/wp-json\/wp\/v2\/types\/product"}],"replies":[{"embeddable":true,"href":"https:\/\/veganova.eu\/sk\/wp-json\/wp\/v2\/comments?post=3374"}],"version-history":[{"count":1,"href":"https:\/\/veganova.eu\/sk\/wp-json\/wp\/v2\/product\/3374\/revisions"}],"predecessor-version":[{"id":57808,"href":"https:\/\/veganova.eu\/sk\/wp-json\/wp\/v2\/product\/3374\/revisions\/57808"}],"wp:featuredmedia":[{"embeddable":true,"href":"https:\/\/veganova.eu\/sk\/wp-json\/wp\/v2\/media\/51597"}],"wp:attachment":[{"href":"https:\/\/veganova.eu\/sk\/wp-json\/wp\/v2\/media?parent=3374"}],"wp:term":[{"taxonomy":"pwb-brand","embeddable":true,"href":"https:\/\/veganova.eu\/sk\/wp-json\/wp\/v2\/pwb-brand?post=3374"},{"taxonomy":"product_brand","embeddable":true,"href":"https:\/\/veganova.eu\/sk\/wp-json\/wp\/v2\/product_brand?post=3374"},{"taxonomy":"product_cat","embeddable":true,"href":"https:\/\/veganova.eu\/sk\/wp-json\/wp\/v2\/product_cat?post=3374"},{"taxonomy":"product_tag","embeddable":true,"href":"https:\/\/veganova.eu\/sk\/wp-json\/wp\/v2\/product_tag?post=3374"}],"curies":[{"name":"wp","href":"https:\/\/api.w.org\/{rel}","templated":true}]}}