{"id":3384,"date":"2023-10-01T17:05:14","date_gmt":"2023-10-01T15:05:14","guid":{"rendered":"https:\/\/veganova.eu\/?post_type=product&#038;p=3384"},"modified":"2026-04-21T07:24:01","modified_gmt":"2026-04-21T05:24:01","slug":"now-foods-chitosan-500mg-plus-chromium-240-kaps","status":"publish","type":"product","link":"https:\/\/veganova.eu\/sk\/shop\/now-foods-chitosan-500mg-plus-chromium-240-kaps\/","title":{"rendered":"NOW Foods Chitosan, 500 mg Plus Chr\u00f3m (240 kaps\u00fal)"},"content":{"rendered":"<h3>NOW Foods Chitosan<\/h3>\n<ul>\n<li>Super absorpcia tuku<\/li>\n<li>Podporuje hladinu cholesterolu, ktor\u00e1 je u\u017e v zdravom rozmedz\u00ed<\/li>\n<li>Chitosan je polysacharid, ktor\u00fd sa v tr\u00e1viacom trakte dok\u00e1\u017ee viaza\u0165 na tuk a cholesterol, \u010d\u00edm pom\u00e1ha udr\u017eiava\u0165 hladinu cholesterolu v zdravom rozmedz\u00ed.<\/li>\n<li>NOW Chitosan obsahuje LipoSan ULTRA, patentovan\u00fa formu chitosanu s vysokou hustotou, ktor\u00e1 v laborat\u00f3rnych testoch via\u017ee a\u017e p\u00e4\u0165kr\u00e1t viac tuku ako be\u017en\u00fd chitosan.<\/li>\n<li>Klinick\u00e1 \u0161t\u00fadia preuk\u00e1zala, \u017ee LipoSan ULTRA m\u00f4\u017ee pom\u00f4c\u0165 podpori\u0165 zdrav\u00fa telesn\u00fa hmotnos\u0165.<\/li>\n<li>Chr\u00f3m, miner\u00e1lna l\u00e1tka nevyhnutn\u00e1 pre norm\u00e1lny metabolizmus gluk\u00f3zy, je s\u00fa\u010das\u0165ou tohto pr\u00edpravku.<\/li>\n<\/ul>","protected":false},"excerpt":{"rendered":"<p>Vegan nutritional supplement NOW Foods Chitosan, 500mg Plus Chromium is suitable for weight loss support, balanced blood sugar level and metabolism of fats and carbohydrates. The package contains: 240 capsules. Gluten-free, GMO-free.<\/p>","protected":false},"featured_media":51450,"comment_status":"closed","ping_status":"closed","template":"","meta":{"advanced_seo_description":"","jetpack_seo_html_title":"","jetpack_seo_noindex":false},"pwb-brand":[173],"product_brand":[4580],"product_cat":[267,143,177],"product_tag":[1319,1171,1097,1059,1318],"class_list":{"0":"post-3384","1":"product","2":"type-product","3":"status-publish","4":"has-post-thumbnail","6":"pwb-brand-now-foods","7":"product_brand-now-foods","8":"product_cat-for-women","9":"product_cat-health-issues","10":"product_cat-weight-loss","11":"product_tag-balanced-blood-sugar","12":"product_tag-carbs-metabolism","13":"product_tag-fat-metabolism","14":"product_tag-healthy-metabolism","15":"product_tag-weight-loss","16":"brand_woo-now-foods","18":"first","19":"instock","20":"sale","21":"taxable","22":"shipping-taxable","23":"purchasable","24":"product-type-simple"},"jetpack_sharing_enabled":true,"brands":[{"id":173,"name":"NOW Foods","slug":"now-foods"}],"_links":{"self":[{"href":"https:\/\/veganova.eu\/sk\/wp-json\/wp\/v2\/product\/3384","targetHints":{"allow":["GET"]}}],"collection":[{"href":"https:\/\/veganova.eu\/sk\/wp-json\/wp\/v2\/product"}],"about":[{"href":"https:\/\/veganova.eu\/sk\/wp-json\/wp\/v2\/types\/product"}],"replies":[{"embeddable":true,"href":"https:\/\/veganova.eu\/sk\/wp-json\/wp\/v2\/comments?post=3384"}],"version-history":[{"count":1,"href":"https:\/\/veganova.eu\/sk\/wp-json\/wp\/v2\/product\/3384\/revisions"}],"predecessor-version":[{"id":57817,"href":"https:\/\/veganova.eu\/sk\/wp-json\/wp\/v2\/product\/3384\/revisions\/57817"}],"wp:featuredmedia":[{"embeddable":true,"href":"https:\/\/veganova.eu\/sk\/wp-json\/wp\/v2\/media\/51450"}],"wp:attachment":[{"href":"https:\/\/veganova.eu\/sk\/wp-json\/wp\/v2\/media?parent=3384"}],"wp:term":[{"taxonomy":"pwb-brand","embeddable":true,"href":"https:\/\/veganova.eu\/sk\/wp-json\/wp\/v2\/pwb-brand?post=3384"},{"taxonomy":"product_brand","embeddable":true,"href":"https:\/\/veganova.eu\/sk\/wp-json\/wp\/v2\/product_brand?post=3384"},{"taxonomy":"product_cat","embeddable":true,"href":"https:\/\/veganova.eu\/sk\/wp-json\/wp\/v2\/product_cat?post=3384"},{"taxonomy":"product_tag","embeddable":true,"href":"https:\/\/veganova.eu\/sk\/wp-json\/wp\/v2\/product_tag?post=3384"}],"curies":[{"name":"wp","href":"https:\/\/api.w.org\/{rel}","templated":true}]}}