{"id":3386,"date":"2023-10-01T17:05:15","date_gmt":"2023-10-01T15:05:15","guid":{"rendered":"https:\/\/veganova.eu\/?post_type=product&#038;p=3386"},"modified":"2026-04-21T07:24:01","modified_gmt":"2026-04-21T05:24:01","slug":"now-foods-chlorella-1000mg-60-tab","status":"publish","type":"product","link":"https:\/\/veganova.eu\/sk\/shop\/now-foods-chlorella-1000mg-60-tab\/","title":{"rendered":"NOW Foods Chlorella, 1000 mg (60 tab)"},"content":{"rendered":"<h3>NOW Foods Chlorella<\/h3>\n<ul>\n<li>Chlorella je zelen\u00e1 jednobunkov\u00e1 mikroriasa, ktor\u00e1 obsahuje prirodzen\u00fd chlorofyl, betakarot\u00e9n, zmie\u0161an\u00e9 karotenoidy, vitam\u00edn C, \u017eelezo a bielkoviny.<\/li>\n<li>Bunkov\u00e1 stena tejto vysokokvalitnej chlorelly bola mechanicky rozbit\u00e1, aby sa podporila jej str\u00e1vite\u013enos\u0165.<\/li>\n<\/ul>","protected":false},"excerpt":{"rendered":"<p>Veg\u00e1nsky v\u00fd\u017eivov\u00fd doplnok NOW Foods Chlorella, 1000 mg je zelen\u00e1 superpotravina bohat\u00e1 na chlorofyl, kartenoidy, vitam\u00edn C, \u017eelezo a bielkoviny. Pom\u00e1ha tie\u017e pri probl\u00e9moch s tr\u00e1ven\u00edm a via\u017ee tox\u00edny a \u0165a\u017ek\u00e9 kovy. Balenie obsahuje: 60 tabliet. Bez lepku, bez GMO.<\/p>","protected":false},"featured_media":51635,"comment_status":"closed","ping_status":"closed","template":"","meta":{"advanced_seo_description":"","jetpack_seo_html_title":"","jetpack_seo_noindex":false},"pwb-brand":[173],"product_brand":[4580],"product_cat":[2592,2600,149],"product_tag":[599,601,602,603],"class_list":{"0":"post-3386","1":"product","2":"type-product","3":"status-publish","4":"has-post-thumbnail","6":"pwb-brand-now-foods","7":"product_brand-now-foods","8":"product_cat-detox","9":"product_cat-inflammation","10":"product_cat-superfoods","11":"product_tag-gluten-free","12":"product_tag-non-gmo","13":"product_tag-vegan","14":"product_tag-vege","15":"brand_woo-now-foods","17":"first","18":"instock","19":"taxable","20":"shipping-taxable","21":"purchasable","22":"product-type-simple"},"jetpack_sharing_enabled":true,"brands":[{"id":173,"name":"NOW Foods","slug":"now-foods"}],"_links":{"self":[{"href":"https:\/\/veganova.eu\/sk\/wp-json\/wp\/v2\/product\/3386","targetHints":{"allow":["GET"]}}],"collection":[{"href":"https:\/\/veganova.eu\/sk\/wp-json\/wp\/v2\/product"}],"about":[{"href":"https:\/\/veganova.eu\/sk\/wp-json\/wp\/v2\/types\/product"}],"replies":[{"embeddable":true,"href":"https:\/\/veganova.eu\/sk\/wp-json\/wp\/v2\/comments?post=3386"}],"version-history":[{"count":1,"href":"https:\/\/veganova.eu\/sk\/wp-json\/wp\/v2\/product\/3386\/revisions"}],"predecessor-version":[{"id":57819,"href":"https:\/\/veganova.eu\/sk\/wp-json\/wp\/v2\/product\/3386\/revisions\/57819"}],"wp:featuredmedia":[{"embeddable":true,"href":"https:\/\/veganova.eu\/sk\/wp-json\/wp\/v2\/media\/51635"}],"wp:attachment":[{"href":"https:\/\/veganova.eu\/sk\/wp-json\/wp\/v2\/media?parent=3386"}],"wp:term":[{"taxonomy":"pwb-brand","embeddable":true,"href":"https:\/\/veganova.eu\/sk\/wp-json\/wp\/v2\/pwb-brand?post=3386"},{"taxonomy":"product_brand","embeddable":true,"href":"https:\/\/veganova.eu\/sk\/wp-json\/wp\/v2\/product_brand?post=3386"},{"taxonomy":"product_cat","embeddable":true,"href":"https:\/\/veganova.eu\/sk\/wp-json\/wp\/v2\/product_cat?post=3386"},{"taxonomy":"product_tag","embeddable":true,"href":"https:\/\/veganova.eu\/sk\/wp-json\/wp\/v2\/product_tag?post=3386"}],"curies":[{"name":"wp","href":"https:\/\/api.w.org\/{rel}","templated":true}]}}