{"id":3391,"date":"2023-10-01T17:05:16","date_gmt":"2023-10-01T15:05:16","guid":{"rendered":"https:\/\/veganova.eu\/?post_type=product&#038;p=3391"},"modified":"2026-04-21T07:24:01","modified_gmt":"2026-04-21T05:24:01","slug":"now-foods-chromium-picolinate-200mcg-100-kaps","status":"publish","type":"product","link":"https:\/\/veganova.eu\/sk\/shop\/now-foods-chromium-picolinate-200mcg-100-kaps\/","title":{"rendered":"NOW Foods pikolin\u00e1t chr\u00f3mu, 200mcg (100 kaps\u00fal)"},"content":{"rendered":"<h3>NOW Foods pikolin\u00e1t chr\u00f3mu, 200mcg (100 kaps\u00fal)<\/h3>\n<p>Podporuje zdrav\u00fd metabolizmus gluk\u00f3zy.<br \/>\nChr\u00f3m je esenci\u00e1lny stopov\u00fd miner\u00e1l, ktor\u00fd je zn\u00e1my predov\u0161etk\u00fdm ako inzul\u00ednov\u00fd kofaktor. Chr\u00f3m je preto ve\u013emi d\u00f4le\u017eit\u00fd pre udr\u017eanie zdrav\u00e9ho metabolizmu gluk\u00f3zy a sacharidov; je v\u0161ak d\u00f4le\u017eit\u00fd aj pre vyu\u017eitie tukov a bielkov\u00edn. Vedeck\u00e9 \u0161t\u00fadie tie\u017e nazna\u010duj\u00fa, \u017ee m\u00f4\u017ee zohr\u00e1va\u0165 \u00falohu pri kardiovaskul\u00e1rnom zdrav\u00ed. Ako s\u00fa\u010das\u0165 zdravej stravy a pohybov\u00e9ho programu m\u00f4\u017ee pikolin\u00e1t chr\u00f3mu prispie\u0165 k udr\u017eaniu zdravej hladiny cukru v krvi, ktor\u00e1 je u\u017e v norm\u00e1lnom rozmedz\u00ed, a m\u00f4\u017ee tie\u017e prispie\u0165 k podpore zdrav\u00e9ho zlo\u017eenia tela.<\/p>","protected":false},"excerpt":{"rendered":"<p>Veg\u00e1nsky v\u00fd\u017eivov\u00fd doplnok NOW Foods Chromium Picolinate, 200mcg je vhodn\u00fd pre metabolizmus sacharidov, tukov, bielkov\u00edn a vyv\u00e1\u017een\u00fa hladinu cukru v krvi. Balenie obsahuje: 100 kaps\u00fal. Bez lepku, bez GMO.<\/p>","protected":false},"featured_media":51381,"comment_status":"closed","ping_status":"closed","template":"","meta":{"advanced_seo_description":"","jetpack_seo_html_title":"","jetpack_seo_noindex":false},"pwb-brand":[173],"product_brand":[4580],"product_cat":[267,143,177],"product_tag":[1171,1097,1204,1059,1318],"class_list":{"0":"post-3391","1":"product","2":"type-product","3":"status-publish","4":"has-post-thumbnail","6":"pwb-brand-now-foods","7":"product_brand-now-foods","8":"product_cat-for-women","9":"product_cat-health-issues","10":"product_cat-weight-loss","11":"product_tag-carbs-metabolism","12":"product_tag-fat-metabolism","13":"product_tag-healthy-blood-sugar","14":"product_tag-healthy-metabolism","15":"product_tag-weight-loss","16":"brand_woo-now-foods","18":"first","19":"instock","20":"taxable","21":"shipping-taxable","22":"purchasable","23":"product-type-simple"},"jetpack_sharing_enabled":true,"brands":[{"id":173,"name":"NOW Foods","slug":"now-foods"}],"_links":{"self":[{"href":"https:\/\/veganova.eu\/sk\/wp-json\/wp\/v2\/product\/3391","targetHints":{"allow":["GET"]}}],"collection":[{"href":"https:\/\/veganova.eu\/sk\/wp-json\/wp\/v2\/product"}],"about":[{"href":"https:\/\/veganova.eu\/sk\/wp-json\/wp\/v2\/types\/product"}],"replies":[{"embeddable":true,"href":"https:\/\/veganova.eu\/sk\/wp-json\/wp\/v2\/comments?post=3391"}],"version-history":[{"count":1,"href":"https:\/\/veganova.eu\/sk\/wp-json\/wp\/v2\/product\/3391\/revisions"}],"predecessor-version":[{"id":57823,"href":"https:\/\/veganova.eu\/sk\/wp-json\/wp\/v2\/product\/3391\/revisions\/57823"}],"wp:featuredmedia":[{"embeddable":true,"href":"https:\/\/veganova.eu\/sk\/wp-json\/wp\/v2\/media\/51381"}],"wp:attachment":[{"href":"https:\/\/veganova.eu\/sk\/wp-json\/wp\/v2\/media?parent=3391"}],"wp:term":[{"taxonomy":"pwb-brand","embeddable":true,"href":"https:\/\/veganova.eu\/sk\/wp-json\/wp\/v2\/pwb-brand?post=3391"},{"taxonomy":"product_brand","embeddable":true,"href":"https:\/\/veganova.eu\/sk\/wp-json\/wp\/v2\/product_brand?post=3391"},{"taxonomy":"product_cat","embeddable":true,"href":"https:\/\/veganova.eu\/sk\/wp-json\/wp\/v2\/product_cat?post=3391"},{"taxonomy":"product_tag","embeddable":true,"href":"https:\/\/veganova.eu\/sk\/wp-json\/wp\/v2\/product_tag?post=3391"}],"curies":[{"name":"wp","href":"https:\/\/api.w.org\/{rel}","templated":true}]}}