{"id":3398,"date":"2023-10-01T17:05:20","date_gmt":"2023-10-01T15:05:20","guid":{"rendered":"https:\/\/veganova.eu\/?post_type=product&#038;p=3398"},"modified":"2026-04-21T07:24:01","modified_gmt":"2026-04-21T05:24:01","slug":"now-foods-coq10-30mg-120-kaps","status":"publish","type":"product","link":"https:\/\/veganova.eu\/sk\/shop\/now-foods-coq10-30mg-120-kaps\/","title":{"rendered":"NOW Foods CoQ10, 30 mg (120 kaps\u00fal)"},"content":{"rendered":"<h3>NOW Foods CoQ10 s hlohom<\/h3>\n<ul>\n<li>Produkcia bunkovej energie: S bobu\u013eami hlohu<\/li>\n<li>Koenz\u00fdm Q10 (CoQ10) je zl\u00fa\u010denina podobn\u00e1 vitam\u00ednu, ktor\u00e1 zohr\u00e1va hlavn\u00fa \u00falohu pri tvorbe bunkovej energie.<\/li>\n<li>CoQ10 sa nach\u00e1dza v celom tele, ale je koncentrovan\u00fd najm\u00e4 v srdci, pe\u010deni a obli\u010dk\u00e1ch, pri\u010dom sa zistilo, \u017ee jeho produkcia s vekom kles\u00e1.<\/li>\n<li>CoQ10 p\u00f4sob\u00ed ako siln\u00fd vychyt\u00e1va\u010d vo\u013en\u00fdch radik\u00e1lov v bunkov\u00fdch membr\u00e1nach aj v cievach.<\/li>\n<li>Dlhoro\u010dn\u00fd vedeck\u00fd v\u00fdskum preuk\u00e1zal, \u017ee CoQ10 pom\u00e1ha udr\u017eiava\u0165 zdrav\u00e9 srdce a cievny syst\u00e9m.<\/li>\n<\/ul>","protected":false},"excerpt":{"rendered":"<p>Vegan nutritional supplement NOW Foods CoQ10, 30mg is suitable for a healthy heart and vascular system. The package contains: 120 capsules. Gluten-free, GMO-free.<\/p>","protected":false},"featured_media":51527,"comment_status":"closed","ping_status":"closed","template":"","meta":{"advanced_seo_description":"","jetpack_seo_html_title":"","jetpack_seo_noindex":false},"pwb-brand":[173],"product_brand":[4580],"product_cat":[289,2591,152],"product_tag":[1159,1167,1235,1158,1133],"class_list":{"0":"post-3398","1":"product","2":"type-product","3":"status-publish","4":"has-post-thumbnail","6":"pwb-brand-now-foods","7":"product_brand-now-foods","8":"product_cat-heart-and-blood-vessels","9":"product_cat-liver","10":"product_cat-vitamins-and-minerals","11":"product_tag-aging","12":"product_tag-blood-vessels","13":"product_tag-free-radical-scavenger","14":"product_tag-heart","15":"product_tag-wrinkles","16":"brand_woo-now-foods","18":"first","19":"instock","20":"taxable","21":"shipping-taxable","22":"purchasable","23":"product-type-simple"},"jetpack_sharing_enabled":true,"brands":[{"id":173,"name":"NOW Foods","slug":"now-foods"}],"_links":{"self":[{"href":"https:\/\/veganova.eu\/sk\/wp-json\/wp\/v2\/product\/3398","targetHints":{"allow":["GET"]}}],"collection":[{"href":"https:\/\/veganova.eu\/sk\/wp-json\/wp\/v2\/product"}],"about":[{"href":"https:\/\/veganova.eu\/sk\/wp-json\/wp\/v2\/types\/product"}],"replies":[{"embeddable":true,"href":"https:\/\/veganova.eu\/sk\/wp-json\/wp\/v2\/comments?post=3398"}],"version-history":[{"count":1,"href":"https:\/\/veganova.eu\/sk\/wp-json\/wp\/v2\/product\/3398\/revisions"}],"predecessor-version":[{"id":57830,"href":"https:\/\/veganova.eu\/sk\/wp-json\/wp\/v2\/product\/3398\/revisions\/57830"}],"wp:featuredmedia":[{"embeddable":true,"href":"https:\/\/veganova.eu\/sk\/wp-json\/wp\/v2\/media\/51527"}],"wp:attachment":[{"href":"https:\/\/veganova.eu\/sk\/wp-json\/wp\/v2\/media?parent=3398"}],"wp:term":[{"taxonomy":"pwb-brand","embeddable":true,"href":"https:\/\/veganova.eu\/sk\/wp-json\/wp\/v2\/pwb-brand?post=3398"},{"taxonomy":"product_brand","embeddable":true,"href":"https:\/\/veganova.eu\/sk\/wp-json\/wp\/v2\/product_brand?post=3398"},{"taxonomy":"product_cat","embeddable":true,"href":"https:\/\/veganova.eu\/sk\/wp-json\/wp\/v2\/product_cat?post=3398"},{"taxonomy":"product_tag","embeddable":true,"href":"https:\/\/veganova.eu\/sk\/wp-json\/wp\/v2\/product_tag?post=3398"}],"curies":[{"name":"wp","href":"https:\/\/api.w.org\/{rel}","templated":true}]}}