{"id":3515,"date":"2023-10-01T17:06:12","date_gmt":"2023-10-01T15:06:12","guid":{"rendered":"https:\/\/veganova.eu\/?post_type=product&#038;p=3515"},"modified":"2026-04-21T07:24:09","modified_gmt":"2026-04-21T05:24:09","slug":"now-foods-iron-18mg-120-kaps","status":"publish","type":"product","link":"https:\/\/veganova.eu\/sk\/shop\/now-foods-iron-18mg-120-kaps\/","title":{"rendered":"NOW Foods \u017delezo, 18 mg (120 kaps\u00fal)"},"content":{"rendered":"<h3>NOW Foods \u017delezo<\/h3>\n<ul>\n<li>\u0160etrn\u00e9 a nezapch\u00e1vaj\u00face<\/li>\n<li>\u017delezo je z\u00e1kladn\u00fd miner\u00e1l, ktor\u00fd zohr\u00e1va k\u013e\u00fa\u010dov\u00fa \u00falohu pri produkcii energie, funkcii imunitn\u00e9ho syst\u00e9mu a neurologickom zdrav\u00ed.<\/li>\n<li>\u017delezo je z\u00e1kladnou zlo\u017ekou hemoglob\u00ednu, molekuly, ktor\u00e1 pren\u00e1\u0161a kysl\u00edk do buniek tela, a myoglob\u00ednu, ktor\u00fd via\u017ee kysl\u00edk vyu\u017e\u00edvan\u00fd vo svalov\u00fdch tkaniv\u00e1ch.<\/li>\n<li>NOW pou\u017e\u00edva Ferrochel Iron Bisglycinate, u ktor\u00e9ho bola klinicky preuk\u00e1zan\u00e1 vynikaj\u00faca absorpcia a je dobre zn\u00e1\u0161an\u00fd, preto\u017ee je \u0161etrn\u00fd a nesp\u00f4sobuje z\u00e1pchu.<\/li>\n<\/ul>","protected":false},"excerpt":{"rendered":"<p>Veg\u00e1nsky v\u00fd\u017eivov\u00fd doplnok NOW Foods \u017delezo 18 mg sa dod\u00e1va v \u013eahko str\u00e1vite\u013enej forme \u017eeleza. Balenie obsahuje: 120 kaps\u00fal. Bez lepku, bez cukru, bez GMO.<\/p>","protected":false},"featured_media":51578,"comment_status":"closed","ping_status":"closed","template":"","meta":{"advanced_seo_description":"","jetpack_seo_html_title":"","jetpack_seo_noindex":false},"pwb-brand":[173],"product_brand":[4580],"product_cat":[172,152],"product_tag":[1206,860,1117,1208,1207],"class_list":{"0":"post-3515","1":"product","2":"type-product","3":"status-publish","4":"has-post-thumbnail","6":"pwb-brand-now-foods","7":"product_brand-now-foods","8":"product_cat-minerals","9":"product_cat-vitamins-and-minerals","10":"product_tag-blood-production","11":"product_tag-energy","12":"product_tag-immunity","13":"product_tag-muscles","14":"product_tag-strength","15":"brand_woo-now-foods","17":"first","18":"instock","19":"taxable","20":"shipping-taxable","21":"purchasable","22":"product-type-simple"},"jetpack_sharing_enabled":true,"brands":[{"id":173,"name":"NOW Foods","slug":"now-foods"}],"_links":{"self":[{"href":"https:\/\/veganova.eu\/sk\/wp-json\/wp\/v2\/product\/3515","targetHints":{"allow":["GET"]}}],"collection":[{"href":"https:\/\/veganova.eu\/sk\/wp-json\/wp\/v2\/product"}],"about":[{"href":"https:\/\/veganova.eu\/sk\/wp-json\/wp\/v2\/types\/product"}],"replies":[{"embeddable":true,"href":"https:\/\/veganova.eu\/sk\/wp-json\/wp\/v2\/comments?post=3515"}],"version-history":[{"count":1,"href":"https:\/\/veganova.eu\/sk\/wp-json\/wp\/v2\/product\/3515\/revisions"}],"predecessor-version":[{"id":57932,"href":"https:\/\/veganova.eu\/sk\/wp-json\/wp\/v2\/product\/3515\/revisions\/57932"}],"wp:featuredmedia":[{"embeddable":true,"href":"https:\/\/veganova.eu\/sk\/wp-json\/wp\/v2\/media\/51578"}],"wp:attachment":[{"href":"https:\/\/veganova.eu\/sk\/wp-json\/wp\/v2\/media?parent=3515"}],"wp:term":[{"taxonomy":"pwb-brand","embeddable":true,"href":"https:\/\/veganova.eu\/sk\/wp-json\/wp\/v2\/pwb-brand?post=3515"},{"taxonomy":"product_brand","embeddable":true,"href":"https:\/\/veganova.eu\/sk\/wp-json\/wp\/v2\/product_brand?post=3515"},{"taxonomy":"product_cat","embeddable":true,"href":"https:\/\/veganova.eu\/sk\/wp-json\/wp\/v2\/product_cat?post=3515"},{"taxonomy":"product_tag","embeddable":true,"href":"https:\/\/veganova.eu\/sk\/wp-json\/wp\/v2\/product_tag?post=3515"}],"curies":[{"name":"wp","href":"https:\/\/api.w.org\/{rel}","templated":true}]}}